{"id":8835,"date":"2021-05-26T20:56:37","date_gmt":"2021-05-26T19:56:37","guid":{"rendered":"https:\/\/www.springclassic.cz\/?page_id=8835"},"modified":"2022-04-03T19:10:22","modified_gmt":"2022-04-03T18:10:22","slug":"trasa-2021","status":"publish","type":"page","link":"https:\/\/www.springclassic.cz\/en\/trasa-2021\/","title":{"rendered":"Route 2021"},"content":{"rendered":"<p><\/p>\n\n\n\n<h3 class=\"wp-block-heading\">2nd Spring Classic (235 km)<\/h3>\n\n\n\n<p><strong>Saturday, June 5, 2021<\/strong><\/p>\n\n\n\n<p>10:00  Jind\u0159ich\u016fv Hradec, square &#8211; START<br>10:05  Buk<br>10:07  Matn\u00e1<br>10:09  Ratibo\u0159<br>10:11  Rose\u010d<br>10:13  Stajka<br>10:16  Hat\u00edn<br>10:19  Plavsko<br>10:22  Str\u00e1\u017e nad Ne\u017e\u00e1rkou, square &#8211; TEST<br>10:26  Doln\u00ed Lhota<br>10:28  L\u00e1senice<br>10:38  Sedlo<br>10:41  Nov\u00fd Voj\u00ed\u0159ov<br>10:44  Smr\u010dn\u00e1<br>10:50  Nov\u00e1 Byst\u0159ice, museum of American classic cars &#8211; 25 minutes<br>11:21  Kl\u00e1\u0161ter I<br>11:23  Kl\u00e1\u0161ter II<br>11:29  Podles\u00ed<br>11:30  Star\u00e9 M\u011bsto pod Land\u0161tejnem<br>11:34  Land\u0161tejn<br>11:41  Blato<br>11:44  Klenov\u00e1<br>11:48  Kaproun<br>11:55  Kun\u017eak, square &#8211; TEST<br>12:00  St\u0159\u00ed\u017eovice<br>12:03  Budkov<br>12:07  Strmilov<br>12:15  \u010cesk\u00e1 Ole\u0161n\u00e1<br>12:19  Popel\u00edn<br>12:24  \u017dirovnice, castle &#8211; TEST<br>12:31  Strann\u00e1<br>12:34  Rodinov<br>12:40  Kamenice nad Lipou, brewery &#8211; 45 minutes<br>13:28  Antonka<br>13:31  Pelec<br>13:35  \u010castrov<br>13:39  Ctibo\u0159<br>13:45  Po\u010d\u00e1tky, square &#8211; TEST<br>13:52  Poles\u00ed<br>13:55  B\u011bl\u00e1<br>13:58  H\u0159\u00edb\u011bc\u00ed<br>14:03  Horn\u00ed Cerekev, house of culture &#8211; TEST<br>14:11  Nov\u00e1 Ves<br>14:20  \u0158\u00eddelov<br>14:22  Van\u016fvek<br>14:30  Tel\u010d, square &#8211; 10 minutes<br>14:45  Horn\u00ed Myslov\u00e1<br>14:49  Mysletice<br>14:53  Prost\u0159edn\u00ed Vyd\u0159\u00ed<br>14:57  Kosteln\u00ed Vyd\u0159\u00ed<br>15:05  Da\u010dice, square &#8211; TEST<br>15:09  Hradi\u0161\u0165ko<br>15:13  Vnorovice<br>15:16  Star\u00e9 Hobz\u00ed<br>15:24  Slavonice, square &#8211; TEST<br>15:32  Nov\u00e1 Ves<br>15:35  \u010cesk\u00fd Rudolec, castle &#8211; 25 minutes<br>16:06  Mat\u011bjovec<br>16:16  Klenov\u00e1<br>16:19  Senot\u00edn<br>16:24  Dobr\u00e1 Voda<br>16:30  Kun\u011bjov \/ \u010clunek &#8211; TEST<br>16:43  Ot\u00edn<br>16:55  Jind\u0159ich\u016fv Hradec, square &#8211; FINISH<\/p>\n\n\n\n<p><\/p>","protected":false},"excerpt":{"rendered":"<p>2nd Spring Classic (235 km) Saturday, June 5, 2021 10:00 Jind\u0159ich\u016fv Hradec, square &#8211; START10:05 Buk10:07 Matn\u00e110:09 Ratibo\u015910:11 Rose\u010d10:13 Stajka10:16 Hat\u00edn10:19 Plavsko10:22 Str\u00e1\u017e nad Ne\u017e\u00e1rkou, square &#8211; TEST10:26 Doln\u00ed Lhota10:28 L\u00e1senice10:38 Sedlo10:41 Nov\u00fd Voj\u00ed\u0159ov10:44 Smr\u010dn\u00e110:50 Nov\u00e1 Byst\u0159ice, museum of American classic cars &#8211; 25 minutes11:21 Kl\u00e1\u0161ter I11:23 Kl\u00e1\u0161ter II11:29 Podles\u00ed11:30 Star\u00e9 M\u011bsto pod Land\u0161tejnem11:34 Land\u0161tejn11:41 [&hellip;]<\/p>\n","protected":false},"author":2,"featured_media":0,"parent":0,"menu_order":0,"comment_status":"closed","ping_status":"closed","template":"","meta":{"_acf_changed":false,"ngg_post_thumbnail":0,"footnotes":""},"class_list":["post-8835","page","type-page","status-publish","hentry"],"acf":[],"yoast_head":"<!-- This site is optimized with the Yoast SEO plugin v27.5 - https:\/\/yoast.com\/product\/yoast-seo-wordpress\/ -->\n<title>Route 2021 - Spring Classic<\/title>\n<meta name=\"robots\" content=\"index, follow, max-snippet:-1, max-image-preview:large, max-video-preview:-1\" \/>\n<link rel=\"canonical\" href=\"https:\/\/www.springclassic.cz\/trasa-2021\/\" \/>\n<meta property=\"og:locale\" content=\"en_US\" \/>\n<meta property=\"og:type\" content=\"article\" \/>\n<meta property=\"og:title\" content=\"[:cs]Trasa sout\u011b\u017ee 2021[:de]Rallye-Route 2021[:en]Route 2021[:] - Spring Classic\" \/>\n<meta property=\"og:description\" content=\"2nd Spring Classic (235 km) Saturday, June 5, 2021 10:00 Jind\u0159ich\u016fv Hradec, square &#8211; START10:05 Buk10:07 Matn\u00e110:09 Ratibo\u015910:11 Rose\u010d10:13 Stajka10:16 Hat\u00edn10:19 Plavsko10:22 Str\u00e1\u017e nad Ne\u017e\u00e1rkou, square &#8211; TEST10:26 Doln\u00ed Lhota10:28 L\u00e1senice10:38 Sedlo10:41 Nov\u00fd Voj\u00ed\u0159ov10:44 Smr\u010dn\u00e110:50 Nov\u00e1 Byst\u0159ice, museum of American classic cars &#8211; 25 minutes11:21 Kl\u00e1\u0161ter I11:23 Kl\u00e1\u0161ter II11:29 Podles\u00ed11:30 Star\u00e9 M\u011bsto pod Land\u0161tejnem11:34 Land\u0161tejn11:41 [&hellip;]\" \/>\n<meta property=\"og:url\" content=\"https:\/\/www.springclassic.cz\/trasa-2021\/\" \/>\n<meta property=\"og:site_name\" content=\"Spring Classic\" \/>\n<meta property=\"article:modified_time\" content=\"2022-04-03T18:10:22+00:00\" \/>\n<meta name=\"twitter:card\" content=\"summary_large_image\" \/>\n<meta name=\"twitter:label1\" content=\"Est. reading time\" \/>\n\t<meta name=\"twitter:data1\" content=\"4 minutes\" \/>\n<script type=\"application\/ld+json\" class=\"yoast-schema-graph\">{\"@context\":\"https:\\\/\\\/schema.org\",\"@graph\":[{\"@type\":\"WebPage\",\"@id\":\"https:\\\/\\\/www.springclassic.cz\\\/trasa-2021\\\/\",\"url\":\"https:\\\/\\\/www.springclassic.cz\\\/trasa-2021\\\/\",\"name\":\"[:cs]Trasa sout\u011b\u017ee 2021[:de]Rallye-Route 2021[:en]Route 2021[:] - Spring Classic\",\"isPartOf\":{\"@id\":\"https:\\\/\\\/www.springclassic.cz\\\/#website\"},\"datePublished\":\"2021-05-26T19:56:37+00:00\",\"dateModified\":\"2022-04-03T18:10:22+00:00\",\"breadcrumb\":{\"@id\":\"https:\\\/\\\/www.springclassic.cz\\\/trasa-2021\\\/#breadcrumb\"},\"inLanguage\":\"en-US\",\"potentialAction\":[{\"@type\":\"ReadAction\",\"target\":[\"https:\\\/\\\/www.springclassic.cz\\\/trasa-2021\\\/\"]}]},{\"@type\":\"BreadcrumbList\",\"@id\":\"https:\\\/\\\/www.springclassic.cz\\\/trasa-2021\\\/#breadcrumb\",\"itemListElement\":[{\"@type\":\"ListItem\",\"position\":1,\"name\":\"Dom\u016f\",\"item\":\"https:\\\/\\\/www.springclassic.cz\\\/\"},{\"@type\":\"ListItem\",\"position\":2,\"name\":\"Trasa sout\u011b\u017ee 2021\"}]},{\"@type\":\"WebSite\",\"@id\":\"https:\\\/\\\/www.springclassic.cz\\\/#website\",\"url\":\"https:\\\/\\\/www.springclassic.cz\\\/\",\"name\":\"Spring Classic\",\"description\":\"Spring Classic\",\"potentialAction\":[{\"@type\":\"SearchAction\",\"target\":{\"@type\":\"EntryPoint\",\"urlTemplate\":\"https:\\\/\\\/www.springclassic.cz\\\/?s={search_term_string}\"},\"query-input\":{\"@type\":\"PropertyValueSpecification\",\"valueRequired\":true,\"valueName\":\"search_term_string\"}}],\"inLanguage\":\"en-US\"}]}<\/script>\n<!-- \/ Yoast SEO plugin. -->","yoast_head_json":{"title":"[:cs]Trasa sout\u011b\u017ee 2021[:de]Rallye-Route 2021[:en]Route 2021[:] - Spring Classic","robots":{"index":"index","follow":"follow","max-snippet":"max-snippet:-1","max-image-preview":"max-image-preview:large","max-video-preview":"max-video-preview:-1"},"canonical":"https:\/\/www.springclassic.cz\/trasa-2021\/","og_locale":"en_US","og_type":"article","og_title":"[:cs]Trasa sout\u011b\u017ee 2021[:de]Rallye-Route 2021[:en]Route 2021[:] - Spring Classic","og_description":"2nd Spring Classic (235 km) Saturday, June 5, 2021 10:00 Jind\u0159ich\u016fv Hradec, square &#8211; START10:05 Buk10:07 Matn\u00e110:09 Ratibo\u015910:11 Rose\u010d10:13 Stajka10:16 Hat\u00edn10:19 Plavsko10:22 Str\u00e1\u017e nad Ne\u017e\u00e1rkou, square &#8211; TEST10:26 Doln\u00ed Lhota10:28 L\u00e1senice10:38 Sedlo10:41 Nov\u00fd Voj\u00ed\u0159ov10:44 Smr\u010dn\u00e110:50 Nov\u00e1 Byst\u0159ice, museum of American classic cars &#8211; 25 minutes11:21 Kl\u00e1\u0161ter I11:23 Kl\u00e1\u0161ter II11:29 Podles\u00ed11:30 Star\u00e9 M\u011bsto pod Land\u0161tejnem11:34 Land\u0161tejn11:41 [&hellip;]","og_url":"https:\/\/www.springclassic.cz\/trasa-2021\/","og_site_name":"Spring Classic","article_modified_time":"2022-04-03T18:10:22+00:00","twitter_card":"summary_large_image","twitter_misc":{"Est. reading time":"4 minutes"},"schema":{"@context":"https:\/\/schema.org","@graph":[{"@type":"WebPage","@id":"https:\/\/www.springclassic.cz\/trasa-2021\/","url":"https:\/\/www.springclassic.cz\/trasa-2021\/","name":"[:cs]Trasa sout\u011b\u017ee 2021[:de]Rallye-Route 2021[:en]Route 2021[:] - Spring Classic","isPartOf":{"@id":"https:\/\/www.springclassic.cz\/#website"},"datePublished":"2021-05-26T19:56:37+00:00","dateModified":"2022-04-03T18:10:22+00:00","breadcrumb":{"@id":"https:\/\/www.springclassic.cz\/trasa-2021\/#breadcrumb"},"inLanguage":"en-US","potentialAction":[{"@type":"ReadAction","target":["https:\/\/www.springclassic.cz\/trasa-2021\/"]}]},{"@type":"BreadcrumbList","@id":"https:\/\/www.springclassic.cz\/trasa-2021\/#breadcrumb","itemListElement":[{"@type":"ListItem","position":1,"name":"Dom\u016f","item":"https:\/\/www.springclassic.cz\/"},{"@type":"ListItem","position":2,"name":"Trasa sout\u011b\u017ee 2021"}]},{"@type":"WebSite","@id":"https:\/\/www.springclassic.cz\/#website","url":"https:\/\/www.springclassic.cz\/","name":"Spring Classic","description":"Spring Classic","potentialAction":[{"@type":"SearchAction","target":{"@type":"EntryPoint","urlTemplate":"https:\/\/www.springclassic.cz\/?s={search_term_string}"},"query-input":{"@type":"PropertyValueSpecification","valueRequired":true,"valueName":"search_term_string"}}],"inLanguage":"en-US"}]}},"_links":{"self":[{"href":"https:\/\/www.springclassic.cz\/en\/wp-json\/wp\/v2\/pages\/8835","targetHints":{"allow":["GET"]}}],"collection":[{"href":"https:\/\/www.springclassic.cz\/en\/wp-json\/wp\/v2\/pages"}],"about":[{"href":"https:\/\/www.springclassic.cz\/en\/wp-json\/wp\/v2\/types\/page"}],"author":[{"embeddable":true,"href":"https:\/\/www.springclassic.cz\/en\/wp-json\/wp\/v2\/users\/2"}],"replies":[{"embeddable":true,"href":"https:\/\/www.springclassic.cz\/en\/wp-json\/wp\/v2\/comments?post=8835"}],"version-history":[{"count":5,"href":"https:\/\/www.springclassic.cz\/en\/wp-json\/wp\/v2\/pages\/8835\/revisions"}],"predecessor-version":[{"id":10033,"href":"https:\/\/www.springclassic.cz\/en\/wp-json\/wp\/v2\/pages\/8835\/revisions\/10033"}],"wp:attachment":[{"href":"https:\/\/www.springclassic.cz\/en\/wp-json\/wp\/v2\/media?parent=8835"}],"curies":[{"name":"wp","href":"https:\/\/api.w.org\/{rel}","templated":true}]}}