{"id":6117,"date":"2019-10-10T06:00:40","date_gmt":"2019-10-10T05:00:40","guid":{"rendered":"https:\/\/www.springclassic.cz\/?page_id=6117"},"modified":"2025-11-25T12:21:00","modified_gmt":"2025-11-25T11:21:00","slug":"sponzoring","status":"publish","type":"page","link":"https:\/\/www.springclassic.cz\/en\/sponzoring\/","title":{"rendered":"Nab\u00eddka sponzoringu VII. Spring Classic 2026"},"content":{"rendered":"<p class=\"qtranxs-available-languages-message qtranxs-available-languages-message-en\">Sorry, this entry is only available in <a href=\"https:\/\/www.springclassic.cz\/cs\/wp-json\/wp\/v2\/pages\/6117\" class=\"qtranxs-available-language-link qtranxs-available-language-link-cs\" title=\"CZ\">CZ<\/a>.<\/p>","protected":false},"excerpt":{"rendered":"<p>Sorry, this entry is only available in CZ.<\/p>\n","protected":false},"author":2,"featured_media":0,"parent":0,"menu_order":0,"comment_status":"closed","ping_status":"closed","template":"","meta":{"_acf_changed":false,"ngg_post_thumbnail":0,"footnotes":""},"class_list":["post-6117","page","type-page","status-publish","hentry"],"acf":[],"yoast_head":"<!-- This site is optimized with the Yoast SEO plugin v27.5 - https:\/\/yoast.com\/product\/yoast-seo-wordpress\/ -->\n<title>Nab\u00eddka sponzoringu V. Spring Classic 2024<\/title>\n<meta name=\"description\" content=\"Vyberte si n\u011bkter\u00fd ze sponzorsk\u00fdch bal\u00ed\u010dk\u016f a zviditeln\u011bte svou firmu p\u0159i V. Spring Classic 2023.\" \/>\n<meta name=\"robots\" content=\"index, follow, max-snippet:-1, max-image-preview:large, max-video-preview:-1\" \/>\n<link rel=\"canonical\" href=\"https:\/\/www.springclassic.cz\/sponzoring\/\" \/>\n<meta property=\"og:locale\" content=\"en_US\" \/>\n<meta property=\"og:type\" content=\"article\" \/>\n<meta property=\"og:title\" content=\"Nab\u00eddka sponzoringu V. Spring Classic 2024\" \/>\n<meta property=\"og:description\" content=\"Vyberte si n\u011bkter\u00fd ze sponzorsk\u00fdch bal\u00ed\u010dk\u016f a zviditeln\u011bte svou firmu p\u0159i V. Spring Classic 2023.\" \/>\n<meta property=\"og:url\" content=\"https:\/\/www.springclassic.cz\/sponzoring\/\" \/>\n<meta property=\"og:site_name\" content=\"Spring Classic\" \/>\n<meta property=\"article:modified_time\" content=\"2025-11-25T11:21:00+00:00\" \/>\n<meta property=\"og:image\" content=\"https:\/\/www.springclassic.cz\/wp-content\/uploads\/2018\/12\/ck-motorsport_logo-modre.png\" \/>\n\t<meta property=\"og:image:width\" content=\"3072\" \/>\n\t<meta property=\"og:image:height\" content=\"627\" \/>\n\t<meta property=\"og:image:type\" content=\"image\/png\" \/>\n<meta name=\"twitter:card\" content=\"summary_large_image\" \/>\n<meta name=\"twitter:title\" content=\"Nab\u00eddka sponzoringu V. Spring Classic 2024\" \/>\n<meta name=\"twitter:description\" content=\"Vyberte si n\u011bkter\u00fd ze sponzorsk\u00fdch bal\u00ed\u010dk\u016f a zviditeln\u011bte svou firmu p\u0159i V. Spring Classic 2023.\" \/>\n<meta name=\"twitter:label1\" content=\"Est. reading time\" \/>\n\t<meta name=\"twitter:data1\" content=\"2 minutes\" \/>\n<script type=\"application\/ld+json\" class=\"yoast-schema-graph\">{\"@context\":\"https:\\\/\\\/schema.org\",\"@graph\":[{\"@type\":\"WebPage\",\"@id\":\"https:\\\/\\\/www.springclassic.cz\\\/sponzoring\\\/\",\"url\":\"https:\\\/\\\/www.springclassic.cz\\\/sponzoring\\\/\",\"name\":\"Nab\u00eddka sponzoringu V. Spring Classic 2024\",\"isPartOf\":{\"@id\":\"https:\\\/\\\/www.springclassic.cz\\\/#website\"},\"primaryImageOfPage\":{\"@id\":\"https:\\\/\\\/www.springclassic.cz\\\/sponzoring\\\/#primaryimage\"},\"image\":{\"@id\":\"https:\\\/\\\/www.springclassic.cz\\\/sponzoring\\\/#primaryimage\"},\"thumbnailUrl\":\"https:\\\/\\\/southbohemiaclassic.cz\\\/wp-content\\\/uploads\\\/2018\\\/12\\\/ck-motorsport_logo-modre-1024x209.png\",\"datePublished\":\"2019-10-10T05:00:40+00:00\",\"dateModified\":\"2025-11-25T11:21:00+00:00\",\"description\":\"Vyberte si n\u011bkter\u00fd ze sponzorsk\u00fdch bal\u00ed\u010dk\u016f a zviditeln\u011bte svou firmu p\u0159i V. Spring Classic 2023.\",\"breadcrumb\":{\"@id\":\"https:\\\/\\\/www.springclassic.cz\\\/sponzoring\\\/#breadcrumb\"},\"inLanguage\":\"en-US\",\"potentialAction\":[{\"@type\":\"ReadAction\",\"target\":[\"https:\\\/\\\/www.springclassic.cz\\\/sponzoring\\\/\"]}]},{\"@type\":\"ImageObject\",\"inLanguage\":\"en-US\",\"@id\":\"https:\\\/\\\/www.springclassic.cz\\\/sponzoring\\\/#primaryimage\",\"url\":\"https:\\\/\\\/southbohemiaclassic.cz\\\/wp-content\\\/uploads\\\/2018\\\/12\\\/ck-motorsport_logo-modre-1024x209.png\",\"contentUrl\":\"https:\\\/\\\/southbohemiaclassic.cz\\\/wp-content\\\/uploads\\\/2018\\\/12\\\/ck-motorsport_logo-modre-1024x209.png\"},{\"@type\":\"BreadcrumbList\",\"@id\":\"https:\\\/\\\/www.springclassic.cz\\\/sponzoring\\\/#breadcrumb\",\"itemListElement\":[{\"@type\":\"ListItem\",\"position\":1,\"name\":\"Dom\u016f\",\"item\":\"https:\\\/\\\/www.springclassic.cz\\\/\"},{\"@type\":\"ListItem\",\"position\":2,\"name\":\"Nab\u00eddka sponzoringu VII. Spring Classic 2026\"}]},{\"@type\":\"WebSite\",\"@id\":\"https:\\\/\\\/www.springclassic.cz\\\/#website\",\"url\":\"https:\\\/\\\/www.springclassic.cz\\\/\",\"name\":\"Spring Classic\",\"description\":\"Spring Classic\",\"potentialAction\":[{\"@type\":\"SearchAction\",\"target\":{\"@type\":\"EntryPoint\",\"urlTemplate\":\"https:\\\/\\\/www.springclassic.cz\\\/?s={search_term_string}\"},\"query-input\":{\"@type\":\"PropertyValueSpecification\",\"valueRequired\":true,\"valueName\":\"search_term_string\"}}],\"inLanguage\":\"en-US\"}]}<\/script>\n<!-- \/ Yoast SEO plugin. -->","yoast_head_json":{"title":"Nab\u00eddka sponzoringu V. Spring Classic 2024","description":"Vyberte si n\u011bkter\u00fd ze sponzorsk\u00fdch bal\u00ed\u010dk\u016f a zviditeln\u011bte svou firmu p\u0159i V. Spring Classic 2023.","robots":{"index":"index","follow":"follow","max-snippet":"max-snippet:-1","max-image-preview":"max-image-preview:large","max-video-preview":"max-video-preview:-1"},"canonical":"https:\/\/www.springclassic.cz\/sponzoring\/","og_locale":"en_US","og_type":"article","og_title":"Nab\u00eddka sponzoringu V. Spring Classic 2024","og_description":"Vyberte si n\u011bkter\u00fd ze sponzorsk\u00fdch bal\u00ed\u010dk\u016f a zviditeln\u011bte svou firmu p\u0159i V. Spring Classic 2023.","og_url":"https:\/\/www.springclassic.cz\/sponzoring\/","og_site_name":"Spring Classic","article_modified_time":"2025-11-25T11:21:00+00:00","og_image":[{"width":3072,"height":627,"url":"https:\/\/www.springclassic.cz\/wp-content\/uploads\/2018\/12\/ck-motorsport_logo-modre.png","type":"image\/png"}],"twitter_card":"summary_large_image","twitter_title":"Nab\u00eddka sponzoringu V. Spring Classic 2024","twitter_description":"Vyberte si n\u011bkter\u00fd ze sponzorsk\u00fdch bal\u00ed\u010dk\u016f a zviditeln\u011bte svou firmu p\u0159i V. Spring Classic 2023.","twitter_misc":{"Est. reading time":"2 minutes"},"schema":{"@context":"https:\/\/schema.org","@graph":[{"@type":"WebPage","@id":"https:\/\/www.springclassic.cz\/sponzoring\/","url":"https:\/\/www.springclassic.cz\/sponzoring\/","name":"Nab\u00eddka sponzoringu V. Spring Classic 2024","isPartOf":{"@id":"https:\/\/www.springclassic.cz\/#website"},"primaryImageOfPage":{"@id":"https:\/\/www.springclassic.cz\/sponzoring\/#primaryimage"},"image":{"@id":"https:\/\/www.springclassic.cz\/sponzoring\/#primaryimage"},"thumbnailUrl":"https:\/\/southbohemiaclassic.cz\/wp-content\/uploads\/2018\/12\/ck-motorsport_logo-modre-1024x209.png","datePublished":"2019-10-10T05:00:40+00:00","dateModified":"2025-11-25T11:21:00+00:00","description":"Vyberte si n\u011bkter\u00fd ze sponzorsk\u00fdch bal\u00ed\u010dk\u016f a zviditeln\u011bte svou firmu p\u0159i V. Spring Classic 2023.","breadcrumb":{"@id":"https:\/\/www.springclassic.cz\/sponzoring\/#breadcrumb"},"inLanguage":"en-US","potentialAction":[{"@type":"ReadAction","target":["https:\/\/www.springclassic.cz\/sponzoring\/"]}]},{"@type":"ImageObject","inLanguage":"en-US","@id":"https:\/\/www.springclassic.cz\/sponzoring\/#primaryimage","url":"https:\/\/southbohemiaclassic.cz\/wp-content\/uploads\/2018\/12\/ck-motorsport_logo-modre-1024x209.png","contentUrl":"https:\/\/southbohemiaclassic.cz\/wp-content\/uploads\/2018\/12\/ck-motorsport_logo-modre-1024x209.png"},{"@type":"BreadcrumbList","@id":"https:\/\/www.springclassic.cz\/sponzoring\/#breadcrumb","itemListElement":[{"@type":"ListItem","position":1,"name":"Dom\u016f","item":"https:\/\/www.springclassic.cz\/"},{"@type":"ListItem","position":2,"name":"Nab\u00eddka sponzoringu VII. Spring Classic 2026"}]},{"@type":"WebSite","@id":"https:\/\/www.springclassic.cz\/#website","url":"https:\/\/www.springclassic.cz\/","name":"Spring Classic","description":"Spring Classic","potentialAction":[{"@type":"SearchAction","target":{"@type":"EntryPoint","urlTemplate":"https:\/\/www.springclassic.cz\/?s={search_term_string}"},"query-input":{"@type":"PropertyValueSpecification","valueRequired":true,"valueName":"search_term_string"}}],"inLanguage":"en-US"}]}},"_links":{"self":[{"href":"https:\/\/www.springclassic.cz\/en\/wp-json\/wp\/v2\/pages\/6117","targetHints":{"allow":["GET"]}}],"collection":[{"href":"https:\/\/www.springclassic.cz\/en\/wp-json\/wp\/v2\/pages"}],"about":[{"href":"https:\/\/www.springclassic.cz\/en\/wp-json\/wp\/v2\/types\/page"}],"author":[{"embeddable":true,"href":"https:\/\/www.springclassic.cz\/en\/wp-json\/wp\/v2\/users\/2"}],"replies":[{"embeddable":true,"href":"https:\/\/www.springclassic.cz\/en\/wp-json\/wp\/v2\/comments?post=6117"}],"version-history":[{"count":6,"href":"https:\/\/www.springclassic.cz\/en\/wp-json\/wp\/v2\/pages\/6117\/revisions"}],"predecessor-version":[{"id":10927,"href":"https:\/\/www.springclassic.cz\/en\/wp-json\/wp\/v2\/pages\/6117\/revisions\/10927"}],"wp:attachment":[{"href":"https:\/\/www.springclassic.cz\/en\/wp-json\/wp\/v2\/media?parent=6117"}],"curies":[{"name":"wp","href":"https:\/\/api.w.org\/{rel}","templated":true}]}}