{"id":6009,"date":"2020-05-05T12:00:43","date_gmt":"2020-05-05T11:00:43","guid":{"rendered":"https:\/\/www.springclassic.cz\/?page_id=6009"},"modified":"2020-11-02T17:45:58","modified_gmt":"2020-11-02T16:45:58","slug":"program-2020","status":"publish","type":"page","link":"https:\/\/www.springclassic.cz\/en\/program-2020\/","title":{"rendered":"Programme 2020"},"content":{"rendered":"<p><\/p>\n<h3>Sunday, May 31, 2020<\/h3>\n<p><strong>24:00<\/strong><br \/>\nClosing entries<\/p>\n<hr>\n<h3>Friday, June 5, 2020<\/h3>\n<p><strong>18:00<\/strong><br \/>\nPre-Season Classic Party<br \/>\nVeteran season-opening, presentation of crews<br \/>\nP\u00edsek, <a href=\"http:\/\/www.navracenemladi.cz\/\" target=\"_blank\" rel=\"noopener noreferrer\">Restaurace Na Rozhledn\u011b<\/a><\/p>\n<hr>\n<h3>Saturday, June 6, 2020<\/h3>\n<p><strong>7:30 &#8211; 9:00<\/strong><br \/>\nPresentation of crews<br \/>\nP\u00edsek, <a href=\"https:\/\/www.autovinkler.cz\/\" target=\"_blank\" rel=\"noopener noreferrer\">Auto Vinkler<\/a><\/p>\n<p><strong>9:30<\/strong><br \/>\nDriver\u2019s briefing<br \/>\nP\u00edsek-Hradi\u0161t\u011b, <a href=\"https:\/\/mapy.cz\/s\/3v43m\" target=\"_blank\" rel=\"noopener noreferrer\">karting area<\/a><\/p>\n<p><strong>10:00<\/strong><br \/>\nStart of the rally (202 kms)<br \/>\nP\u00edsek-Hradi\u0161t\u011b, <a href=\"https:\/\/mapy.cz\/s\/3v43m\" target=\"_blank\" rel=\"noopener noreferrer\">karting area<\/a><\/p>\n<p><strong>12:20<\/strong><br \/>\nLunch<br \/>\nModrava, Lyer Brewery<\/p>\n<p><strong>13:55<\/strong><br \/>\nCoffee break<br \/>\nJavorn\u00edk, Penzion Na Podles\u00ed<\/p>\n<p><strong>14:57<\/strong><br \/>\nPassage control<br \/>\nP\u0159edslavice, <a href=\"http:\/\/livamuzeum.cz\/\" target=\"_blank\" rel=\"noopener noreferrer\">Museum of rural life<\/a><\/p>\n<p><strong>16:10<\/strong><br \/>\nFinish<br \/>\nP\u00edsek-Hradi\u0161t\u011b, <a href=\"https:\/\/mapy.cz\/s\/3v43m\" target=\"_blank\" rel=\"noopener noreferrer\">karting area<\/a><\/p>\n<p><strong>18:00<\/strong><br \/>\nPrize-giving &amp; Spring Classic Party<br \/>\nP\u00edsek, Hotel B\u00edl\u00e1 r\u016f\u017ee<br \/>\n<em>(dress code: Tenue de Ville)<\/em><\/p>\n<hr>\n<p><em>Programme can be changed.<\/em><\/p>","protected":false},"excerpt":{"rendered":"<p>Sunday, May 31, 2020 24:00 Closing entries Friday, June 5, 2020 18:00 Pre-Season Classic Party Veteran season-opening, presentation of crews P\u00edsek, Restaurace Na Rozhledn\u011b Saturday, June 6, 2020 7:30 &#8211; 9:00 Presentation of crews P\u00edsek, Auto Vinkler 9:30 Driver\u2019s briefing P\u00edsek-Hradi\u0161t\u011b, karting area 10:00 Start of the rally (202 kms) P\u00edsek-Hradi\u0161t\u011b, karting area 12:20 Lunch [&hellip;]<\/p>\n","protected":false},"author":2,"featured_media":0,"parent":0,"menu_order":0,"comment_status":"closed","ping_status":"closed","template":"","meta":{"_acf_changed":false,"ngg_post_thumbnail":0,"footnotes":""},"class_list":["post-6009","page","type-page","status-publish","hentry"],"acf":[],"yoast_head":"<!-- This site is optimized with the Yoast SEO plugin v27.4 - https:\/\/yoast.com\/product\/yoast-seo-wordpress\/ -->\n<title>Programme 2020 - Spring Classic<\/title>\n<meta name=\"robots\" content=\"index, follow, max-snippet:-1, max-image-preview:large, max-video-preview:-1\" \/>\n<link rel=\"canonical\" href=\"https:\/\/www.springclassic.cz\/program-2020\/\" \/>\n<meta property=\"og:locale\" content=\"en_US\" \/>\n<meta property=\"og:type\" content=\"article\" \/>\n<meta property=\"og:title\" content=\"[:cs]Program sout\u011b\u017ee 2020[:de]Programm 2020[:en]Programme 2020[:] - Spring Classic\" \/>\n<meta property=\"og:description\" content=\"Sunday, May 31, 2020 24:00 Closing entries Friday, June 5, 2020 18:00 Pre-Season Classic Party Veteran season-opening, presentation of crews P\u00edsek, Restaurace Na Rozhledn\u011b Saturday, June 6, 2020 7:30 &#8211; 9:00 Presentation of crews P\u00edsek, Auto Vinkler 9:30 Driver\u2019s briefing P\u00edsek-Hradi\u0161t\u011b, karting area 10:00 Start of the rally (202 kms) P\u00edsek-Hradi\u0161t\u011b, karting area 12:20 Lunch [&hellip;]\" \/>\n<meta property=\"og:url\" content=\"https:\/\/www.springclassic.cz\/program-2020\/\" \/>\n<meta property=\"og:site_name\" content=\"Spring Classic\" \/>\n<meta property=\"article:modified_time\" content=\"2020-11-02T16:45:58+00:00\" \/>\n<meta name=\"twitter:card\" content=\"summary_large_image\" \/>\n<meta name=\"twitter:label1\" content=\"Est. reading time\" \/>\n\t<meta name=\"twitter:data1\" content=\"2 minutes\" \/>\n<script type=\"application\/ld+json\" class=\"yoast-schema-graph\">{\"@context\":\"https:\\\/\\\/schema.org\",\"@graph\":[{\"@type\":\"WebPage\",\"@id\":\"https:\\\/\\\/www.springclassic.cz\\\/program-2020\\\/\",\"url\":\"https:\\\/\\\/www.springclassic.cz\\\/program-2020\\\/\",\"name\":\"[:cs]Program sout\u011b\u017ee 2020[:de]Programm 2020[:en]Programme 2020[:] - Spring Classic\",\"isPartOf\":{\"@id\":\"https:\\\/\\\/www.springclassic.cz\\\/#website\"},\"datePublished\":\"2020-05-05T11:00:43+00:00\",\"dateModified\":\"2020-11-02T16:45:58+00:00\",\"breadcrumb\":{\"@id\":\"https:\\\/\\\/www.springclassic.cz\\\/program-2020\\\/#breadcrumb\"},\"inLanguage\":\"en-US\",\"potentialAction\":[{\"@type\":\"ReadAction\",\"target\":[\"https:\\\/\\\/www.springclassic.cz\\\/program-2020\\\/\"]}]},{\"@type\":\"BreadcrumbList\",\"@id\":\"https:\\\/\\\/www.springclassic.cz\\\/program-2020\\\/#breadcrumb\",\"itemListElement\":[{\"@type\":\"ListItem\",\"position\":1,\"name\":\"Dom\u016f\",\"item\":\"https:\\\/\\\/www.springclassic.cz\\\/\"},{\"@type\":\"ListItem\",\"position\":2,\"name\":\"Program sout\u011b\u017ee 2020\"}]},{\"@type\":\"WebSite\",\"@id\":\"https:\\\/\\\/www.springclassic.cz\\\/#website\",\"url\":\"https:\\\/\\\/www.springclassic.cz\\\/\",\"name\":\"Spring Classic\",\"description\":\"Spring Classic\",\"potentialAction\":[{\"@type\":\"SearchAction\",\"target\":{\"@type\":\"EntryPoint\",\"urlTemplate\":\"https:\\\/\\\/www.springclassic.cz\\\/?s={search_term_string}\"},\"query-input\":{\"@type\":\"PropertyValueSpecification\",\"valueRequired\":true,\"valueName\":\"search_term_string\"}}],\"inLanguage\":\"en-US\"}]}<\/script>\n<!-- \/ Yoast SEO plugin. -->","yoast_head_json":{"title":"[:cs]Program sout\u011b\u017ee 2020[:de]Programm 2020[:en]Programme 2020[:] - Spring Classic","robots":{"index":"index","follow":"follow","max-snippet":"max-snippet:-1","max-image-preview":"max-image-preview:large","max-video-preview":"max-video-preview:-1"},"canonical":"https:\/\/www.springclassic.cz\/program-2020\/","og_locale":"en_US","og_type":"article","og_title":"[:cs]Program sout\u011b\u017ee 2020[:de]Programm 2020[:en]Programme 2020[:] - Spring Classic","og_description":"Sunday, May 31, 2020 24:00 Closing entries Friday, June 5, 2020 18:00 Pre-Season Classic Party Veteran season-opening, presentation of crews P\u00edsek, Restaurace Na Rozhledn\u011b Saturday, June 6, 2020 7:30 &#8211; 9:00 Presentation of crews P\u00edsek, Auto Vinkler 9:30 Driver\u2019s briefing P\u00edsek-Hradi\u0161t\u011b, karting area 10:00 Start of the rally (202 kms) P\u00edsek-Hradi\u0161t\u011b, karting area 12:20 Lunch [&hellip;]","og_url":"https:\/\/www.springclassic.cz\/program-2020\/","og_site_name":"Spring Classic","article_modified_time":"2020-11-02T16:45:58+00:00","twitter_card":"summary_large_image","twitter_misc":{"Est. reading time":"2 minutes"},"schema":{"@context":"https:\/\/schema.org","@graph":[{"@type":"WebPage","@id":"https:\/\/www.springclassic.cz\/program-2020\/","url":"https:\/\/www.springclassic.cz\/program-2020\/","name":"[:cs]Program sout\u011b\u017ee 2020[:de]Programm 2020[:en]Programme 2020[:] - Spring Classic","isPartOf":{"@id":"https:\/\/www.springclassic.cz\/#website"},"datePublished":"2020-05-05T11:00:43+00:00","dateModified":"2020-11-02T16:45:58+00:00","breadcrumb":{"@id":"https:\/\/www.springclassic.cz\/program-2020\/#breadcrumb"},"inLanguage":"en-US","potentialAction":[{"@type":"ReadAction","target":["https:\/\/www.springclassic.cz\/program-2020\/"]}]},{"@type":"BreadcrumbList","@id":"https:\/\/www.springclassic.cz\/program-2020\/#breadcrumb","itemListElement":[{"@type":"ListItem","position":1,"name":"Dom\u016f","item":"https:\/\/www.springclassic.cz\/"},{"@type":"ListItem","position":2,"name":"Program sout\u011b\u017ee 2020"}]},{"@type":"WebSite","@id":"https:\/\/www.springclassic.cz\/#website","url":"https:\/\/www.springclassic.cz\/","name":"Spring Classic","description":"Spring Classic","potentialAction":[{"@type":"SearchAction","target":{"@type":"EntryPoint","urlTemplate":"https:\/\/www.springclassic.cz\/?s={search_term_string}"},"query-input":{"@type":"PropertyValueSpecification","valueRequired":true,"valueName":"search_term_string"}}],"inLanguage":"en-US"}]}},"_links":{"self":[{"href":"https:\/\/www.springclassic.cz\/en\/wp-json\/wp\/v2\/pages\/6009","targetHints":{"allow":["GET"]}}],"collection":[{"href":"https:\/\/www.springclassic.cz\/en\/wp-json\/wp\/v2\/pages"}],"about":[{"href":"https:\/\/www.springclassic.cz\/en\/wp-json\/wp\/v2\/types\/page"}],"author":[{"embeddable":true,"href":"https:\/\/www.springclassic.cz\/en\/wp-json\/wp\/v2\/users\/2"}],"replies":[{"embeddable":true,"href":"https:\/\/www.springclassic.cz\/en\/wp-json\/wp\/v2\/comments?post=6009"}],"version-history":[{"count":36,"href":"https:\/\/www.springclassic.cz\/en\/wp-json\/wp\/v2\/pages\/6009\/revisions"}],"predecessor-version":[{"id":8641,"href":"https:\/\/www.springclassic.cz\/en\/wp-json\/wp\/v2\/pages\/6009\/revisions\/8641"}],"wp:attachment":[{"href":"https:\/\/www.springclassic.cz\/en\/wp-json\/wp\/v2\/media?parent=6009"}],"curies":[{"name":"wp","href":"https:\/\/api.w.org\/{rel}","templated":true}]}}