{"id":13469,"date":"2026-04-22T22:52:04","date_gmt":"2026-04-22T21:52:04","guid":{"rendered":"https:\/\/www.springclassic.cz\/?page_id=13469"},"modified":"2026-05-01T22:59:41","modified_gmt":"2026-05-01T21:59:41","slug":"galerie-2026","status":"publish","type":"page","link":"https:\/\/www.springclassic.cz\/en\/galerie-2026\/","title":{"rendered":"VII. Spring Classic 2026"},"content":{"rendered":"<p>For hi-resolution images, please contact us:&nbsp;<strong><a href=\"mailto:info@southbohemiaclassic.cz\" target=\"_blank\" rel=\"noreferrer noopener\"><strong><\/strong><\/a><strong><a href=\"mailto:info@southbohemiaclassic.cz\" target=\"_blank\" rel=\"noreferrer noopener\"><\/a><strong><a href=\"mailto:info@springclassic.cz\" target=\"_blank\" rel=\"noreferrer noopener\">info@springclassic.cz<\/a><\/strong><\/strong><\/strong>.<\/p>\n\n\n\n<p>Author: <a href=\"https:\/\/www.facebook.com\/fotoskrivanek\" target=\"_blank\" rel=\"noreferrer noopener\"><strong>Petr Sk\u0159iv\u00e1nek<\/strong><\/a><\/p>\n\n\n\nngg_shortcode_0_placeholder\n\n\n\n<p>Author: <a href=\"https:\/\/www.facebook.com\/stepansturma\" target=\"_blank\" rel=\"noreferrer noopener\"><strong>\u0160t\u011bp\u00e1n \u0160turma<\/strong><\/a><\/p>\n\n\n\nngg_shortcode_1_placeholder\n\n\n\n<p>Author: <a href=\"https:\/\/www.facebook.com\/stepansturma\" target=\"_blank\" rel=\"noreferrer noopener\"><strong>Zden\u011bk Kl\u00edma<\/strong><\/a><\/p>\n\n\n\nngg_shortcode_2_placeholder","protected":false},"excerpt":{"rendered":"<p>For hi-resolution images, please contact us:&nbsp;info@springclassic.cz. Author: Petr Sk\u0159iv\u00e1nek Author: \u0160t\u011bp\u00e1n \u0160turma Author: Zden\u011bk Kl\u00edma<\/p>\n","protected":false},"author":2,"featured_media":0,"parent":0,"menu_order":0,"comment_status":"closed","ping_status":"closed","template":"","meta":{"_acf_changed":false,"ngg_post_thumbnail":0,"footnotes":""},"class_list":["post-13469","page","type-page","status-publish","hentry"],"acf":[],"yoast_head":"<!-- This site is optimized with the Yoast SEO plugin v27.5 - https:\/\/yoast.com\/product\/yoast-seo-wordpress\/ -->\n<title>VII. Spring Classic 2026 - Spring Classic<\/title>\n<meta name=\"robots\" content=\"index, follow, max-snippet:-1, max-image-preview:large, max-video-preview:-1\" \/>\n<link rel=\"canonical\" href=\"https:\/\/www.springclassic.cz\/galerie-2026\/\" \/>\n<meta property=\"og:locale\" content=\"en_US\" \/>\n<meta property=\"og:type\" content=\"article\" \/>\n<meta property=\"og:title\" content=\"VII. Spring Classic 2026 - Spring Classic\" \/>\n<meta property=\"og:description\" content=\"For hi-resolution images, please contact us:&nbsp;info@springclassic.cz. Author: Petr Sk\u0159iv\u00e1nek Author: \u0160t\u011bp\u00e1n \u0160turma Author: Zden\u011bk Kl\u00edma\" \/>\n<meta property=\"og:url\" content=\"https:\/\/www.springclassic.cz\/galerie-2026\/\" \/>\n<meta property=\"og:site_name\" content=\"Spring Classic\" \/>\n<meta property=\"article:modified_time\" content=\"2026-05-01T21:59:41+00:00\" \/>\n<meta name=\"twitter:card\" content=\"summary_large_image\" \/>\n<meta name=\"twitter:label1\" content=\"Est. reading time\" \/>\n\t<meta name=\"twitter:data1\" content=\"1 minute\" \/>\n<script type=\"application\/ld+json\" class=\"yoast-schema-graph\">{\"@context\":\"https:\\\/\\\/schema.org\",\"@graph\":[{\"@type\":\"WebPage\",\"@id\":\"https:\\\/\\\/www.springclassic.cz\\\/galerie-2026\\\/\",\"url\":\"https:\\\/\\\/www.springclassic.cz\\\/galerie-2026\\\/\",\"name\":\"VII. Spring Classic 2026 - Spring Classic\",\"isPartOf\":{\"@id\":\"https:\\\/\\\/www.springclassic.cz\\\/#website\"},\"datePublished\":\"2026-04-22T21:52:04+00:00\",\"dateModified\":\"2026-05-01T21:59:41+00:00\",\"breadcrumb\":{\"@id\":\"https:\\\/\\\/www.springclassic.cz\\\/galerie-2026\\\/#breadcrumb\"},\"inLanguage\":\"en-US\",\"potentialAction\":[{\"@type\":\"ReadAction\",\"target\":[\"https:\\\/\\\/www.springclassic.cz\\\/galerie-2026\\\/\"]}]},{\"@type\":\"BreadcrumbList\",\"@id\":\"https:\\\/\\\/www.springclassic.cz\\\/galerie-2026\\\/#breadcrumb\",\"itemListElement\":[{\"@type\":\"ListItem\",\"position\":1,\"name\":\"Dom\u016f\",\"item\":\"https:\\\/\\\/www.springclassic.cz\\\/\"},{\"@type\":\"ListItem\",\"position\":2,\"name\":\"VII. Spring Classic 2026\"}]},{\"@type\":\"WebSite\",\"@id\":\"https:\\\/\\\/www.springclassic.cz\\\/#website\",\"url\":\"https:\\\/\\\/www.springclassic.cz\\\/\",\"name\":\"Spring Classic\",\"description\":\"Spring Classic\",\"potentialAction\":[{\"@type\":\"SearchAction\",\"target\":{\"@type\":\"EntryPoint\",\"urlTemplate\":\"https:\\\/\\\/www.springclassic.cz\\\/?s={search_term_string}\"},\"query-input\":{\"@type\":\"PropertyValueSpecification\",\"valueRequired\":true,\"valueName\":\"search_term_string\"}}],\"inLanguage\":\"en-US\"}]}<\/script>\n<!-- \/ Yoast SEO plugin. -->","yoast_head_json":{"title":"VII. Spring Classic 2026 - Spring Classic","robots":{"index":"index","follow":"follow","max-snippet":"max-snippet:-1","max-image-preview":"max-image-preview:large","max-video-preview":"max-video-preview:-1"},"canonical":"https:\/\/www.springclassic.cz\/galerie-2026\/","og_locale":"en_US","og_type":"article","og_title":"VII. Spring Classic 2026 - Spring Classic","og_description":"For hi-resolution images, please contact us:&nbsp;info@springclassic.cz. Author: Petr Sk\u0159iv\u00e1nek Author: \u0160t\u011bp\u00e1n \u0160turma Author: Zden\u011bk Kl\u00edma","og_url":"https:\/\/www.springclassic.cz\/galerie-2026\/","og_site_name":"Spring Classic","article_modified_time":"2026-05-01T21:59:41+00:00","twitter_card":"summary_large_image","twitter_misc":{"Est. reading time":"1 minute"},"schema":{"@context":"https:\/\/schema.org","@graph":[{"@type":"WebPage","@id":"https:\/\/www.springclassic.cz\/galerie-2026\/","url":"https:\/\/www.springclassic.cz\/galerie-2026\/","name":"VII. Spring Classic 2026 - Spring Classic","isPartOf":{"@id":"https:\/\/www.springclassic.cz\/#website"},"datePublished":"2026-04-22T21:52:04+00:00","dateModified":"2026-05-01T21:59:41+00:00","breadcrumb":{"@id":"https:\/\/www.springclassic.cz\/galerie-2026\/#breadcrumb"},"inLanguage":"en-US","potentialAction":[{"@type":"ReadAction","target":["https:\/\/www.springclassic.cz\/galerie-2026\/"]}]},{"@type":"BreadcrumbList","@id":"https:\/\/www.springclassic.cz\/galerie-2026\/#breadcrumb","itemListElement":[{"@type":"ListItem","position":1,"name":"Dom\u016f","item":"https:\/\/www.springclassic.cz\/"},{"@type":"ListItem","position":2,"name":"VII. Spring Classic 2026"}]},{"@type":"WebSite","@id":"https:\/\/www.springclassic.cz\/#website","url":"https:\/\/www.springclassic.cz\/","name":"Spring Classic","description":"Spring Classic","potentialAction":[{"@type":"SearchAction","target":{"@type":"EntryPoint","urlTemplate":"https:\/\/www.springclassic.cz\/?s={search_term_string}"},"query-input":{"@type":"PropertyValueSpecification","valueRequired":true,"valueName":"search_term_string"}}],"inLanguage":"en-US"}]}},"_links":{"self":[{"href":"https:\/\/www.springclassic.cz\/en\/wp-json\/wp\/v2\/pages\/13469","targetHints":{"allow":["GET"]}}],"collection":[{"href":"https:\/\/www.springclassic.cz\/en\/wp-json\/wp\/v2\/pages"}],"about":[{"href":"https:\/\/www.springclassic.cz\/en\/wp-json\/wp\/v2\/types\/page"}],"author":[{"embeddable":true,"href":"https:\/\/www.springclassic.cz\/en\/wp-json\/wp\/v2\/users\/2"}],"replies":[{"embeddable":true,"href":"https:\/\/www.springclassic.cz\/en\/wp-json\/wp\/v2\/comments?post=13469"}],"version-history":[{"count":4,"href":"https:\/\/www.springclassic.cz\/en\/wp-json\/wp\/v2\/pages\/13469\/revisions"}],"predecessor-version":[{"id":13593,"href":"https:\/\/www.springclassic.cz\/en\/wp-json\/wp\/v2\/pages\/13469\/revisions\/13593"}],"wp:attachment":[{"href":"https:\/\/www.springclassic.cz\/en\/wp-json\/wp\/v2\/media?parent=13469"}],"curies":[{"name":"wp","href":"https:\/\/api.w.org\/{rel}","templated":true}]}}