{"id":12526,"date":"2026-04-15T21:03:39","date_gmt":"2026-04-15T20:03:39","guid":{"rendered":"https:\/\/www.springclassic.cz\/?page_id=12526"},"modified":"2026-04-18T10:50:13","modified_gmt":"2026-04-18T09:50:13","slug":"vyveska-2026","status":"publish","type":"page","link":"https:\/\/www.springclassic.cz\/en\/vyveska-2026\/","title":{"rendered":"Online Notice Board"},"content":{"rendered":"<p><\/p>\n\n\n\n<ul class=\"wp-block-list\">\n<li><a href=\"https:\/\/www.springclassic.cz\/wp-content\/uploads\/2026\/04\/sc2026-teams-1.pdf\" target=\"_blank\" rel=\"noreferrer noopener\"><strong>Team cup<\/strong><\/a><br>(zve\u0159ejn\u011bno: 18. 4. 2026, 9:29)<\/li>\n\n\n\n<li><strong><a href=\"https:\/\/www.springclassic.cz\/wp-content\/uploads\/2026\/04\/sc2026-start_order-leg1.pdf\" target=\"_blank\" rel=\"noreferrer noopener\">Start list<\/a><br><\/strong>(published: 18. 4. 2026, 9:15)<\/li>\n\n\n\n<li><strong><a href=\"https:\/\/www.springclassic.cz\/wp-content\/uploads\/2026\/04\/sc2026_informace_EN.pdf\" target=\"_blank\" rel=\"noreferrer noopener\">Information before the start<\/a><\/strong><br>(published: 13. 4. 2026, 23:30)<\/li>\n\n\n\n<li><strong><a href=\"https:\/\/www.springclassic.cz\/wp-content\/uploads\/2026\/04\/sc2026_harmonogram.pdf\" target=\"_blank\" rel=\"noreferrer noopener\">Timetable<\/a><\/strong><br>(published: 13. 4. 2026, 22:00)<\/li>\n\n\n\n<li><strong><a href=\"https:\/\/www.springclassic.cz\/wp-content\/uploads\/2026\/04\/sc2026_navod-polepu.pdf\" target=\"_blank\" rel=\"noreferrer noopener\">Car stickers<\/a><\/strong><br>(published: 13. 4. 2026, 22:00)<\/li>\n\n\n\n<li><strong><a href=\"https:\/\/www.springclassic.cz\/en\/posadky\/\">Entry list<\/a><\/strong><br>(published: 13. 4. 2026)<\/li>\n\n\n\n<li><strong><a href=\"https:\/\/www.springclassic.cz\/en\/prihlaska\/\">Entry form<\/a><\/strong><br>(published: 1. 12. 2025)<\/li>\n\n\n\n<li><strong><a href=\"https:\/\/www.springclassic.cz\/wp-content\/uploads\/2025\/11\/sc2026_zu-de.pdf\" target=\"_blank\" rel=\"noreferrer noopener\">Supplementary regulations<\/a><\/strong> (DE)<br>(published: 1. 12. 2025)<\/li>\n\n\n\n<li><strong><a href=\"https:\/\/www.springclassic.cz\/en\/propozice-classic-challenge-2026\/\">Classic Challenge 2026 regulations<\/a><\/strong><br>(published: 1. 12. 2025)<\/li>\n<\/ul>\n\n\n\n<h3 class=\"wp-block-heading\">Race control:<br><strong><a href=\"tel:+420-777-627-933\">+420 777 627 933<\/a><\/strong><\/h3>\n\n\n\n<p><\/p>","protected":false},"excerpt":{"rendered":"<p>Race control:+420 777 627 933<\/p>\n","protected":false},"author":2,"featured_media":0,"parent":0,"menu_order":0,"comment_status":"closed","ping_status":"closed","template":"","meta":{"_acf_changed":false,"ngg_post_thumbnail":0,"footnotes":""},"class_list":["post-12526","page","type-page","status-publish","hentry"],"acf":[],"yoast_head":"<!-- This site is optimized with the Yoast SEO plugin v27.4 - https:\/\/yoast.com\/product\/yoast-seo-wordpress\/ -->\n<title>Online Notice Board - Spring Classic<\/title>\n<meta name=\"robots\" content=\"index, follow, max-snippet:-1, max-image-preview:large, max-video-preview:-1\" \/>\n<link rel=\"canonical\" href=\"https:\/\/www.springclassic.cz\/vyveska-2026\/\" \/>\n<meta property=\"og:locale\" content=\"en_US\" \/>\n<meta property=\"og:type\" content=\"article\" \/>\n<meta property=\"og:title\" content=\"[:cs]Elektronick\u00e1 v\u00fdv\u011bska[:de]Online Aushang[:en]Online Notice Board[:] - Spring Classic\" \/>\n<meta property=\"og:description\" content=\"Race control:+420 777 627 933\" \/>\n<meta property=\"og:url\" content=\"https:\/\/www.springclassic.cz\/vyveska-2026\/\" \/>\n<meta property=\"og:site_name\" content=\"Spring Classic\" \/>\n<meta property=\"article:modified_time\" content=\"2026-04-18T09:50:13+00:00\" \/>\n<meta name=\"twitter:card\" content=\"summary_large_image\" \/>\n<meta name=\"twitter:label1\" content=\"Est. reading time\" \/>\n\t<meta name=\"twitter:data1\" content=\"2 minutes\" \/>\n<script type=\"application\/ld+json\" class=\"yoast-schema-graph\">{\"@context\":\"https:\\\/\\\/schema.org\",\"@graph\":[{\"@type\":\"WebPage\",\"@id\":\"https:\\\/\\\/www.springclassic.cz\\\/vyveska-2026\\\/\",\"url\":\"https:\\\/\\\/www.springclassic.cz\\\/vyveska-2026\\\/\",\"name\":\"[:cs]Elektronick\u00e1 v\u00fdv\u011bska[:de]Online Aushang[:en]Online Notice Board[:] - Spring Classic\",\"isPartOf\":{\"@id\":\"https:\\\/\\\/www.springclassic.cz\\\/#website\"},\"datePublished\":\"2026-04-15T20:03:39+00:00\",\"dateModified\":\"2026-04-18T09:50:13+00:00\",\"breadcrumb\":{\"@id\":\"https:\\\/\\\/www.springclassic.cz\\\/vyveska-2026\\\/#breadcrumb\"},\"inLanguage\":\"en-US\",\"potentialAction\":[{\"@type\":\"ReadAction\",\"target\":[\"https:\\\/\\\/www.springclassic.cz\\\/vyveska-2026\\\/\"]}]},{\"@type\":\"BreadcrumbList\",\"@id\":\"https:\\\/\\\/www.springclassic.cz\\\/vyveska-2026\\\/#breadcrumb\",\"itemListElement\":[{\"@type\":\"ListItem\",\"position\":1,\"name\":\"Dom\u016f\",\"item\":\"https:\\\/\\\/www.springclassic.cz\\\/\"},{\"@type\":\"ListItem\",\"position\":2,\"name\":\"Elektronick\u00e1 v\u00fdv\u011bska\"}]},{\"@type\":\"WebSite\",\"@id\":\"https:\\\/\\\/www.springclassic.cz\\\/#website\",\"url\":\"https:\\\/\\\/www.springclassic.cz\\\/\",\"name\":\"Spring Classic\",\"description\":\"Spring Classic\",\"potentialAction\":[{\"@type\":\"SearchAction\",\"target\":{\"@type\":\"EntryPoint\",\"urlTemplate\":\"https:\\\/\\\/www.springclassic.cz\\\/?s={search_term_string}\"},\"query-input\":{\"@type\":\"PropertyValueSpecification\",\"valueRequired\":true,\"valueName\":\"search_term_string\"}}],\"inLanguage\":\"en-US\"}]}<\/script>\n<!-- \/ Yoast SEO plugin. -->","yoast_head_json":{"title":"[:cs]Elektronick\u00e1 v\u00fdv\u011bska[:de]Online Aushang[:en]Online Notice Board[:] - Spring Classic","robots":{"index":"index","follow":"follow","max-snippet":"max-snippet:-1","max-image-preview":"max-image-preview:large","max-video-preview":"max-video-preview:-1"},"canonical":"https:\/\/www.springclassic.cz\/vyveska-2026\/","og_locale":"en_US","og_type":"article","og_title":"[:cs]Elektronick\u00e1 v\u00fdv\u011bska[:de]Online Aushang[:en]Online Notice Board[:] - Spring Classic","og_description":"Race control:+420 777 627 933","og_url":"https:\/\/www.springclassic.cz\/vyveska-2026\/","og_site_name":"Spring Classic","article_modified_time":"2026-04-18T09:50:13+00:00","twitter_card":"summary_large_image","twitter_misc":{"Est. reading time":"2 minutes"},"schema":{"@context":"https:\/\/schema.org","@graph":[{"@type":"WebPage","@id":"https:\/\/www.springclassic.cz\/vyveska-2026\/","url":"https:\/\/www.springclassic.cz\/vyveska-2026\/","name":"[:cs]Elektronick\u00e1 v\u00fdv\u011bska[:de]Online Aushang[:en]Online Notice Board[:] - Spring Classic","isPartOf":{"@id":"https:\/\/www.springclassic.cz\/#website"},"datePublished":"2026-04-15T20:03:39+00:00","dateModified":"2026-04-18T09:50:13+00:00","breadcrumb":{"@id":"https:\/\/www.springclassic.cz\/vyveska-2026\/#breadcrumb"},"inLanguage":"en-US","potentialAction":[{"@type":"ReadAction","target":["https:\/\/www.springclassic.cz\/vyveska-2026\/"]}]},{"@type":"BreadcrumbList","@id":"https:\/\/www.springclassic.cz\/vyveska-2026\/#breadcrumb","itemListElement":[{"@type":"ListItem","position":1,"name":"Dom\u016f","item":"https:\/\/www.springclassic.cz\/"},{"@type":"ListItem","position":2,"name":"Elektronick\u00e1 v\u00fdv\u011bska"}]},{"@type":"WebSite","@id":"https:\/\/www.springclassic.cz\/#website","url":"https:\/\/www.springclassic.cz\/","name":"Spring Classic","description":"Spring Classic","potentialAction":[{"@type":"SearchAction","target":{"@type":"EntryPoint","urlTemplate":"https:\/\/www.springclassic.cz\/?s={search_term_string}"},"query-input":{"@type":"PropertyValueSpecification","valueRequired":true,"valueName":"search_term_string"}}],"inLanguage":"en-US"}]}},"_links":{"self":[{"href":"https:\/\/www.springclassic.cz\/en\/wp-json\/wp\/v2\/pages\/12526","targetHints":{"allow":["GET"]}}],"collection":[{"href":"https:\/\/www.springclassic.cz\/en\/wp-json\/wp\/v2\/pages"}],"about":[{"href":"https:\/\/www.springclassic.cz\/en\/wp-json\/wp\/v2\/types\/page"}],"author":[{"embeddable":true,"href":"https:\/\/www.springclassic.cz\/en\/wp-json\/wp\/v2\/users\/2"}],"replies":[{"embeddable":true,"href":"https:\/\/www.springclassic.cz\/en\/wp-json\/wp\/v2\/comments?post=12526"}],"version-history":[{"count":11,"href":"https:\/\/www.springclassic.cz\/en\/wp-json\/wp\/v2\/pages\/12526\/revisions"}],"predecessor-version":[{"id":12558,"href":"https:\/\/www.springclassic.cz\/en\/wp-json\/wp\/v2\/pages\/12526\/revisions\/12558"}],"wp:attachment":[{"href":"https:\/\/www.springclassic.cz\/en\/wp-json\/wp\/v2\/media?parent=12526"}],"curies":[{"name":"wp","href":"https:\/\/api.w.org\/{rel}","templated":true}]}}