{"id":10918,"date":"2024-03-27T18:00:00","date_gmt":"2024-03-27T17:00:00","guid":{"rendered":"https:\/\/www.springclassic.cz\/?page_id=10918"},"modified":"2024-11-30T23:16:11","modified_gmt":"2024-11-30T22:16:11","slug":"program-2024","status":"publish","type":"page","link":"https:\/\/www.springclassic.cz\/en\/program-2024\/","title":{"rendered":"Programme 2024"},"content":{"rendered":"<p><\/p>\n\n\n\n<h3 class=\"wp-block-heading\">Sunday, March 31, 2024<\/h3>\n\n\n\n<p><strong>23:59<\/strong><br>Closing entries<\/p>\n\n\n<hr>\n\n\n<h3 class=\"wp-block-heading\">Friday, April 12, 2024<\/h3>\n\n\n\n<p><strong>19:00 &#8211; 21:00<\/strong><br>Presentation of crews<br>Jind\u0159ich\u016fv Hradec, n\u00e1m\u011bst\u00ed M\u00edru (main square), <a href=\"https:\/\/www.orea.cz\/en\/hotel-concertino\" target=\"_blank\" rel=\"noreferrer noopener\">OREA Hotel Concertino<\/a><\/p>\n\n\n<hr>\n\n\n<h3 class=\"wp-block-heading\">Saturday, April 13, 2024<\/h3>\n\n\n\n<p><strong>7:00 &#8211; 9:00<\/strong><br>Presentation of crews<br>Jind\u0159ich\u016fv Hradec, n\u00e1m\u011bst\u00ed M\u00edru (main square), <a href=\"https:\/\/www.orea.cz\/en\/hotel-concertino\" target=\"_blank\" rel=\"noreferrer noopener\">OREA Hotel Concertino<\/a><\/p>\n\n\n\n<p><strong>9:30<\/strong><br>Driver\u2019s briefing<br>Jind\u0159ich\u016fv Hradec, n\u00e1m\u011bst\u00ed M\u00edru (main square)<\/p>\n\n\n\n<p><strong>10:00<\/strong><br>Start of the rally (227 km)<br>Jind\u0159ich\u016fv Hradec, n\u00e1m\u011bst\u00ed M\u00edru (main square)<\/p>\n\n\n\n<p><strong>11:10<\/strong><br>Coffee break<br>\u010cernovice, <a href=\"https:\/\/cafebudik.cz\/\" target=\"_blank\" rel=\"noreferrer noopener\">Caf\u00e9 Bud\u00edk<\/a><\/p>\n\n\n\n<p><strong>12:45<\/strong><br>Lunch break<br>Humpolec, <a href=\"https:\/\/www.bernard.cz\/en\" target=\"_blank\" rel=\"noreferrer noopener\">Rodinn\u00fd pivovar Bernard<\/a> (brewery)<\/p>\n\n\n\n<p><strong>15:05<\/strong><br>Coffee break<br>Kamenice nad Lipou, <a href=\"https:\/\/www.pivovar-kamenice.cz\/en\/uvod\" target=\"_blank\" rel=\"noreferrer noopener\">Pivovar Kamenice<\/a> (brewery)<\/p>\n\n\n\n<p><strong>16:30<br><\/strong>Finish<br>Jind\u0159ich\u016fv Hradec, n\u00e1m\u011bst\u00ed M\u00edru (main square)<\/p>\n\n\n\n<p><strong>19:00<\/strong><br>Prize-giving &amp; Spring Classic Party<br>Jind\u0159ich\u016fv Hradec, n\u00e1m\u011bst\u00ed M\u00edru (main square), <a href=\"https:\/\/www.orea.cz\/en\/hotel-concertino\" target=\"_blank\" rel=\"noreferrer noopener\">OREA Hotel Concertino<\/a><\/p>\n\n\n<hr>\n\n\n<p><em>Change of programme reserved.<\/em><\/p>\n\n\n\n<p><\/p>","protected":false},"excerpt":{"rendered":"<p>Sunday, March 31, 2024 23:59Closing entries Friday, April 12, 2024 19:00 &#8211; 21:00Presentation of crewsJind\u0159ich\u016fv Hradec, n\u00e1m\u011bst\u00ed M\u00edru (main square), OREA Hotel Concertino Saturday, April 13, 2024 7:00 &#8211; 9:00Presentation of crewsJind\u0159ich\u016fv Hradec, n\u00e1m\u011bst\u00ed M\u00edru (main square), OREA Hotel Concertino 9:30Driver\u2019s briefingJind\u0159ich\u016fv Hradec, n\u00e1m\u011bst\u00ed M\u00edru (main square) 10:00Start of the rally (227 km)Jind\u0159ich\u016fv Hradec, n\u00e1m\u011bst\u00ed [&hellip;]<\/p>\n","protected":false},"author":2,"featured_media":0,"parent":0,"menu_order":0,"comment_status":"closed","ping_status":"closed","template":"","meta":{"_acf_changed":false,"ngg_post_thumbnail":0,"footnotes":""},"class_list":["post-10918","page","type-page","status-publish","hentry"],"acf":[],"yoast_head":"<!-- This site is optimized with the Yoast SEO plugin v27.5 - https:\/\/yoast.com\/product\/yoast-seo-wordpress\/ -->\n<title>Program sout\u011b\u017ee - V. Spring Classic 2024<\/title>\n<meta name=\"description\" content=\"Kl\u00ed\u010dov\u00e9 body programu \u00favodn\u00edho podniku seri\u00e1lu Classic Challenge 2024.\" \/>\n<meta name=\"robots\" content=\"index, follow, max-snippet:-1, max-image-preview:large, max-video-preview:-1\" \/>\n<link rel=\"canonical\" href=\"https:\/\/www.springclassic.cz\/program-2024\/\" \/>\n<meta property=\"og:locale\" content=\"en_US\" \/>\n<meta property=\"og:type\" content=\"article\" \/>\n<meta property=\"og:title\" content=\"Program sout\u011b\u017ee - V. Spring Classic 2024\" \/>\n<meta property=\"og:description\" content=\"Kl\u00ed\u010dov\u00e9 body programu \u00favodn\u00edho podniku seri\u00e1lu Classic Challenge 2024.\" \/>\n<meta property=\"og:url\" content=\"https:\/\/www.springclassic.cz\/program-2024\/\" \/>\n<meta property=\"og:site_name\" content=\"Spring Classic\" \/>\n<meta property=\"article:modified_time\" content=\"2024-11-30T22:16:11+00:00\" \/>\n<meta property=\"og:image\" content=\"https:\/\/www.springclassic.cz\/wp-content\/uploads\/2022\/12\/prihlasky-2023.jpg\" \/>\n\t<meta property=\"og:image:width\" content=\"1600\" \/>\n\t<meta property=\"og:image:height\" content=\"1067\" \/>\n\t<meta property=\"og:image:type\" content=\"image\/jpeg\" \/>\n<meta name=\"twitter:card\" content=\"summary_large_image\" \/>\n<meta name=\"twitter:title\" content=\"Program sout\u011b\u017ee - V. Spring Classic 2024\" \/>\n<meta name=\"twitter:description\" content=\"Kl\u00ed\u010dov\u00e9 body programu \u00favodn\u00edho podniku seri\u00e1lu Classic Challenge 2024.\" \/>\n<meta name=\"twitter:image\" content=\"https:\/\/www.springclassic.cz\/wp-content\/uploads\/2022\/12\/prihlasky-2023.jpg\" \/>\n<meta name=\"twitter:label1\" content=\"Est. reading time\" \/>\n\t<meta name=\"twitter:data1\" content=\"2 minutes\" \/>\n<script type=\"application\/ld+json\" class=\"yoast-schema-graph\">{\"@context\":\"https:\\\/\\\/schema.org\",\"@graph\":[{\"@type\":\"WebPage\",\"@id\":\"https:\\\/\\\/www.springclassic.cz\\\/program-2024\\\/\",\"url\":\"https:\\\/\\\/www.springclassic.cz\\\/program-2024\\\/\",\"name\":\"Program sout\u011b\u017ee - V. Spring Classic 2024\",\"isPartOf\":{\"@id\":\"https:\\\/\\\/www.springclassic.cz\\\/#website\"},\"datePublished\":\"2024-03-27T17:00:00+00:00\",\"dateModified\":\"2024-11-30T22:16:11+00:00\",\"description\":\"Kl\u00ed\u010dov\u00e9 body programu \u00favodn\u00edho podniku seri\u00e1lu Classic Challenge 2024.\",\"breadcrumb\":{\"@id\":\"https:\\\/\\\/www.springclassic.cz\\\/program-2024\\\/#breadcrumb\"},\"inLanguage\":\"en-US\",\"potentialAction\":[{\"@type\":\"ReadAction\",\"target\":[\"https:\\\/\\\/www.springclassic.cz\\\/program-2024\\\/\"]}]},{\"@type\":\"BreadcrumbList\",\"@id\":\"https:\\\/\\\/www.springclassic.cz\\\/program-2024\\\/#breadcrumb\",\"itemListElement\":[{\"@type\":\"ListItem\",\"position\":1,\"name\":\"Dom\u016f\",\"item\":\"https:\\\/\\\/www.springclassic.cz\\\/\"},{\"@type\":\"ListItem\",\"position\":2,\"name\":\"Program sout\u011b\u017ee 2024\"}]},{\"@type\":\"WebSite\",\"@id\":\"https:\\\/\\\/www.springclassic.cz\\\/#website\",\"url\":\"https:\\\/\\\/www.springclassic.cz\\\/\",\"name\":\"Spring Classic\",\"description\":\"Spring Classic\",\"potentialAction\":[{\"@type\":\"SearchAction\",\"target\":{\"@type\":\"EntryPoint\",\"urlTemplate\":\"https:\\\/\\\/www.springclassic.cz\\\/?s={search_term_string}\"},\"query-input\":{\"@type\":\"PropertyValueSpecification\",\"valueRequired\":true,\"valueName\":\"search_term_string\"}}],\"inLanguage\":\"en-US\"}]}<\/script>\n<!-- \/ Yoast SEO plugin. -->","yoast_head_json":{"title":"Program sout\u011b\u017ee - V. Spring Classic 2024","description":"Kl\u00ed\u010dov\u00e9 body programu \u00favodn\u00edho podniku seri\u00e1lu Classic Challenge 2024.","robots":{"index":"index","follow":"follow","max-snippet":"max-snippet:-1","max-image-preview":"max-image-preview:large","max-video-preview":"max-video-preview:-1"},"canonical":"https:\/\/www.springclassic.cz\/program-2024\/","og_locale":"en_US","og_type":"article","og_title":"Program sout\u011b\u017ee - V. Spring Classic 2024","og_description":"Kl\u00ed\u010dov\u00e9 body programu \u00favodn\u00edho podniku seri\u00e1lu Classic Challenge 2024.","og_url":"https:\/\/www.springclassic.cz\/program-2024\/","og_site_name":"Spring Classic","article_modified_time":"2024-11-30T22:16:11+00:00","og_image":[{"width":1600,"height":1067,"url":"https:\/\/www.springclassic.cz\/wp-content\/uploads\/2022\/12\/prihlasky-2023.jpg","type":"image\/jpeg"}],"twitter_card":"summary_large_image","twitter_title":"Program sout\u011b\u017ee - V. Spring Classic 2024","twitter_description":"Kl\u00ed\u010dov\u00e9 body programu \u00favodn\u00edho podniku seri\u00e1lu Classic Challenge 2024.","twitter_image":"https:\/\/www.springclassic.cz\/wp-content\/uploads\/2022\/12\/prihlasky-2023.jpg","twitter_misc":{"Est. reading time":"2 minutes"},"schema":{"@context":"https:\/\/schema.org","@graph":[{"@type":"WebPage","@id":"https:\/\/www.springclassic.cz\/program-2024\/","url":"https:\/\/www.springclassic.cz\/program-2024\/","name":"Program sout\u011b\u017ee - V. Spring Classic 2024","isPartOf":{"@id":"https:\/\/www.springclassic.cz\/#website"},"datePublished":"2024-03-27T17:00:00+00:00","dateModified":"2024-11-30T22:16:11+00:00","description":"Kl\u00ed\u010dov\u00e9 body programu \u00favodn\u00edho podniku seri\u00e1lu Classic Challenge 2024.","breadcrumb":{"@id":"https:\/\/www.springclassic.cz\/program-2024\/#breadcrumb"},"inLanguage":"en-US","potentialAction":[{"@type":"ReadAction","target":["https:\/\/www.springclassic.cz\/program-2024\/"]}]},{"@type":"BreadcrumbList","@id":"https:\/\/www.springclassic.cz\/program-2024\/#breadcrumb","itemListElement":[{"@type":"ListItem","position":1,"name":"Dom\u016f","item":"https:\/\/www.springclassic.cz\/"},{"@type":"ListItem","position":2,"name":"Program sout\u011b\u017ee 2024"}]},{"@type":"WebSite","@id":"https:\/\/www.springclassic.cz\/#website","url":"https:\/\/www.springclassic.cz\/","name":"Spring Classic","description":"Spring Classic","potentialAction":[{"@type":"SearchAction","target":{"@type":"EntryPoint","urlTemplate":"https:\/\/www.springclassic.cz\/?s={search_term_string}"},"query-input":{"@type":"PropertyValueSpecification","valueRequired":true,"valueName":"search_term_string"}}],"inLanguage":"en-US"}]}},"_links":{"self":[{"href":"https:\/\/www.springclassic.cz\/en\/wp-json\/wp\/v2\/pages\/10918","targetHints":{"allow":["GET"]}}],"collection":[{"href":"https:\/\/www.springclassic.cz\/en\/wp-json\/wp\/v2\/pages"}],"about":[{"href":"https:\/\/www.springclassic.cz\/en\/wp-json\/wp\/v2\/types\/page"}],"author":[{"embeddable":true,"href":"https:\/\/www.springclassic.cz\/en\/wp-json\/wp\/v2\/users\/2"}],"replies":[{"embeddable":true,"href":"https:\/\/www.springclassic.cz\/en\/wp-json\/wp\/v2\/comments?post=10918"}],"version-history":[{"count":5,"href":"https:\/\/www.springclassic.cz\/en\/wp-json\/wp\/v2\/pages\/10918\/revisions"}],"predecessor-version":[{"id":11695,"href":"https:\/\/www.springclassic.cz\/en\/wp-json\/wp\/v2\/pages\/10918\/revisions\/11695"}],"wp:attachment":[{"href":"https:\/\/www.springclassic.cz\/en\/wp-json\/wp\/v2\/media?parent=10918"}],"curies":[{"name":"wp","href":"https:\/\/api.w.org\/{rel}","templated":true}]}}