{"id":9944,"date":"2021-12-23T11:37:44","date_gmt":"2021-12-23T10:37:44","guid":{"rendered":"https:\/\/www.springclassic.cz\/?page_id=9944"},"modified":"2026-04-04T23:26:29","modified_gmt":"2026-04-04T22:26:29","slug":"posadky","status":"publish","type":"page","link":"https:\/\/www.springclassic.cz\/de\/posadky\/","title":{"rendered":"Nennliste"},"content":{"rendered":"\n<p><iframe width=\"100%\" src=\"https:\/\/entry-forms.springclassic.cz\/start-list\/sc\" id=\"entries\" frameborder=\"0\"><\/iframe><\/p>\n\n<script>\n\tlet iframe = document.querySelector(\"#entries\");\n\n\twindow.addEventListener('message', function(e) {\n\t\t\/\/ message that was passed from iframe page\n\t\tlet message = e.data;\n\n\t\tiframe.style.height = (message.height + 10) + 'px';\n\t\tiframe.style.width = (message.width + 10) + 'px';\n\t} , false);\n<\/script>\n","protected":false},"excerpt":{"rendered":"","protected":false},"author":2,"featured_media":12434,"parent":0,"menu_order":0,"comment_status":"closed","ping_status":"closed","template":"","meta":{"_acf_changed":false,"ngg_post_thumbnail":0,"footnotes":""},"class_list":["post-9944","page","type-page","status-publish","has-post-thumbnail","hentry"],"acf":[],"yoast_head":"<!-- This site is optimized with the Yoast SEO plugin v27.5 - https:\/\/yoast.com\/product\/yoast-seo-wordpress\/ -->\n<title>P\u0159ihl\u00e1\u0161en\u00e9 pos\u00e1dky - VII. Spring Classic 2026<\/title>\n<meta name=\"description\" content=\"Seznam pos\u00e1dek p\u0159ihl\u00e1\u0161en\u00fdch do \u00favodn\u00edho podniku seri\u00e1lu veter\u00e1nsk\u00fdch setinov\u00fdch rallye Classic Challenge 2026.\" \/>\n<meta name=\"robots\" content=\"index, follow, max-snippet:-1, max-image-preview:large, max-video-preview:-1\" \/>\n<link rel=\"canonical\" href=\"https:\/\/www.springclassic.cz\/posadky\/\" \/>\n<meta property=\"og:locale\" content=\"de_DE\" \/>\n<meta property=\"og:type\" content=\"article\" \/>\n<meta property=\"og:title\" content=\"P\u0159ihl\u00e1\u0161en\u00e9 pos\u00e1dky - VII. Spring Classic 2026\" \/>\n<meta property=\"og:description\" content=\"Seznam pos\u00e1dek p\u0159ihl\u00e1\u0161en\u00fdch do \u00favodn\u00edho podniku seri\u00e1lu veter\u00e1nsk\u00fdch setinov\u00fdch rallye Classic Challenge 2026.\" \/>\n<meta property=\"og:url\" content=\"https:\/\/www.springclassic.cz\/posadky\/\" \/>\n<meta property=\"og:site_name\" content=\"Spring Classic\" \/>\n<meta property=\"article:modified_time\" content=\"2026-04-04T22:26:29+00:00\" \/>\n<meta property=\"og:image\" content=\"https:\/\/www.springclassic.cz\/wp-content\/uploads\/2025\/12\/cc2026_prihlasky3.jpg\" \/>\n\t<meta property=\"og:image:width\" content=\"2000\" \/>\n\t<meta property=\"og:image:height\" content=\"1333\" \/>\n\t<meta property=\"og:image:type\" content=\"image\/jpeg\" \/>\n<meta name=\"twitter:card\" content=\"summary_large_image\" \/>\n<meta name=\"twitter:title\" content=\"P\u0159ihl\u00e1\u0161en\u00e9 pos\u00e1dky - VII. Spring Classic 2026\" \/>\n<meta name=\"twitter:description\" content=\"Seznam pos\u00e1dek p\u0159ihl\u00e1\u0161en\u00fdch do \u00favodn\u00edho podniku seri\u00e1lu veter\u00e1nsk\u00fdch setinov\u00fdch rallye Classic Challenge 2026.\" \/>\n<meta name=\"twitter:image\" content=\"https:\/\/www.springclassic.cz\/wp-content\/uploads\/2025\/12\/cc2026_prihlasky3.jpg\" \/>\n<meta name=\"twitter:label1\" content=\"Gesch\u00e4tzte Lesezeit\" \/>\n\t<meta name=\"twitter:data1\" content=\"1\u00a0Minute\" \/>\n<script type=\"application\/ld+json\" class=\"yoast-schema-graph\">{\"@context\":\"https:\\\/\\\/schema.org\",\"@graph\":[{\"@type\":\"WebPage\",\"@id\":\"https:\\\/\\\/www.springclassic.cz\\\/posadky\\\/\",\"url\":\"https:\\\/\\\/www.springclassic.cz\\\/posadky\\\/\",\"name\":\"P\u0159ihl\u00e1\u0161en\u00e9 pos\u00e1dky - VII. Spring Classic 2026\",\"isPartOf\":{\"@id\":\"https:\\\/\\\/www.springclassic.cz\\\/#website\"},\"primaryImageOfPage\":{\"@id\":\"https:\\\/\\\/www.springclassic.cz\\\/posadky\\\/#primaryimage\"},\"image\":{\"@id\":\"https:\\\/\\\/www.springclassic.cz\\\/posadky\\\/#primaryimage\"},\"thumbnailUrl\":\"https:\\\/\\\/www.springclassic.cz\\\/wp-content\\\/uploads\\\/2025\\\/12\\\/cc2026_prihlasky3.jpg\",\"datePublished\":\"2021-12-23T10:37:44+00:00\",\"dateModified\":\"2026-04-04T22:26:29+00:00\",\"description\":\"Seznam pos\u00e1dek p\u0159ihl\u00e1\u0161en\u00fdch do \u00favodn\u00edho podniku seri\u00e1lu veter\u00e1nsk\u00fdch setinov\u00fdch rallye Classic Challenge 2026.\",\"breadcrumb\":{\"@id\":\"https:\\\/\\\/www.springclassic.cz\\\/posadky\\\/#breadcrumb\"},\"inLanguage\":\"de\",\"potentialAction\":[{\"@type\":\"ReadAction\",\"target\":[\"https:\\\/\\\/www.springclassic.cz\\\/posadky\\\/\"]}]},{\"@type\":\"ImageObject\",\"inLanguage\":\"de\",\"@id\":\"https:\\\/\\\/www.springclassic.cz\\\/posadky\\\/#primaryimage\",\"url\":\"https:\\\/\\\/www.springclassic.cz\\\/wp-content\\\/uploads\\\/2025\\\/12\\\/cc2026_prihlasky3.jpg\",\"contentUrl\":\"https:\\\/\\\/www.springclassic.cz\\\/wp-content\\\/uploads\\\/2025\\\/12\\\/cc2026_prihlasky3.jpg\",\"width\":2000,\"height\":1333},{\"@type\":\"BreadcrumbList\",\"@id\":\"https:\\\/\\\/www.springclassic.cz\\\/posadky\\\/#breadcrumb\",\"itemListElement\":[{\"@type\":\"ListItem\",\"position\":1,\"name\":\"Dom\u016f\",\"item\":\"https:\\\/\\\/www.springclassic.cz\\\/\"},{\"@type\":\"ListItem\",\"position\":2,\"name\":\"P\u0159ihl\u00e1\u0161en\u00e9 pos\u00e1dky\"}]},{\"@type\":\"WebSite\",\"@id\":\"https:\\\/\\\/www.springclassic.cz\\\/#website\",\"url\":\"https:\\\/\\\/www.springclassic.cz\\\/\",\"name\":\"Spring Classic\",\"description\":\"Spring Classic\",\"potentialAction\":[{\"@type\":\"SearchAction\",\"target\":{\"@type\":\"EntryPoint\",\"urlTemplate\":\"https:\\\/\\\/www.springclassic.cz\\\/?s={search_term_string}\"},\"query-input\":{\"@type\":\"PropertyValueSpecification\",\"valueRequired\":true,\"valueName\":\"search_term_string\"}}],\"inLanguage\":\"de\"}]}<\/script>\n<!-- \/ Yoast SEO plugin. -->","yoast_head_json":{"title":"P\u0159ihl\u00e1\u0161en\u00e9 pos\u00e1dky - VII. Spring Classic 2026","description":"Seznam pos\u00e1dek p\u0159ihl\u00e1\u0161en\u00fdch do \u00favodn\u00edho podniku seri\u00e1lu veter\u00e1nsk\u00fdch setinov\u00fdch rallye Classic Challenge 2026.","robots":{"index":"index","follow":"follow","max-snippet":"max-snippet:-1","max-image-preview":"max-image-preview:large","max-video-preview":"max-video-preview:-1"},"canonical":"https:\/\/www.springclassic.cz\/posadky\/","og_locale":"de_DE","og_type":"article","og_title":"P\u0159ihl\u00e1\u0161en\u00e9 pos\u00e1dky - VII. Spring Classic 2026","og_description":"Seznam pos\u00e1dek p\u0159ihl\u00e1\u0161en\u00fdch do \u00favodn\u00edho podniku seri\u00e1lu veter\u00e1nsk\u00fdch setinov\u00fdch rallye Classic Challenge 2026.","og_url":"https:\/\/www.springclassic.cz\/posadky\/","og_site_name":"Spring Classic","article_modified_time":"2026-04-04T22:26:29+00:00","og_image":[{"width":2000,"height":1333,"url":"https:\/\/www.springclassic.cz\/wp-content\/uploads\/2025\/12\/cc2026_prihlasky3.jpg","type":"image\/jpeg"}],"twitter_card":"summary_large_image","twitter_title":"P\u0159ihl\u00e1\u0161en\u00e9 pos\u00e1dky - VII. Spring Classic 2026","twitter_description":"Seznam pos\u00e1dek p\u0159ihl\u00e1\u0161en\u00fdch do \u00favodn\u00edho podniku seri\u00e1lu veter\u00e1nsk\u00fdch setinov\u00fdch rallye Classic Challenge 2026.","twitter_image":"https:\/\/www.springclassic.cz\/wp-content\/uploads\/2025\/12\/cc2026_prihlasky3.jpg","twitter_misc":{"Gesch\u00e4tzte Lesezeit":"1\u00a0Minute"},"schema":{"@context":"https:\/\/schema.org","@graph":[{"@type":"WebPage","@id":"https:\/\/www.springclassic.cz\/posadky\/","url":"https:\/\/www.springclassic.cz\/posadky\/","name":"P\u0159ihl\u00e1\u0161en\u00e9 pos\u00e1dky - VII. Spring Classic 2026","isPartOf":{"@id":"https:\/\/www.springclassic.cz\/#website"},"primaryImageOfPage":{"@id":"https:\/\/www.springclassic.cz\/posadky\/#primaryimage"},"image":{"@id":"https:\/\/www.springclassic.cz\/posadky\/#primaryimage"},"thumbnailUrl":"https:\/\/www.springclassic.cz\/wp-content\/uploads\/2025\/12\/cc2026_prihlasky3.jpg","datePublished":"2021-12-23T10:37:44+00:00","dateModified":"2026-04-04T22:26:29+00:00","description":"Seznam pos\u00e1dek p\u0159ihl\u00e1\u0161en\u00fdch do \u00favodn\u00edho podniku seri\u00e1lu veter\u00e1nsk\u00fdch setinov\u00fdch rallye Classic Challenge 2026.","breadcrumb":{"@id":"https:\/\/www.springclassic.cz\/posadky\/#breadcrumb"},"inLanguage":"de","potentialAction":[{"@type":"ReadAction","target":["https:\/\/www.springclassic.cz\/posadky\/"]}]},{"@type":"ImageObject","inLanguage":"de","@id":"https:\/\/www.springclassic.cz\/posadky\/#primaryimage","url":"https:\/\/www.springclassic.cz\/wp-content\/uploads\/2025\/12\/cc2026_prihlasky3.jpg","contentUrl":"https:\/\/www.springclassic.cz\/wp-content\/uploads\/2025\/12\/cc2026_prihlasky3.jpg","width":2000,"height":1333},{"@type":"BreadcrumbList","@id":"https:\/\/www.springclassic.cz\/posadky\/#breadcrumb","itemListElement":[{"@type":"ListItem","position":1,"name":"Dom\u016f","item":"https:\/\/www.springclassic.cz\/"},{"@type":"ListItem","position":2,"name":"P\u0159ihl\u00e1\u0161en\u00e9 pos\u00e1dky"}]},{"@type":"WebSite","@id":"https:\/\/www.springclassic.cz\/#website","url":"https:\/\/www.springclassic.cz\/","name":"Spring Classic","description":"Spring Classic","potentialAction":[{"@type":"SearchAction","target":{"@type":"EntryPoint","urlTemplate":"https:\/\/www.springclassic.cz\/?s={search_term_string}"},"query-input":{"@type":"PropertyValueSpecification","valueRequired":true,"valueName":"search_term_string"}}],"inLanguage":"de"}]}},"_links":{"self":[{"href":"https:\/\/www.springclassic.cz\/de\/wp-json\/wp\/v2\/pages\/9944","targetHints":{"allow":["GET"]}}],"collection":[{"href":"https:\/\/www.springclassic.cz\/de\/wp-json\/wp\/v2\/pages"}],"about":[{"href":"https:\/\/www.springclassic.cz\/de\/wp-json\/wp\/v2\/types\/page"}],"author":[{"embeddable":true,"href":"https:\/\/www.springclassic.cz\/de\/wp-json\/wp\/v2\/users\/2"}],"replies":[{"embeddable":true,"href":"https:\/\/www.springclassic.cz\/de\/wp-json\/wp\/v2\/comments?post=9944"}],"version-history":[{"count":46,"href":"https:\/\/www.springclassic.cz\/de\/wp-json\/wp\/v2\/pages\/9944\/revisions"}],"predecessor-version":[{"id":12500,"href":"https:\/\/www.springclassic.cz\/de\/wp-json\/wp\/v2\/pages\/9944\/revisions\/12500"}],"wp:featuredmedia":[{"embeddable":true,"href":"https:\/\/www.springclassic.cz\/de\/wp-json\/wp\/v2\/media\/12434"}],"wp:attachment":[{"href":"https:\/\/www.springclassic.cz\/de\/wp-json\/wp\/v2\/media?parent=9944"}],"curies":[{"name":"wp","href":"https:\/\/api.w.org\/{rel}","templated":true}]}}