{"id":8892,"date":"2021-06-03T00:03:14","date_gmt":"2021-06-02T23:03:14","guid":{"rendered":"https:\/\/www.springclassic.cz\/?page_id=8892"},"modified":"2021-07-08T22:54:59","modified_gmt":"2021-07-08T21:54:59","slug":"vysledky-2021","status":"publish","type":"page","link":"https:\/\/www.springclassic.cz\/de\/vysledky-2021\/","title":{"rendered":"V\u00fdsledky II. Spring Classic 2021"},"content":{"rendered":"\n<p><strong>RT 1 AR SERVIS | Str\u00e1\u017e nad Ne\u017e\u00e1rkou<\/strong><br><a href=\"https:\/\/www.springclassic.cz\/wp-content\/uploads\/2021\/06\/ii-spring-classic-2021_RT1_classic_20210605-120023.pdf\" target=\"_blank\" rel=\"noreferrer noopener\"><strong><span style=\"text-decoration: underline;\">Classic<\/span><\/strong><\/a>&nbsp;&#8211; <a href=\"https:\/\/www.springclassic.cz\/wp-content\/uploads\/2021\/06\/ii-spring-classic-2021_RT1_exclusive_20210605-120040.pdf\" target=\"_blank\" rel=\"noreferrer noopener\"><strong><span style=\"text-decoration: underline;\">Exclusive<\/span><\/strong><\/a><\/p>\n\n\n\n<p><strong>ST 1 M\u011bsto Jind\u0159ich\u016fv Hradec | Str\u00e1\u017e nad Ne\u017e\u00e1rkou<\/strong><br><a href=\"https:\/\/www.springclassic.cz\/wp-content\/uploads\/2021\/06\/ii-spring-classic-2021_ST1_classic_20210605-120530.pdf\" target=\"_blank\" rel=\"noreferrer noopener\"><strong><span style=\"text-decoration: underline;\">Classic<\/span><\/strong><\/a>&nbsp;&#8211; <a href=\"https:\/\/www.springclassic.cz\/wp-content\/uploads\/2021\/06\/ii-spring-classic-2021_ST1_exclusive_20210605-120544.pdf\" target=\"_blank\" rel=\"noreferrer noopener\"><strong><span style=\"text-decoration: underline;\">Exclusive<\/span><\/strong><\/a><\/p>\n\n\n\n<p><strong>RT 2 INOTECH electronic | Kun\u017eak<\/strong><br><a href=\"https:\/\/www.springclassic.cz\/wp-content\/uploads\/2021\/06\/ii-spring-classic-2021_RT2_classic_20210605-135206.pdf\" target=\"_blank\" rel=\"noreferrer noopener\"><strong><span style=\"text-decoration: underline;\">Classic<\/span><\/strong><\/a>&nbsp;&#8211; <a href=\"https:\/\/www.springclassic.cz\/wp-content\/uploads\/2021\/06\/ii-spring-classic-2021_RT2_exclusive_20210605-135216.pdf\"><strong><span style=\"text-decoration: underline;\">Exclusive<\/span><\/strong><\/a><\/p>\n\n\n\n<p><strong>RT 3 Pivovar Kamenice | \u017dirovnice<\/strong><br><a href=\"https:\/\/www.springclassic.cz\/wp-content\/uploads\/2021\/06\/ii-spring-classic-2021_RT3_classic_20210605-151146.pdf\" target=\"_blank\" rel=\"noreferrer noopener\"><strong><span style=\"text-decoration: underline;\">Classic<\/span><\/strong><\/a>&nbsp;&#8211; <a href=\"https:\/\/www.springclassic.cz\/wp-content\/uploads\/2021\/06\/ii-spring-classic-2021_RT3_exclusive_20210605-142403.pdf\" target=\"_blank\" rel=\"noreferrer noopener\"><strong><span style=\"text-decoration: underline;\">Exclusive<\/span><\/strong><\/a><\/p>\n\n\n\n<p><strong>RT 4 SM produkt | Po\u010d\u00e1tky<\/strong><br><a href=\"https:\/\/www.springclassic.cz\/wp-content\/uploads\/2021\/06\/ii-spring-classic-2021_RT4_classic_20210605-152118.pdf\" target=\"_blank\" rel=\"noreferrer noopener\"><strong><span style=\"text-decoration: underline;\">Classic<\/span><\/strong><\/a>&nbsp;&#8211; <a href=\"https:\/\/www.springclassic.cz\/wp-content\/uploads\/2021\/06\/ii-spring-classic-2021_RT4_exclusive_20210605-152127.pdf\" target=\"_blank\" rel=\"noreferrer noopener\"><strong><span style=\"text-decoration: underline;\">Exclusive<\/span><\/strong><\/a><\/p>\n\n\n\n<p><strong>RT 5 120 let \u0160KODA Motorsport | Horn\u00ed Cerekev<\/strong><br><a href=\"https:\/\/www.springclassic.cz\/wp-content\/uploads\/2021\/06\/ii-spring-classic-2021_RT5_classic_20210605-154059.pdf\" target=\"_blank\" rel=\"noreferrer noopener\"><strong><span style=\"text-decoration: underline;\">Classic<\/span><\/strong><\/a>&nbsp;&#8211; <a href=\"https:\/\/www.springclassic.cz\/wp-content\/uploads\/2021\/06\/ii-spring-classic-2021_RT5_exclusive_20210605-154109.pdf\" target=\"_blank\" rel=\"noreferrer noopener\"><strong><span style=\"text-decoration: underline;\">Exclusive<\/span><\/strong><\/a><\/p>\n\n\n\n<p><strong>RT 6 Pono\u017ekovice | Da\u010dice<\/strong><br><a href=\"https:\/\/www.springclassic.cz\/wp-content\/uploads\/2021\/06\/ii-spring-classic-2021_RT6_classic_20210605-170447.pdf\" target=\"_blank\" rel=\"noreferrer noopener\"><strong><span style=\"text-decoration: underline;\">Classic<\/span><\/strong><\/a>&nbsp;&#8211; <a href=\"https:\/\/www.springclassic.cz\/wp-content\/uploads\/2021\/06\/ii-spring-classic-2021_RT6_exclusive_20210605-170455.pdf\" target=\"_blank\" rel=\"noreferrer noopener\"><strong><span style=\"text-decoration: underline;\">Exclusive<\/span><\/strong><\/a><\/p>\n\n\n\n<p><strong>RT 7 \u00daAMK | Slavonice<\/strong><br><a href=\"https:\/\/www.springclassic.cz\/wp-content\/uploads\/2021\/06\/ii-spring-classic-2021_RT7_classic_20210605-172238.pdf\" target=\"_blank\" rel=\"noreferrer noopener\"><strong><span style=\"text-decoration: underline;\">Classic<\/span><\/strong><\/a>&nbsp;&#8211; <a href=\"https:\/\/www.springclassic.cz\/wp-content\/uploads\/2021\/06\/ii-spring-classic-2021_RT7_exclusive_20210605-172246.pdf\" target=\"_blank\" rel=\"noreferrer noopener\"><strong><span style=\"text-decoration: underline;\">Exclusive<\/span><\/strong><\/a><\/p>\n\n\n\n<p><strong>RT 8 Auto Veteran Kaleidoskop | Kun\u011bjov \/ \u010clunek<\/strong><br><a href=\"https:\/\/www.springclassic.cz\/wp-content\/uploads\/2021\/06\/ii-spring-classic-2021_RT8_classic_20210605-185827.pdf\" target=\"_blank\" rel=\"noreferrer noopener\"><strong><span style=\"text-decoration: underline;\">Classic<\/span><\/strong><\/a>&nbsp;&#8211; <a href=\"https:\/\/www.springclassic.cz\/wp-content\/uploads\/2021\/06\/ii-spring-classic-2021_RT8_exclusive_20210605-185844.pdf\" target=\"_blank\" rel=\"noreferrer noopener\"><strong><span style=\"text-decoration: underline;\">Exclusive<\/span><\/strong><\/a><\/p>\n\n\n\n<p><strong>ST 2 \u010cK motorsport | <strong>Kun\u011bjov \/ \u010clunek<\/strong><\/strong><br><strong><span style=\"text-decoration: underline;\"><a href=\"https:\/\/www.springclassic.cz\/wp-content\/uploads\/2021\/06\/ii-spring-classic-2021_ST2_classic_20210605-185834.pdf\" target=\"_blank\" rel=\"noreferrer noopener\">Classic<\/a><\/span><\/strong>&nbsp;&#8211; <a href=\"https:\/\/www.springclassic.cz\/wp-content\/uploads\/2021\/06\/ii-spring-classic-2021_ST2_exclusive_20210605-185852.pdf\" target=\"_blank\" rel=\"noreferrer noopener\"><strong><span style=\"text-decoration: underline;\">Exclusive<\/span><\/strong><\/a><\/p>\n\n\n\n<h4 class=\"wp-block-heading\"><strong>Seznam penalizac\u00ed<\/strong><\/h4>\n\n\n\n<p><strong><span style=\"text-decoration: underline;\"><a href=\"https:\/\/www.springclassic.cz\/wp-content\/uploads\/2021\/06\/ii-spring-classic-2021_penalties_20210605-211704.pdf\" target=\"_blank\" rel=\"noreferrer noopener\">Penalizace<\/a><\/span><\/strong><\/p>\n\n\n\n<h4 class=\"wp-block-heading\"><strong>Ofici\u00e1ln\u00ed kone\u010dn\u00e9 v\u00fdsledky<\/strong><\/h4>\n\n\n\n<ul class=\"wp-block-list\" id=\"block-968e2f47-b083-4617-8dde-ebed2bf19672\"><li><strong><span style=\"text-decoration: underline;\"><a href=\"https:\/\/www.springclassic.cz\/wp-content\/uploads\/2021\/06\/ii-spring-classic-2021_final_classic_20210605-211654.pdf\" target=\"_blank\" rel=\"noreferrer noopener\">Classic<\/a><\/span><\/strong><\/li><li><strong><span style=\"text-decoration: underline;\"><a href=\"https:\/\/www.springclassic.cz\/wp-content\/uploads\/2021\/06\/ii-spring-classic-2021_final_exclusive_20210605-200120.pdf\" target=\"_blank\" rel=\"noreferrer noopener\">Exclusive<\/a><\/span><\/strong><\/li><li><strong><span style=\"text-decoration: underline;\"><a href=\"https:\/\/www.springclassic.cz\/wp-content\/uploads\/2021\/06\/ii-spring-classic-2021_final_mechanicke-stopky_20210605-201335.pdf\" target=\"_blank\" rel=\"noreferrer noopener\">Mechanick\u00e9 stopky<\/a><\/span><\/strong><\/li><li><strong><span style=\"text-decoration: underline;\"><a href=\"https:\/\/www.springclassic.cz\/wp-content\/uploads\/2021\/06\/ii-spring-classic-2021_final_damsky-pohar_20210605-200140.pdf\" target=\"_blank\" rel=\"noreferrer noopener\">D\u00e1msk\u00fd poh\u00e1r<\/a><\/span><\/strong><\/li><li><strong><span style=\"text-decoration: underline;\"><a href=\"https:\/\/www.springclassic.cz\/wp-content\/uploads\/2021\/06\/ii-spring-classic-2021_final_rodinny-pohar_20210606-203822.pdf\" target=\"_blank\" rel=\"noreferrer noopener\">Rodinn\u00fd poh\u00e1r<\/a><\/span><\/strong><\/li><li><strong><span style=\"text-decoration: underline;\"><a href=\"https:\/\/www.springclassic.cz\/wp-content\/uploads\/2021\/06\/ii-spring-classic-2021_team_cup_20210605-200102.pdf\" target=\"_blank\" rel=\"noreferrer noopener\">T\u00fdmov\u00fd poh\u00e1r<\/a><\/span><\/strong><\/li><li><strong><span style=\"text-decoration: underline;\"><a href=\"https:\/\/www.springclassic.cz\/wp-content\/uploads\/2021\/06\/ii-spring-classic-2021_final_pohar-skoda-classic_20210605-211720.pdf\" target=\"_blank\" rel=\"noreferrer noopener\">Poh\u00e1r \u0160KODA Classic<\/a><\/span><\/strong><\/li><li><strong><span style=\"text-decoration: underline;\"><a href=\"https:\/\/www.springclassic.cz\/wp-content\/uploads\/2021\/06\/ii-spring-classic-2021_final_pohar-porsche-classic-2021-o-cenu-jaroslava-juhana_20210605-200259.pdf\" target=\"_blank\" rel=\"noreferrer noopener\">Poh\u00e1r Porsche Classic o cenu Jaroslava Juhana<\/a><\/span><\/strong><\/li><\/ul>\n\n\n\n<p><strong><a href=\"https:\/\/www.springclassic.cz\/wp-content\/uploads\/2021\/07\/cc2021_poradi.pdf\" target=\"_blank\" rel=\"noreferrer noopener\">Pr\u016fb\u011b\u017en\u00e9 po\u0159ad\u00ed \u00daAMK Classic Challenge po Moravian Wallachia Classic<\/a><\/strong><\/p>\n","protected":false},"excerpt":{"rendered":"<p>RT 1 AR SERVIS | Str\u00e1\u017e nad Ne\u017e\u00e1rkouClassic&nbsp;&#8211; Exclusive ST 1 M\u011bsto Jind\u0159ich\u016fv Hradec | Str\u00e1\u017e nad Ne\u017e\u00e1rkouClassic&nbsp;&#8211; Exclusive RT 2 INOTECH electronic | Kun\u017eakClassic&nbsp;&#8211; Exclusive RT 3 Pivovar Kamenice | \u017dirovniceClassic&nbsp;&#8211; Exclusive RT 4 SM produkt | Po\u010d\u00e1tkyClassic&nbsp;&#8211; Exclusive RT 5 120 let \u0160KODA Motorsport | Horn\u00ed CerekevClassic&nbsp;&#8211; Exclusive RT 6 Pono\u017ekovice | Da\u010diceClassic&nbsp;&#8211; [&hellip;]<\/p>\n","protected":false},"author":2,"featured_media":0,"parent":0,"menu_order":0,"comment_status":"closed","ping_status":"closed","template":"","meta":{"_acf_changed":false,"ngg_post_thumbnail":0,"footnotes":""},"class_list":["post-8892","page","type-page","status-publish","hentry"],"acf":[],"yoast_head":"<!-- This site is optimized with the Yoast SEO plugin v27.4 - https:\/\/yoast.com\/product\/yoast-seo-wordpress\/ -->\n<title>V\u00fdsledky II. Spring Classic 2021 - Spring Classic<\/title>\n<meta name=\"robots\" content=\"index, follow, max-snippet:-1, max-image-preview:large, max-video-preview:-1\" \/>\n<link rel=\"canonical\" href=\"https:\/\/www.springclassic.cz\/vysledky-2021\/\" \/>\n<meta property=\"og:locale\" content=\"de_DE\" \/>\n<meta property=\"og:type\" content=\"article\" \/>\n<meta property=\"og:title\" content=\"V\u00fdsledky II. Spring Classic 2021 - Spring Classic\" \/>\n<meta property=\"og:description\" content=\"RT 1 AR SERVIS | Str\u00e1\u017e nad Ne\u017e\u00e1rkouClassic&nbsp;&#8211; Exclusive ST 1 M\u011bsto Jind\u0159ich\u016fv Hradec | Str\u00e1\u017e nad Ne\u017e\u00e1rkouClassic&nbsp;&#8211; Exclusive RT 2 INOTECH electronic | Kun\u017eakClassic&nbsp;&#8211; Exclusive RT 3 Pivovar Kamenice | \u017dirovniceClassic&nbsp;&#8211; Exclusive RT 4 SM produkt | Po\u010d\u00e1tkyClassic&nbsp;&#8211; Exclusive RT 5 120 let \u0160KODA Motorsport | Horn\u00ed CerekevClassic&nbsp;&#8211; Exclusive RT 6 Pono\u017ekovice | Da\u010diceClassic&nbsp;&#8211; [&hellip;]\" \/>\n<meta property=\"og:url\" content=\"https:\/\/www.springclassic.cz\/vysledky-2021\/\" \/>\n<meta property=\"og:site_name\" content=\"Spring Classic\" \/>\n<meta property=\"article:modified_time\" content=\"2021-07-08T21:54:59+00:00\" \/>\n<meta name=\"twitter:card\" content=\"summary_large_image\" \/>\n<meta name=\"twitter:label1\" content=\"Gesch\u00e4tzte Lesezeit\" \/>\n\t<meta name=\"twitter:data1\" content=\"1\u00a0Minute\" \/>\n<script type=\"application\/ld+json\" class=\"yoast-schema-graph\">{\"@context\":\"https:\\\/\\\/schema.org\",\"@graph\":[{\"@type\":\"WebPage\",\"@id\":\"https:\\\/\\\/www.springclassic.cz\\\/vysledky-2021\\\/\",\"url\":\"https:\\\/\\\/www.springclassic.cz\\\/vysledky-2021\\\/\",\"name\":\"V\u00fdsledky II. Spring Classic 2021 - Spring Classic\",\"isPartOf\":{\"@id\":\"https:\\\/\\\/www.springclassic.cz\\\/#website\"},\"datePublished\":\"2021-06-02T23:03:14+00:00\",\"dateModified\":\"2021-07-08T21:54:59+00:00\",\"breadcrumb\":{\"@id\":\"https:\\\/\\\/www.springclassic.cz\\\/vysledky-2021\\\/#breadcrumb\"},\"inLanguage\":\"de\",\"potentialAction\":[{\"@type\":\"ReadAction\",\"target\":[\"https:\\\/\\\/www.springclassic.cz\\\/vysledky-2021\\\/\"]}]},{\"@type\":\"BreadcrumbList\",\"@id\":\"https:\\\/\\\/www.springclassic.cz\\\/vysledky-2021\\\/#breadcrumb\",\"itemListElement\":[{\"@type\":\"ListItem\",\"position\":1,\"name\":\"Dom\u016f\",\"item\":\"https:\\\/\\\/www.springclassic.cz\\\/\"},{\"@type\":\"ListItem\",\"position\":2,\"name\":\"V\u00fdsledky II. Spring Classic 2021\"}]},{\"@type\":\"WebSite\",\"@id\":\"https:\\\/\\\/www.springclassic.cz\\\/#website\",\"url\":\"https:\\\/\\\/www.springclassic.cz\\\/\",\"name\":\"Spring Classic\",\"description\":\"Spring Classic\",\"potentialAction\":[{\"@type\":\"SearchAction\",\"target\":{\"@type\":\"EntryPoint\",\"urlTemplate\":\"https:\\\/\\\/www.springclassic.cz\\\/?s={search_term_string}\"},\"query-input\":{\"@type\":\"PropertyValueSpecification\",\"valueRequired\":true,\"valueName\":\"search_term_string\"}}],\"inLanguage\":\"de\"}]}<\/script>\n<!-- \/ Yoast SEO plugin. -->","yoast_head_json":{"title":"V\u00fdsledky II. Spring Classic 2021 - Spring Classic","robots":{"index":"index","follow":"follow","max-snippet":"max-snippet:-1","max-image-preview":"max-image-preview:large","max-video-preview":"max-video-preview:-1"},"canonical":"https:\/\/www.springclassic.cz\/vysledky-2021\/","og_locale":"de_DE","og_type":"article","og_title":"V\u00fdsledky II. Spring Classic 2021 - Spring Classic","og_description":"RT 1 AR SERVIS | Str\u00e1\u017e nad Ne\u017e\u00e1rkouClassic&nbsp;&#8211; Exclusive ST 1 M\u011bsto Jind\u0159ich\u016fv Hradec | Str\u00e1\u017e nad Ne\u017e\u00e1rkouClassic&nbsp;&#8211; Exclusive RT 2 INOTECH electronic | Kun\u017eakClassic&nbsp;&#8211; Exclusive RT 3 Pivovar Kamenice | \u017dirovniceClassic&nbsp;&#8211; Exclusive RT 4 SM produkt | Po\u010d\u00e1tkyClassic&nbsp;&#8211; Exclusive RT 5 120 let \u0160KODA Motorsport | Horn\u00ed CerekevClassic&nbsp;&#8211; Exclusive RT 6 Pono\u017ekovice | Da\u010diceClassic&nbsp;&#8211; [&hellip;]","og_url":"https:\/\/www.springclassic.cz\/vysledky-2021\/","og_site_name":"Spring Classic","article_modified_time":"2021-07-08T21:54:59+00:00","twitter_card":"summary_large_image","twitter_misc":{"Gesch\u00e4tzte Lesezeit":"1\u00a0Minute"},"schema":{"@context":"https:\/\/schema.org","@graph":[{"@type":"WebPage","@id":"https:\/\/www.springclassic.cz\/vysledky-2021\/","url":"https:\/\/www.springclassic.cz\/vysledky-2021\/","name":"V\u00fdsledky II. Spring Classic 2021 - Spring Classic","isPartOf":{"@id":"https:\/\/www.springclassic.cz\/#website"},"datePublished":"2021-06-02T23:03:14+00:00","dateModified":"2021-07-08T21:54:59+00:00","breadcrumb":{"@id":"https:\/\/www.springclassic.cz\/vysledky-2021\/#breadcrumb"},"inLanguage":"de","potentialAction":[{"@type":"ReadAction","target":["https:\/\/www.springclassic.cz\/vysledky-2021\/"]}]},{"@type":"BreadcrumbList","@id":"https:\/\/www.springclassic.cz\/vysledky-2021\/#breadcrumb","itemListElement":[{"@type":"ListItem","position":1,"name":"Dom\u016f","item":"https:\/\/www.springclassic.cz\/"},{"@type":"ListItem","position":2,"name":"V\u00fdsledky II. Spring Classic 2021"}]},{"@type":"WebSite","@id":"https:\/\/www.springclassic.cz\/#website","url":"https:\/\/www.springclassic.cz\/","name":"Spring Classic","description":"Spring Classic","potentialAction":[{"@type":"SearchAction","target":{"@type":"EntryPoint","urlTemplate":"https:\/\/www.springclassic.cz\/?s={search_term_string}"},"query-input":{"@type":"PropertyValueSpecification","valueRequired":true,"valueName":"search_term_string"}}],"inLanguage":"de"}]}},"_links":{"self":[{"href":"https:\/\/www.springclassic.cz\/de\/wp-json\/wp\/v2\/pages\/8892","targetHints":{"allow":["GET"]}}],"collection":[{"href":"https:\/\/www.springclassic.cz\/de\/wp-json\/wp\/v2\/pages"}],"about":[{"href":"https:\/\/www.springclassic.cz\/de\/wp-json\/wp\/v2\/types\/page"}],"author":[{"embeddable":true,"href":"https:\/\/www.springclassic.cz\/de\/wp-json\/wp\/v2\/users\/2"}],"replies":[{"embeddable":true,"href":"https:\/\/www.springclassic.cz\/de\/wp-json\/wp\/v2\/comments?post=8892"}],"version-history":[{"count":32,"href":"https:\/\/www.springclassic.cz\/de\/wp-json\/wp\/v2\/pages\/8892\/revisions"}],"predecessor-version":[{"id":9761,"href":"https:\/\/www.springclassic.cz\/de\/wp-json\/wp\/v2\/pages\/8892\/revisions\/9761"}],"wp:attachment":[{"href":"https:\/\/www.springclassic.cz\/de\/wp-json\/wp\/v2\/media?parent=8892"}],"curies":[{"name":"wp","href":"https:\/\/api.w.org\/{rel}","templated":true}]}}