{"id":8721,"date":"2021-02-02T13:24:53","date_gmt":"2021-02-02T12:24:53","guid":{"rendered":"https:\/\/www.springclassic.cz\/?page_id=8721"},"modified":"2022-04-15T15:33:16","modified_gmt":"2022-04-15T14:33:16","slug":"vyveska-2021","status":"publish","type":"page","link":"https:\/\/www.springclassic.cz\/de\/vyveska-2021\/","title":{"rendered":"Online Aushang 2021"},"content":{"rendered":"<p><\/p>\n<ul>\n<li><strong><a href=\"https:\/\/www.springclassic.cz\/wp-content\/uploads\/2021\/06\/sc2021_start-order.pdf\">Start list<\/a><\/strong><\/li>\n<li><a href=\"https:\/\/www.springclassic.cz\/wp-content\/uploads\/2021\/06\/sc2021_harmonogram.pdf\" target=\"_blank\" rel=\"noopener noreferrer\"><strong>Zeitplan<\/strong><\/a><\/li>\n<li><strong><a href=\"https:\/\/www.springclassic.cz\/wp-content\/uploads\/2021\/06\/sc2021_prihlasene-posadky.pdf\" target=\"_blank\" rel=\"noopener\">Nennliste<\/a><\/strong><\/li>\n<li><a href=\"https:\/\/www.springclassic.cz\/wp-content\/uploads\/2021\/06\/sc2021_zu.pdf\"><strong>Ausschreibung (CZ)<\/strong><\/a><\/li>\n<li><strong><a href=\"https:\/\/www.springclassic.cz\/prihlaska\/\">Nennung<\/a><\/strong><\/li>\n<li><strong><a href=\"https:\/\/www.springclassic.cz\/en\/propozice-classic-challenge-2021\/\">Classic Challenge 2021 (EN)<\/a><\/strong><\/li>\n<\/ul>\n<p><\/p>","protected":false},"excerpt":{"rendered":"<p>Start list Zeitplan Nennliste Ausschreibung (CZ) Nennung Classic Challenge 2021 (EN)<\/p>\n","protected":false},"author":2,"featured_media":0,"parent":0,"menu_order":0,"comment_status":"closed","ping_status":"closed","template":"","meta":{"_acf_changed":false,"ngg_post_thumbnail":0,"footnotes":""},"class_list":["post-8721","page","type-page","status-publish","hentry"],"acf":[],"yoast_head":"<!-- This site is optimized with the Yoast SEO plugin v27.5 - https:\/\/yoast.com\/product\/yoast-seo-wordpress\/ -->\n<title>Online Aushang 2021 - Spring Classic<\/title>\n<meta name=\"robots\" content=\"index, follow, max-snippet:-1, max-image-preview:large, max-video-preview:-1\" \/>\n<link rel=\"canonical\" href=\"https:\/\/www.springclassic.cz\/vyveska-2021\/\" \/>\n<meta property=\"og:locale\" content=\"de_DE\" \/>\n<meta property=\"og:type\" content=\"article\" \/>\n<meta property=\"og:title\" content=\"[:cs]Elektronick\u00e1 v\u00fdv\u011bska 2021[:de]Online Aushang 2021[:en]Online Notice Board 2021[:] - Spring Classic\" \/>\n<meta property=\"og:description\" content=\"Start list Zeitplan Nennliste Ausschreibung (CZ) Nennung Classic Challenge 2021 (EN)\" \/>\n<meta property=\"og:url\" content=\"https:\/\/www.springclassic.cz\/vyveska-2021\/\" \/>\n<meta property=\"og:site_name\" content=\"Spring Classic\" \/>\n<meta property=\"article:modified_time\" content=\"2022-04-15T14:33:16+00:00\" \/>\n<meta name=\"twitter:card\" content=\"summary_large_image\" \/>\n<meta name=\"twitter:label1\" content=\"Gesch\u00e4tzte Lesezeit\" \/>\n\t<meta name=\"twitter:data1\" content=\"1\u00a0Minute\" \/>\n<script type=\"application\/ld+json\" class=\"yoast-schema-graph\">{\"@context\":\"https:\\\/\\\/schema.org\",\"@graph\":[{\"@type\":\"WebPage\",\"@id\":\"https:\\\/\\\/www.springclassic.cz\\\/vyveska-2021\\\/\",\"url\":\"https:\\\/\\\/www.springclassic.cz\\\/vyveska-2021\\\/\",\"name\":\"[:cs]Elektronick\u00e1 v\u00fdv\u011bska 2021[:de]Online Aushang 2021[:en]Online Notice Board 2021[:] - Spring Classic\",\"isPartOf\":{\"@id\":\"https:\\\/\\\/www.springclassic.cz\\\/#website\"},\"datePublished\":\"2021-02-02T12:24:53+00:00\",\"dateModified\":\"2022-04-15T14:33:16+00:00\",\"breadcrumb\":{\"@id\":\"https:\\\/\\\/www.springclassic.cz\\\/vyveska-2021\\\/#breadcrumb\"},\"inLanguage\":\"de\",\"potentialAction\":[{\"@type\":\"ReadAction\",\"target\":[\"https:\\\/\\\/www.springclassic.cz\\\/vyveska-2021\\\/\"]}]},{\"@type\":\"BreadcrumbList\",\"@id\":\"https:\\\/\\\/www.springclassic.cz\\\/vyveska-2021\\\/#breadcrumb\",\"itemListElement\":[{\"@type\":\"ListItem\",\"position\":1,\"name\":\"Dom\u016f\",\"item\":\"https:\\\/\\\/www.springclassic.cz\\\/\"},{\"@type\":\"ListItem\",\"position\":2,\"name\":\"Elektronick\u00e1 v\u00fdv\u011bska 2021\"}]},{\"@type\":\"WebSite\",\"@id\":\"https:\\\/\\\/www.springclassic.cz\\\/#website\",\"url\":\"https:\\\/\\\/www.springclassic.cz\\\/\",\"name\":\"Spring Classic\",\"description\":\"Spring Classic\",\"potentialAction\":[{\"@type\":\"SearchAction\",\"target\":{\"@type\":\"EntryPoint\",\"urlTemplate\":\"https:\\\/\\\/www.springclassic.cz\\\/?s={search_term_string}\"},\"query-input\":{\"@type\":\"PropertyValueSpecification\",\"valueRequired\":true,\"valueName\":\"search_term_string\"}}],\"inLanguage\":\"de\"}]}<\/script>\n<!-- \/ Yoast SEO plugin. -->","yoast_head_json":{"title":"[:cs]Elektronick\u00e1 v\u00fdv\u011bska 2021[:de]Online Aushang 2021[:en]Online Notice Board 2021[:] - Spring Classic","robots":{"index":"index","follow":"follow","max-snippet":"max-snippet:-1","max-image-preview":"max-image-preview:large","max-video-preview":"max-video-preview:-1"},"canonical":"https:\/\/www.springclassic.cz\/vyveska-2021\/","og_locale":"de_DE","og_type":"article","og_title":"[:cs]Elektronick\u00e1 v\u00fdv\u011bska 2021[:de]Online Aushang 2021[:en]Online Notice Board 2021[:] - Spring Classic","og_description":"Start list Zeitplan Nennliste Ausschreibung (CZ) Nennung Classic Challenge 2021 (EN)","og_url":"https:\/\/www.springclassic.cz\/vyveska-2021\/","og_site_name":"Spring Classic","article_modified_time":"2022-04-15T14:33:16+00:00","twitter_card":"summary_large_image","twitter_misc":{"Gesch\u00e4tzte Lesezeit":"1\u00a0Minute"},"schema":{"@context":"https:\/\/schema.org","@graph":[{"@type":"WebPage","@id":"https:\/\/www.springclassic.cz\/vyveska-2021\/","url":"https:\/\/www.springclassic.cz\/vyveska-2021\/","name":"[:cs]Elektronick\u00e1 v\u00fdv\u011bska 2021[:de]Online Aushang 2021[:en]Online Notice Board 2021[:] - Spring Classic","isPartOf":{"@id":"https:\/\/www.springclassic.cz\/#website"},"datePublished":"2021-02-02T12:24:53+00:00","dateModified":"2022-04-15T14:33:16+00:00","breadcrumb":{"@id":"https:\/\/www.springclassic.cz\/vyveska-2021\/#breadcrumb"},"inLanguage":"de","potentialAction":[{"@type":"ReadAction","target":["https:\/\/www.springclassic.cz\/vyveska-2021\/"]}]},{"@type":"BreadcrumbList","@id":"https:\/\/www.springclassic.cz\/vyveska-2021\/#breadcrumb","itemListElement":[{"@type":"ListItem","position":1,"name":"Dom\u016f","item":"https:\/\/www.springclassic.cz\/"},{"@type":"ListItem","position":2,"name":"Elektronick\u00e1 v\u00fdv\u011bska 2021"}]},{"@type":"WebSite","@id":"https:\/\/www.springclassic.cz\/#website","url":"https:\/\/www.springclassic.cz\/","name":"Spring Classic","description":"Spring Classic","potentialAction":[{"@type":"SearchAction","target":{"@type":"EntryPoint","urlTemplate":"https:\/\/www.springclassic.cz\/?s={search_term_string}"},"query-input":{"@type":"PropertyValueSpecification","valueRequired":true,"valueName":"search_term_string"}}],"inLanguage":"de"}]}},"_links":{"self":[{"href":"https:\/\/www.springclassic.cz\/de\/wp-json\/wp\/v2\/pages\/8721","targetHints":{"allow":["GET"]}}],"collection":[{"href":"https:\/\/www.springclassic.cz\/de\/wp-json\/wp\/v2\/pages"}],"about":[{"href":"https:\/\/www.springclassic.cz\/de\/wp-json\/wp\/v2\/types\/page"}],"author":[{"embeddable":true,"href":"https:\/\/www.springclassic.cz\/de\/wp-json\/wp\/v2\/users\/2"}],"replies":[{"embeddable":true,"href":"https:\/\/www.springclassic.cz\/de\/wp-json\/wp\/v2\/comments?post=8721"}],"version-history":[{"count":15,"href":"https:\/\/www.springclassic.cz\/de\/wp-json\/wp\/v2\/pages\/8721\/revisions"}],"predecessor-version":[{"id":10044,"href":"https:\/\/www.springclassic.cz\/de\/wp-json\/wp\/v2\/pages\/8721\/revisions\/10044"}],"wp:attachment":[{"href":"https:\/\/www.springclassic.cz\/de\/wp-json\/wp\/v2\/media?parent=8721"}],"curies":[{"name":"wp","href":"https:\/\/api.w.org\/{rel}","templated":true}]}}