{"id":8170,"date":"2020-06-08T09:27:33","date_gmt":"2020-06-08T08:27:33","guid":{"rendered":"https:\/\/www.springclassic.cz\/?page_id=8170"},"modified":"2020-06-18T10:10:14","modified_gmt":"2020-06-18T09:10:14","slug":"galerie-2020","status":"publish","type":"page","link":"https:\/\/www.springclassic.cz\/de\/galerie-2020\/","title":{"rendered":"I. Spring Classic 2020"},"content":{"rendered":"\n<p>M\u00e1te z\u00e1jem o fotografie v lep\u0161\u00edm rozli\u0161en\u00ed? Napi\u0161te na <strong><a rel=\"noreferrer noopener\" href=\"mailto:info@springclassic.cz\" target=\"_blank\">info@springclassic.cz<\/a><\/strong>.<\/p>\n\n\n\n<h4 class=\"wp-block-heading\"><a href=\"https:\/\/www.springclassic.cz\/spring-classic-2020-start\/\">Start sout\u011b\u017ee &#8211; v\u0161ichni \u00fa\u010dastn\u00edci<\/a><\/h4>\n\n\n\n<div style=\"height:20px\" aria-hidden=\"true\" class=\"wp-block-spacer\"><\/div>\n\n\n\n<p>Autor: <strong><a href=\"https:\/\/www.facebook.com\/ondrejkroutilphoto\/\" target=\"_blank\" rel=\"noreferrer noopener\">Ond\u0159ej Kroutil<\/a><\/strong><\/p>\n\n\n\nngg_shortcode_0_placeholder\n\n\n\n<p>Autor: <strong><a rel=\"noreferrer noopener\" href=\"https:\/\/www.facebook.com\/ondrejkroutilphoto\/\" target=\"_blank\">Zden\u011bk Kl\u00edma<\/a><\/strong><\/p>\n\n\n\nngg_shortcode_1_placeholder\n","protected":false},"excerpt":{"rendered":"<p>M\u00e1te z\u00e1jem o fotografie v lep\u0161\u00edm rozli\u0161en\u00ed? Napi\u0161te na info@springclassic.cz. Start sout\u011b\u017ee &#8211; v\u0161ichni \u00fa\u010dastn\u00edci Autor: Ond\u0159ej Kroutil Autor: Zden\u011bk Kl\u00edma<\/p>\n","protected":false},"author":2,"featured_media":0,"parent":0,"menu_order":0,"comment_status":"closed","ping_status":"closed","template":"","meta":{"_acf_changed":false,"ngg_post_thumbnail":0,"footnotes":""},"class_list":["post-8170","page","type-page","status-publish","hentry"],"acf":[],"yoast_head":"<!-- This site is optimized with the Yoast SEO plugin v27.4 - https:\/\/yoast.com\/product\/yoast-seo-wordpress\/ -->\n<title>I. Spring Classic 2020 - Spring Classic<\/title>\n<meta name=\"robots\" content=\"index, follow, max-snippet:-1, max-image-preview:large, max-video-preview:-1\" \/>\n<link rel=\"canonical\" href=\"https:\/\/www.springclassic.cz\/galerie-2020\/\" \/>\n<meta property=\"og:locale\" content=\"de_DE\" \/>\n<meta property=\"og:type\" content=\"article\" \/>\n<meta property=\"og:title\" content=\"I. Spring Classic 2020 - Spring Classic\" \/>\n<meta property=\"og:description\" content=\"M\u00e1te z\u00e1jem o fotografie v lep\u0161\u00edm rozli\u0161en\u00ed? Napi\u0161te na info@springclassic.cz. Start sout\u011b\u017ee &#8211; v\u0161ichni \u00fa\u010dastn\u00edci Autor: Ond\u0159ej Kroutil Autor: Zden\u011bk Kl\u00edma\" \/>\n<meta property=\"og:url\" content=\"https:\/\/www.springclassic.cz\/galerie-2020\/\" \/>\n<meta property=\"og:site_name\" content=\"Spring Classic\" \/>\n<meta property=\"article:modified_time\" content=\"2020-06-18T09:10:14+00:00\" \/>\n<meta name=\"twitter:card\" content=\"summary_large_image\" \/>\n<script type=\"application\/ld+json\" class=\"yoast-schema-graph\">{\"@context\":\"https:\\\/\\\/schema.org\",\"@graph\":[{\"@type\":\"WebPage\",\"@id\":\"https:\\\/\\\/www.springclassic.cz\\\/galerie-2020\\\/\",\"url\":\"https:\\\/\\\/www.springclassic.cz\\\/galerie-2020\\\/\",\"name\":\"I. Spring Classic 2020 - Spring Classic\",\"isPartOf\":{\"@id\":\"https:\\\/\\\/www.springclassic.cz\\\/#website\"},\"datePublished\":\"2020-06-08T08:27:33+00:00\",\"dateModified\":\"2020-06-18T09:10:14+00:00\",\"breadcrumb\":{\"@id\":\"https:\\\/\\\/www.springclassic.cz\\\/galerie-2020\\\/#breadcrumb\"},\"inLanguage\":\"de\",\"potentialAction\":[{\"@type\":\"ReadAction\",\"target\":[\"https:\\\/\\\/www.springclassic.cz\\\/galerie-2020\\\/\"]}]},{\"@type\":\"BreadcrumbList\",\"@id\":\"https:\\\/\\\/www.springclassic.cz\\\/galerie-2020\\\/#breadcrumb\",\"itemListElement\":[{\"@type\":\"ListItem\",\"position\":1,\"name\":\"Dom\u016f\",\"item\":\"https:\\\/\\\/www.springclassic.cz\\\/\"},{\"@type\":\"ListItem\",\"position\":2,\"name\":\"I. Spring Classic 2020\"}]},{\"@type\":\"WebSite\",\"@id\":\"https:\\\/\\\/www.springclassic.cz\\\/#website\",\"url\":\"https:\\\/\\\/www.springclassic.cz\\\/\",\"name\":\"Spring Classic\",\"description\":\"Spring Classic\",\"potentialAction\":[{\"@type\":\"SearchAction\",\"target\":{\"@type\":\"EntryPoint\",\"urlTemplate\":\"https:\\\/\\\/www.springclassic.cz\\\/?s={search_term_string}\"},\"query-input\":{\"@type\":\"PropertyValueSpecification\",\"valueRequired\":true,\"valueName\":\"search_term_string\"}}],\"inLanguage\":\"de\"}]}<\/script>\n<!-- \/ Yoast SEO plugin. -->","yoast_head_json":{"title":"I. Spring Classic 2020 - Spring Classic","robots":{"index":"index","follow":"follow","max-snippet":"max-snippet:-1","max-image-preview":"max-image-preview:large","max-video-preview":"max-video-preview:-1"},"canonical":"https:\/\/www.springclassic.cz\/galerie-2020\/","og_locale":"de_DE","og_type":"article","og_title":"I. Spring Classic 2020 - Spring Classic","og_description":"M\u00e1te z\u00e1jem o fotografie v lep\u0161\u00edm rozli\u0161en\u00ed? Napi\u0161te na info@springclassic.cz. Start sout\u011b\u017ee &#8211; v\u0161ichni \u00fa\u010dastn\u00edci Autor: Ond\u0159ej Kroutil Autor: Zden\u011bk Kl\u00edma","og_url":"https:\/\/www.springclassic.cz\/galerie-2020\/","og_site_name":"Spring Classic","article_modified_time":"2020-06-18T09:10:14+00:00","twitter_card":"summary_large_image","schema":{"@context":"https:\/\/schema.org","@graph":[{"@type":"WebPage","@id":"https:\/\/www.springclassic.cz\/galerie-2020\/","url":"https:\/\/www.springclassic.cz\/galerie-2020\/","name":"I. Spring Classic 2020 - Spring Classic","isPartOf":{"@id":"https:\/\/www.springclassic.cz\/#website"},"datePublished":"2020-06-08T08:27:33+00:00","dateModified":"2020-06-18T09:10:14+00:00","breadcrumb":{"@id":"https:\/\/www.springclassic.cz\/galerie-2020\/#breadcrumb"},"inLanguage":"de","potentialAction":[{"@type":"ReadAction","target":["https:\/\/www.springclassic.cz\/galerie-2020\/"]}]},{"@type":"BreadcrumbList","@id":"https:\/\/www.springclassic.cz\/galerie-2020\/#breadcrumb","itemListElement":[{"@type":"ListItem","position":1,"name":"Dom\u016f","item":"https:\/\/www.springclassic.cz\/"},{"@type":"ListItem","position":2,"name":"I. Spring Classic 2020"}]},{"@type":"WebSite","@id":"https:\/\/www.springclassic.cz\/#website","url":"https:\/\/www.springclassic.cz\/","name":"Spring Classic","description":"Spring Classic","potentialAction":[{"@type":"SearchAction","target":{"@type":"EntryPoint","urlTemplate":"https:\/\/www.springclassic.cz\/?s={search_term_string}"},"query-input":{"@type":"PropertyValueSpecification","valueRequired":true,"valueName":"search_term_string"}}],"inLanguage":"de"}]}},"_links":{"self":[{"href":"https:\/\/www.springclassic.cz\/de\/wp-json\/wp\/v2\/pages\/8170","targetHints":{"allow":["GET"]}}],"collection":[{"href":"https:\/\/www.springclassic.cz\/de\/wp-json\/wp\/v2\/pages"}],"about":[{"href":"https:\/\/www.springclassic.cz\/de\/wp-json\/wp\/v2\/types\/page"}],"author":[{"embeddable":true,"href":"https:\/\/www.springclassic.cz\/de\/wp-json\/wp\/v2\/users\/2"}],"replies":[{"embeddable":true,"href":"https:\/\/www.springclassic.cz\/de\/wp-json\/wp\/v2\/comments?post=8170"}],"version-history":[{"count":8,"href":"https:\/\/www.springclassic.cz\/de\/wp-json\/wp\/v2\/pages\/8170\/revisions"}],"predecessor-version":[{"id":8616,"href":"https:\/\/www.springclassic.cz\/de\/wp-json\/wp\/v2\/pages\/8170\/revisions\/8616"}],"wp:attachment":[{"href":"https:\/\/www.springclassic.cz\/de\/wp-json\/wp\/v2\/media?parent=8170"}],"curies":[{"name":"wp","href":"https:\/\/api.w.org\/{rel}","templated":true}]}}