{"id":6336,"date":"2020-05-27T13:30:12","date_gmt":"2020-05-27T12:30:12","guid":{"rendered":"https:\/\/www.springclassic.cz\/?page_id=6336"},"modified":"2020-11-02T17:45:06","modified_gmt":"2020-11-02T16:45:06","slug":"trasa-2020","status":"publish","type":"page","link":"https:\/\/www.springclassic.cz\/de\/trasa-2020\/","title":{"rendered":"Rallye-Route 2020"},"content":{"rendered":"<p><\/p>\n<h3>I. Spring Classic (202 km)<\/h3>\n<p><strong>Samstag 6. Juni 2020<\/strong><\/p>\n<p>10:00&nbsp; P\u00edsek-Hradi\u0161t\u011b, Go-Kart-Bereich &#8211; START &amp; TEST<br \/>\n10:08&nbsp; Z\u00e1tav\u00ed<br \/>\n10:10&nbsp; Kest\u0159any<br \/>\n10:12&nbsp; Nov\u00e9 Kest\u0159any<br \/>\n10:16&nbsp; \u0160t\u011bke\u0148<br \/>\n10:19&nbsp; P\u0159e\u0161\u0165ovice<br \/>\n10:30&nbsp; Strakonice, Brauerei &#8211; TEST<br \/>\n10:37&nbsp; Drachkov<br \/>\n10:39&nbsp; Sousedovice<br \/>\n10:41&nbsp; Lib\u011btice<br \/>\n10:45&nbsp; \u00dalehle<br \/>\n10:47&nbsp; Radkovice<br \/>\n10:49&nbsp; Zahor\u010dice<br \/>\n10:54&nbsp; N\u011bm\u010dice<br \/>\n10:57&nbsp; Hoslovice<br \/>\n11:00&nbsp; Zvotoky<br \/>\n11:07&nbsp; Volenice, Dorfplatz &#8211; TEST<br \/>\n11:12&nbsp; Krejnice<br \/>\n11:19&nbsp; Stra\u0161ice<br \/>\n11:24&nbsp; Par\u00fdzek<br \/>\n11:29&nbsp; Stra\u0161\u00edn, Feuerhaus &#8211; TEST<br \/>\n11:31&nbsp; Lazny<br \/>\n11:36&nbsp; Nezdice na \u0160umav\u011b<br \/>\n11:47&nbsp; Ka\u0161persk\u00e9 Hory<br \/>\n11:56&nbsp; Rej\u0161tejn<br \/>\n12:01&nbsp; \u010ce\u0148kova pila<br \/>\n12:06&nbsp; Srn\u00ed<br \/>\n12:20&nbsp; Modrava &#8211; 55 Minuten<br \/>\n13:18&nbsp; Filipova Hu\u0165<br \/>\n13:24&nbsp; Kvilda<br \/>\n13:42&nbsp; K\u016fsov<br \/>\n13:46&nbsp; Stachy<br \/>\n13:55&nbsp; Javorn\u00edk &#8211; 20 Minuten<br \/>\n14:16&nbsp; Javorn\u00edk &#8211; TEST<br \/>\n14:18&nbsp; Bo\u0161ice<br \/>\n14:20&nbsp; Lhota nad Rohanovem<br \/>\n14:24&nbsp; Vrbice<br \/>\n14:26&nbsp; Vacov, Busbahnhof &#8211; TEST<br \/>\n14:29&nbsp; P\u0159e\u010d\u00edn<br \/>\n14:31&nbsp; Chval\u0161ovice<br \/>\n14:36&nbsp; Vacovice<br \/>\n14:38&nbsp; Kru\u0161lov<br \/>\n14:41&nbsp; Naho\u0159any<br \/>\n14:49&nbsp; Malenice<br \/>\n14:53&nbsp; \u010cern\u011btice, Dorfplatz &#8211; TEST<br \/>\n14:57&nbsp; P\u0159edslavice, LIVA Museum &#8211; 10 Minuten<br \/>\n15:10&nbsp; Mar\u010dovice<br \/>\n15:12&nbsp; Kakovice<br \/>\n15:15&nbsp; \u010cep\u0159ovice<br \/>\n15:17&nbsp; Ov\u010d\u00edn<br \/>\n15:20&nbsp; Sk\u00e1ly<br \/>\n15:22&nbsp; Kv\u00e1skovice<br \/>\n15:24&nbsp; Para\u010dov<br \/>\n15:27&nbsp; Cehnice<br \/>\n15:33&nbsp; Mlad\u011bjovice<br \/>\n15:39&nbsp; Pam\u00e1tn\u00edk bitvy u Sudom\u011b\u0159e<br \/>\n15:44&nbsp; Ra\u017eice<br \/>\n15:48&nbsp; Putim<br \/>\n16:10&nbsp; P\u00edsek-Hradi\u0161t\u011b, Go-Kart-Bereich &#8211; TEST &amp; ZIEL<\/p>\n<p><\/p>","protected":false},"excerpt":{"rendered":"<p>I. Spring Classic (202 km) Samstag 6. Juni 2020 10:00&nbsp; P\u00edsek-Hradi\u0161t\u011b, Go-Kart-Bereich &#8211; START &amp; TEST 10:08&nbsp; Z\u00e1tav\u00ed 10:10&nbsp; Kest\u0159any 10:12&nbsp; Nov\u00e9 Kest\u0159any 10:16&nbsp; \u0160t\u011bke\u0148 10:19&nbsp; P\u0159e\u0161\u0165ovice 10:30&nbsp; Strakonice, Brauerei &#8211; TEST 10:37&nbsp; Drachkov 10:39&nbsp; Sousedovice 10:41&nbsp; Lib\u011btice 10:45&nbsp; \u00dalehle 10:47&nbsp; Radkovice 10:49&nbsp; Zahor\u010dice 10:54&nbsp; N\u011bm\u010dice 10:57&nbsp; Hoslovice 11:00&nbsp; Zvotoky 11:07&nbsp; Volenice, Dorfplatz &#8211; TEST [&hellip;]<\/p>\n","protected":false},"author":2,"featured_media":0,"parent":0,"menu_order":0,"comment_status":"closed","ping_status":"closed","template":"","meta":{"_acf_changed":false,"ngg_post_thumbnail":0,"footnotes":""},"class_list":["post-6336","page","type-page","status-publish","hentry"],"acf":[],"yoast_head":"<!-- This site is optimized with the Yoast SEO plugin v27.5 - https:\/\/yoast.com\/product\/yoast-seo-wordpress\/ -->\n<title>Rallye-Route 2020 - Spring Classic<\/title>\n<meta name=\"robots\" content=\"index, follow, max-snippet:-1, max-image-preview:large, max-video-preview:-1\" \/>\n<link rel=\"canonical\" href=\"https:\/\/www.springclassic.cz\/en\/trasa-2020\/\" \/>\n<meta property=\"og:locale\" content=\"de_DE\" \/>\n<meta property=\"og:type\" content=\"article\" \/>\n<meta property=\"og:title\" content=\"[:cs]Trasa sout\u011b\u017ee 2020[:de]Rallye-Route 2020[:en]Route 2020[:] - Spring Classic\" \/>\n<meta property=\"og:description\" content=\"I. Spring Classic (202 km) Samstag 6. Juni 2020 10:00&nbsp; P\u00edsek-Hradi\u0161t\u011b, Go-Kart-Bereich &#8211; START &amp; TEST 10:08&nbsp; Z\u00e1tav\u00ed 10:10&nbsp; Kest\u0159any 10:12&nbsp; Nov\u00e9 Kest\u0159any 10:16&nbsp; \u0160t\u011bke\u0148 10:19&nbsp; P\u0159e\u0161\u0165ovice 10:30&nbsp; Strakonice, Brauerei &#8211; TEST 10:37&nbsp; Drachkov 10:39&nbsp; Sousedovice 10:41&nbsp; Lib\u011btice 10:45&nbsp; \u00dalehle 10:47&nbsp; Radkovice 10:49&nbsp; Zahor\u010dice 10:54&nbsp; N\u011bm\u010dice 10:57&nbsp; Hoslovice 11:00&nbsp; Zvotoky 11:07&nbsp; Volenice, Dorfplatz &#8211; TEST [&hellip;]\" \/>\n<meta property=\"og:url\" content=\"https:\/\/www.springclassic.cz\/en\/trasa-2020\/\" \/>\n<meta property=\"og:site_name\" content=\"Spring Classic\" \/>\n<meta property=\"article:modified_time\" content=\"2020-11-02T16:45:06+00:00\" \/>\n<meta name=\"twitter:card\" content=\"summary_large_image\" \/>\n<meta name=\"twitter:label1\" content=\"Gesch\u00e4tzte Lesezeit\" \/>\n\t<meta name=\"twitter:data1\" content=\"3\u00a0Minuten\" \/>\n<script type=\"application\/ld+json\" class=\"yoast-schema-graph\">{\"@context\":\"https:\\\/\\\/schema.org\",\"@graph\":[{\"@type\":\"WebPage\",\"@id\":\"https:\\\/\\\/www.springclassic.cz\\\/en\\\/trasa-2020\\\/\",\"url\":\"https:\\\/\\\/www.springclassic.cz\\\/en\\\/trasa-2020\\\/\",\"name\":\"[:cs]Trasa sout\u011b\u017ee 2020[:de]Rallye-Route 2020[:en]Route 2020[:] - Spring Classic\",\"isPartOf\":{\"@id\":\"https:\\\/\\\/www.springclassic.cz\\\/#website\"},\"datePublished\":\"2020-05-27T12:30:12+00:00\",\"dateModified\":\"2020-11-02T16:45:06+00:00\",\"breadcrumb\":{\"@id\":\"https:\\\/\\\/www.springclassic.cz\\\/en\\\/trasa-2020\\\/#breadcrumb\"},\"inLanguage\":\"de\",\"potentialAction\":[{\"@type\":\"ReadAction\",\"target\":[\"https:\\\/\\\/www.springclassic.cz\\\/en\\\/trasa-2020\\\/\"]}]},{\"@type\":\"BreadcrumbList\",\"@id\":\"https:\\\/\\\/www.springclassic.cz\\\/en\\\/trasa-2020\\\/#breadcrumb\",\"itemListElement\":[{\"@type\":\"ListItem\",\"position\":1,\"name\":\"Dom\u016f\",\"item\":\"https:\\\/\\\/www.springclassic.cz\\\/\"},{\"@type\":\"ListItem\",\"position\":2,\"name\":\"Route 2020\"}]},{\"@type\":\"WebSite\",\"@id\":\"https:\\\/\\\/www.springclassic.cz\\\/#website\",\"url\":\"https:\\\/\\\/www.springclassic.cz\\\/\",\"name\":\"Spring Classic\",\"description\":\"Spring Classic\",\"potentialAction\":[{\"@type\":\"SearchAction\",\"target\":{\"@type\":\"EntryPoint\",\"urlTemplate\":\"https:\\\/\\\/www.springclassic.cz\\\/?s={search_term_string}\"},\"query-input\":{\"@type\":\"PropertyValueSpecification\",\"valueRequired\":true,\"valueName\":\"search_term_string\"}}],\"inLanguage\":\"de\"}]}<\/script>\n<!-- \/ Yoast SEO plugin. -->","yoast_head_json":{"title":"[:cs]Trasa sout\u011b\u017ee 2020[:de]Rallye-Route 2020[:en]Route 2020[:] - Spring Classic","robots":{"index":"index","follow":"follow","max-snippet":"max-snippet:-1","max-image-preview":"max-image-preview:large","max-video-preview":"max-video-preview:-1"},"canonical":"https:\/\/www.springclassic.cz\/en\/trasa-2020\/","og_locale":"de_DE","og_type":"article","og_title":"[:cs]Trasa sout\u011b\u017ee 2020[:de]Rallye-Route 2020[:en]Route 2020[:] - Spring Classic","og_description":"I. Spring Classic (202 km) Samstag 6. Juni 2020 10:00&nbsp; P\u00edsek-Hradi\u0161t\u011b, Go-Kart-Bereich &#8211; START &amp; TEST 10:08&nbsp; Z\u00e1tav\u00ed 10:10&nbsp; Kest\u0159any 10:12&nbsp; Nov\u00e9 Kest\u0159any 10:16&nbsp; \u0160t\u011bke\u0148 10:19&nbsp; P\u0159e\u0161\u0165ovice 10:30&nbsp; Strakonice, Brauerei &#8211; TEST 10:37&nbsp; Drachkov 10:39&nbsp; Sousedovice 10:41&nbsp; Lib\u011btice 10:45&nbsp; \u00dalehle 10:47&nbsp; Radkovice 10:49&nbsp; Zahor\u010dice 10:54&nbsp; N\u011bm\u010dice 10:57&nbsp; Hoslovice 11:00&nbsp; Zvotoky 11:07&nbsp; Volenice, Dorfplatz &#8211; TEST [&hellip;]","og_url":"https:\/\/www.springclassic.cz\/en\/trasa-2020\/","og_site_name":"Spring Classic","article_modified_time":"2020-11-02T16:45:06+00:00","twitter_card":"summary_large_image","twitter_misc":{"Gesch\u00e4tzte Lesezeit":"3\u00a0Minuten"},"schema":{"@context":"https:\/\/schema.org","@graph":[{"@type":"WebPage","@id":"https:\/\/www.springclassic.cz\/en\/trasa-2020\/","url":"https:\/\/www.springclassic.cz\/en\/trasa-2020\/","name":"[:cs]Trasa sout\u011b\u017ee 2020[:de]Rallye-Route 2020[:en]Route 2020[:] - Spring Classic","isPartOf":{"@id":"https:\/\/www.springclassic.cz\/#website"},"datePublished":"2020-05-27T12:30:12+00:00","dateModified":"2020-11-02T16:45:06+00:00","breadcrumb":{"@id":"https:\/\/www.springclassic.cz\/en\/trasa-2020\/#breadcrumb"},"inLanguage":"de","potentialAction":[{"@type":"ReadAction","target":["https:\/\/www.springclassic.cz\/en\/trasa-2020\/"]}]},{"@type":"BreadcrumbList","@id":"https:\/\/www.springclassic.cz\/en\/trasa-2020\/#breadcrumb","itemListElement":[{"@type":"ListItem","position":1,"name":"Dom\u016f","item":"https:\/\/www.springclassic.cz\/"},{"@type":"ListItem","position":2,"name":"Route 2020"}]},{"@type":"WebSite","@id":"https:\/\/www.springclassic.cz\/#website","url":"https:\/\/www.springclassic.cz\/","name":"Spring Classic","description":"Spring Classic","potentialAction":[{"@type":"SearchAction","target":{"@type":"EntryPoint","urlTemplate":"https:\/\/www.springclassic.cz\/?s={search_term_string}"},"query-input":{"@type":"PropertyValueSpecification","valueRequired":true,"valueName":"search_term_string"}}],"inLanguage":"de"}]}},"_links":{"self":[{"href":"https:\/\/www.springclassic.cz\/de\/wp-json\/wp\/v2\/pages\/6336","targetHints":{"allow":["GET"]}}],"collection":[{"href":"https:\/\/www.springclassic.cz\/de\/wp-json\/wp\/v2\/pages"}],"about":[{"href":"https:\/\/www.springclassic.cz\/de\/wp-json\/wp\/v2\/types\/page"}],"author":[{"embeddable":true,"href":"https:\/\/www.springclassic.cz\/de\/wp-json\/wp\/v2\/users\/2"}],"replies":[{"embeddable":true,"href":"https:\/\/www.springclassic.cz\/de\/wp-json\/wp\/v2\/comments?post=6336"}],"version-history":[{"count":27,"href":"https:\/\/www.springclassic.cz\/de\/wp-json\/wp\/v2\/pages\/6336\/revisions"}],"predecessor-version":[{"id":8640,"href":"https:\/\/www.springclassic.cz\/de\/wp-json\/wp\/v2\/pages\/6336\/revisions\/8640"}],"wp:attachment":[{"href":"https:\/\/www.springclassic.cz\/de\/wp-json\/wp\/v2\/media?parent=6336"}],"curies":[{"name":"wp","href":"https:\/\/api.w.org\/{rel}","templated":true}]}}