{"id":3107,"date":"2020-11-02T14:00:40","date_gmt":"2020-11-02T13:00:40","guid":{"rendered":"https:\/\/www.springclassic.cz\/?page_id=3107"},"modified":"2025-11-25T12:16:10","modified_gmt":"2025-11-25T11:16:10","slug":"archiv","status":"publish","type":"page","link":"https:\/\/www.springclassic.cz\/de\/archiv\/","title":{"rendered":"Letzte Ausgaben"},"content":{"rendered":"<p><\/p>\n\n\n<div class=\"wp-block-image\">\n<figure class=\"aligncenter size-large is-resized\"><a href=\"https:\/\/www.springclassic.cz\/wp-content\/uploads\/2025\/11\/sc2025-scaled.png\"><img loading=\"lazy\" decoding=\"async\" width=\"1024\" height=\"404\" src=\"https:\/\/www.springclassic.cz\/wp-content\/uploads\/2025\/11\/sc2025-1024x404.png\" alt=\"\" class=\"wp-image-12385\" style=\"width:400px\" srcset=\"https:\/\/www.springclassic.cz\/wp-content\/uploads\/2025\/11\/sc2025-1024x404.png 1024w, https:\/\/www.springclassic.cz\/wp-content\/uploads\/2025\/11\/sc2025-300x118.png 300w, https:\/\/www.springclassic.cz\/wp-content\/uploads\/2025\/11\/sc2025-768x303.png 768w, https:\/\/www.springclassic.cz\/wp-content\/uploads\/2025\/11\/sc2025-1536x605.png 1536w, https:\/\/www.springclassic.cz\/wp-content\/uploads\/2025\/11\/sc2025-2048x807.png 2048w\" sizes=\"auto, (max-width: 1024px) 100vw, 1024px\" \/><\/a><\/figure>\n<\/div>\n\n\n<div style=\"height:20px\" aria-hidden=\"true\" class=\"wp-block-spacer\"><\/div>\n\n\n\n<p class=\"has-text-align-center\"><strong><a href=\"https:\/\/www.springclassic.cz\/de\/galerie-2025\/\">GALERIE<\/a> | <strong><a href=\"https:\/\/www.youtube.com\/watch?v=5brP1bnpcos\" target=\"_blank\" rel=\"noreferrer noopener\">FILM<\/a><\/strong><\/strong> <strong>|\u00a0<a href=\"https:\/\/www.springclassic.cz\/de\/vysledky-2025\/\">ERGEBNISSE<\/a> | <a href=\"https:\/\/www.springclassic.cz\/de\/trasa-2025\/\">STRECKE<\/a> | <a href=\"https:\/\/www.springclassic.cz\/de\/program-2025\/\">PROGRAMM<\/a><\/strong><\/p>\n\n\n\n<div style=\"height:20px\" aria-hidden=\"true\" class=\"wp-block-spacer\"><\/div>\n\n\n<div class=\"wp-block-image\">\n<figure class=\"aligncenter size-large is-resized\"><img loading=\"lazy\" decoding=\"async\" width=\"1024\" height=\"403\" src=\"https:\/\/www.springclassic.cz\/wp-content\/uploads\/2024\/11\/sc2024-1024x403.png\" alt=\"\" class=\"wp-image-11692\" style=\"width:400px\" srcset=\"https:\/\/www.springclassic.cz\/wp-content\/uploads\/2024\/11\/sc2024-1024x403.png 1024w, https:\/\/www.springclassic.cz\/wp-content\/uploads\/2024\/11\/sc2024-300x118.png 300w, https:\/\/www.springclassic.cz\/wp-content\/uploads\/2024\/11\/sc2024-768x303.png 768w, https:\/\/www.springclassic.cz\/wp-content\/uploads\/2024\/11\/sc2024-1536x605.png 1536w, https:\/\/www.springclassic.cz\/wp-content\/uploads\/2024\/11\/sc2024-2048x807.png 2048w\" sizes=\"auto, (max-width: 1024px) 100vw, 1024px\" \/><\/figure>\n<\/div>\n\n\n<div style=\"height:20px\" aria-hidden=\"true\" class=\"wp-block-spacer\"><\/div>\n\n\n\n<p class=\"has-text-align-center\"><strong><a href=\"https:\/\/www.springclassic.cz\/de\/galerie-2024\/\">GALERIE<\/a> | <strong><a href=\"https:\/\/www.youtube.com\/watch?v=uZN4xz967cI\" target=\"_blank\" rel=\"noreferrer noopener\">FILM<\/a><\/strong><\/strong> <strong>|&nbsp;<a href=\"https:\/\/www.springclassic.cz\/de\/vysledky-2024\/\">ERGEBNISSE<\/a> | <a href=\"https:\/\/www.springclassic.cz\/de\/trasa-2024\/\">STRECKE<\/a> | <a href=\"https:\/\/www.springclassic.cz\/de\/program-2024\/\">PROGRAMM<\/a><\/strong><\/p>\n\n\n\n<div style=\"height:20px\" aria-hidden=\"true\" class=\"wp-block-spacer\"><\/div>\n\n\n<div class=\"wp-block-image\">\n<figure class=\"aligncenter size-large is-resized\"><img loading=\"lazy\" decoding=\"async\" width=\"1024\" height=\"404\" src=\"https:\/\/www.springclassic.cz\/wp-content\/uploads\/2023\/11\/sc2023-1024x404.png\" alt=\"\" class=\"wp-image-10930\" style=\"width:400px\" srcset=\"https:\/\/www.springclassic.cz\/wp-content\/uploads\/2023\/11\/sc2023-1024x404.png 1024w, https:\/\/www.springclassic.cz\/wp-content\/uploads\/2023\/11\/sc2023-300x118.png 300w, https:\/\/www.springclassic.cz\/wp-content\/uploads\/2023\/11\/sc2023-768x303.png 768w, https:\/\/www.springclassic.cz\/wp-content\/uploads\/2023\/11\/sc2023-1536x605.png 1536w, https:\/\/www.springclassic.cz\/wp-content\/uploads\/2023\/11\/sc2023-2048x807.png 2048w\" sizes=\"auto, (max-width: 1024px) 100vw, 1024px\" \/><\/figure>\n<\/div>\n\n\n<div style=\"height:20px\" aria-hidden=\"true\" class=\"wp-block-spacer\"><\/div>\n\n\n\n<p class=\"has-text-align-center\"><strong><a href=\"https:\/\/www.springclassic.cz\/de\/galerie-2023\/\">GALERIE<\/a> | <strong><a href=\"https:\/\/youtu.be\/mWVUCKbpObE?si=8DSeziSkvuSDpn0d\" target=\"_blank\" rel=\"noreferrer noopener\">FILM<\/a><\/strong><\/strong> <strong>|&nbsp;<a href=\"https:\/\/www.springclassic.cz\/de\/vysledky-2023\/\">ERGEBNISSE<\/a> | <a href=\"https:\/\/www.springclassic.cz\/de\/trasa-2023\/\">STRECKE<\/a> | <a href=\"https:\/\/www.springclassic.cz\/de\/program-2023\/\">PROGRAMM<\/a><\/strong><\/p>\n\n\n\n<div style=\"height:20px\" aria-hidden=\"true\" class=\"wp-block-spacer\"><\/div>\n\n\n<div class=\"wp-block-image is-resized\">\n<figure class=\"aligncenter size-large\"><img loading=\"lazy\" decoding=\"async\" width=\"1024\" height=\"403\" src=\"https:\/\/www.springclassic.cz\/wp-content\/uploads\/2022\/11\/sc2022-1024x403.jpg\" alt=\"\" class=\"wp-image-10279\" style=\"width:400px\" srcset=\"https:\/\/www.springclassic.cz\/wp-content\/uploads\/2022\/11\/sc2022-1024x403.jpg 1024w, https:\/\/www.springclassic.cz\/wp-content\/uploads\/2022\/11\/sc2022-300x118.jpg 300w, https:\/\/www.springclassic.cz\/wp-content\/uploads\/2022\/11\/sc2022-768x302.jpg 768w, https:\/\/www.springclassic.cz\/wp-content\/uploads\/2022\/11\/sc2022-1536x605.jpg 1536w, https:\/\/www.springclassic.cz\/wp-content\/uploads\/2022\/11\/sc2022-2048x807.jpg 2048w\" sizes=\"auto, (max-width: 1024px) 100vw, 1024px\" \/><\/figure>\n<\/div>\n\n\n<div style=\"height:20px\" aria-hidden=\"true\" class=\"wp-block-spacer\"><\/div>\n\n\n\n<p class=\"has-text-align-center\"><strong><a href=\"https:\/\/www.springclassic.cz\/de\/galerie-2022\/\">GALERIE<\/a> | <strong><a href=\"https:\/\/youtu.be\/PVMJB6pZgPQ\" target=\"_blank\" rel=\"noreferrer noopener\">FILM<\/a><\/strong><\/strong> <strong>|&nbsp;<a href=\"https:\/\/www.springclassic.cz\/de\/vysledky-2022\/\">ERGEBNISSE<\/a> | <a href=\"https:\/\/www.springclassic.cz\/de\/trasa-2022\/\">STRECKE<\/a> | <a href=\"https:\/\/www.springclassic.cz\/de\/program-2022\/\">PROGRAMM<\/a><\/strong><\/p>\n\n\n\n<div style=\"height:20px\" aria-hidden=\"true\" class=\"wp-block-spacer\"><\/div>\n\n\n<div class=\"wp-block-image is-resized\">\n<figure class=\"aligncenter size-full\"><a href=\"https:\/\/www.springclassic.cz\/wp-content\/uploads\/2021\/11\/sc2021.jpg\"><img loading=\"lazy\" decoding=\"async\" width=\"1000\" height=\"394\" src=\"https:\/\/www.springclassic.cz\/wp-content\/uploads\/2021\/11\/sc2021.jpg\" alt=\"\" class=\"wp-image-9805\" style=\"width:400px\" srcset=\"https:\/\/www.springclassic.cz\/wp-content\/uploads\/2021\/11\/sc2021.jpg 1000w, https:\/\/www.springclassic.cz\/wp-content\/uploads\/2021\/11\/sc2021-300x118.jpg 300w, https:\/\/www.springclassic.cz\/wp-content\/uploads\/2021\/11\/sc2021-768x303.jpg 768w\" sizes=\"auto, (max-width: 1000px) 100vw, 1000px\" \/><\/a><\/figure>\n<\/div>\n\n\n<div style=\"height:20px\" aria-hidden=\"true\" class=\"wp-block-spacer\"><\/div>\n\n\n\n<p class=\"has-text-align-center\"><strong><a href=\"https:\/\/www.springclassic.cz\/de\/galerie-2021\/\">GALERIE<\/a> | <strong><a href=\"https:\/\/youtu.be\/2O_W5ksLpIA\" target=\"_blank\" rel=\"noreferrer noopener\">FILM<\/a><\/strong><\/strong> <strong>| <a href=\"https:\/\/www.springclassic.cz\/de\/vysledky-2021\/\">ERGEBNISSE<\/a>&nbsp;| <a href=\"https:\/\/www.springclassic.cz\/de\/trasa-2021\/\">STRECKE<\/a>&nbsp;| <a href=\"https:\/\/www.springclassic.cz\/de\/program-2021\/\">PROGRAMM<\/a><\/strong><\/p>\n\n\n\n<div style=\"height:20px\" aria-hidden=\"true\" class=\"wp-block-spacer\"><\/div>\n\n\n<div class=\"wp-block-image is-resized\">\n<figure class=\"aligncenter size-full\"><a href=\"https:\/\/www.springclassic.cz\/wp-content\/uploads\/2020\/11\/sc2020.jpg\"><img loading=\"lazy\" decoding=\"async\" width=\"1000\" height=\"394\" src=\"https:\/\/www.springclassic.cz\/wp-content\/uploads\/2020\/11\/sc2020.jpg\" alt=\"\" class=\"wp-image-8642\" style=\"width:400px\" srcset=\"https:\/\/www.springclassic.cz\/wp-content\/uploads\/2020\/11\/sc2020.jpg 1000w, https:\/\/www.springclassic.cz\/wp-content\/uploads\/2020\/11\/sc2020-300x118.jpg 300w, https:\/\/www.springclassic.cz\/wp-content\/uploads\/2020\/11\/sc2020-768x303.jpg 768w\" sizes=\"auto, (max-width: 1000px) 100vw, 1000px\" \/><\/a><\/figure>\n<\/div>\n\n\n<div style=\"height:20px\" aria-hidden=\"true\" class=\"wp-block-spacer\"><\/div>\n\n\n\n<p class=\"has-text-align-center\"><strong><a href=\"https:\/\/www.springclassic.cz\/de\/galerie-2020\/\">GALERIE<\/a> | <strong><a href=\"https:\/\/youtu.be\/zv75SZ1F54I\" target=\"_blank\" rel=\"noreferrer noopener\">FILM<\/a><\/strong><\/strong> <strong>| <a href=\"https:\/\/www.springclassic.cz\/de\/vysledky-2020\/\">ERGEBNISSE<\/a>&nbsp;| <a href=\"https:\/\/www.springclassic.cz\/de\/trasa-2020\/\">STRECKE<\/a>&nbsp;| <a href=\"https:\/\/www.springclassic.cz\/de\/program-2020\/\">PROGRAMM<\/a><\/strong><\/p>\n\n\n\n<p><\/p>","protected":false},"excerpt":{"rendered":"<p>GALERIE | FILM |\u00a0ERGEBNISSE | STRECKE | PROGRAMM GALERIE | FILM |&nbsp;ERGEBNISSE | STRECKE | PROGRAMM GALERIE | FILM |&nbsp;ERGEBNISSE | STRECKE | PROGRAMM GALERIE | FILM |&nbsp;ERGEBNISSE | STRECKE | PROGRAMM GALERIE | FILM | ERGEBNISSE&nbsp;| STRECKE&nbsp;| PROGRAMM GALERIE | FILM | ERGEBNISSE&nbsp;| STRECKE&nbsp;| PROGRAMM<\/p>\n","protected":false},"author":2,"featured_media":0,"parent":0,"menu_order":0,"comment_status":"closed","ping_status":"closed","template":"","meta":{"_acf_changed":false,"ngg_post_thumbnail":0,"footnotes":""},"class_list":["post-3107","page","type-page","status-publish","hentry"],"acf":[],"yoast_head":"<!-- This site is optimized with the Yoast SEO plugin v27.5 - https:\/\/yoast.com\/product\/yoast-seo-wordpress\/ -->\n<title>Historie Spring Classic<\/title>\n<meta name=\"description\" content=\"Archiv minul\u00fdch ro\u010dn\u00edk\u016f jarn\u00ed setinov\u00e9 rallye.\" \/>\n<meta name=\"robots\" content=\"index, follow, max-snippet:-1, max-image-preview:large, max-video-preview:-1\" \/>\n<link rel=\"canonical\" href=\"https:\/\/www.springclassic.cz\/archiv\/\" \/>\n<meta property=\"og:locale\" content=\"de_DE\" \/>\n<meta property=\"og:type\" content=\"article\" \/>\n<meta property=\"og:title\" content=\"Historie Spring Classic\" \/>\n<meta property=\"og:description\" content=\"Archiv minul\u00fdch ro\u010dn\u00edk\u016f jarn\u00ed setinov\u00e9 rallye.\" \/>\n<meta property=\"og:url\" content=\"https:\/\/www.springclassic.cz\/archiv\/\" \/>\n<meta property=\"og:site_name\" content=\"Spring Classic\" \/>\n<meta property=\"article:modified_time\" content=\"2025-11-25T11:16:10+00:00\" \/>\n<meta property=\"og:image\" content=\"https:\/\/www.springclassic.cz\/wp-content\/uploads\/2025\/11\/sc2025-scaled.png\" \/>\n\t<meta property=\"og:image:width\" content=\"2560\" \/>\n\t<meta property=\"og:image:height\" content=\"1009\" \/>\n\t<meta property=\"og:image:type\" content=\"image\/png\" \/>\n<meta name=\"twitter:card\" content=\"summary_large_image\" \/>\n<meta name=\"twitter:label1\" content=\"Gesch\u00e4tzte Lesezeit\" \/>\n\t<meta name=\"twitter:data1\" content=\"5\u00a0Minuten\" \/>\n<script type=\"application\/ld+json\" class=\"yoast-schema-graph\">{\"@context\":\"https:\\\/\\\/schema.org\",\"@graph\":[{\"@type\":\"WebPage\",\"@id\":\"https:\\\/\\\/www.springclassic.cz\\\/archiv\\\/\",\"url\":\"https:\\\/\\\/www.springclassic.cz\\\/archiv\\\/\",\"name\":\"Historie Spring Classic\",\"isPartOf\":{\"@id\":\"https:\\\/\\\/www.springclassic.cz\\\/#website\"},\"primaryImageOfPage\":{\"@id\":\"https:\\\/\\\/www.springclassic.cz\\\/archiv\\\/#primaryimage\"},\"image\":{\"@id\":\"https:\\\/\\\/www.springclassic.cz\\\/archiv\\\/#primaryimage\"},\"thumbnailUrl\":\"https:\\\/\\\/www.springclassic.cz\\\/wp-content\\\/uploads\\\/2025\\\/11\\\/sc2025-1024x404.png\",\"datePublished\":\"2020-11-02T13:00:40+00:00\",\"dateModified\":\"2025-11-25T11:16:10+00:00\",\"description\":\"Archiv minul\u00fdch ro\u010dn\u00edk\u016f jarn\u00ed setinov\u00e9 rallye.\",\"breadcrumb\":{\"@id\":\"https:\\\/\\\/www.springclassic.cz\\\/archiv\\\/#breadcrumb\"},\"inLanguage\":\"de\",\"potentialAction\":[{\"@type\":\"ReadAction\",\"target\":[\"https:\\\/\\\/www.springclassic.cz\\\/archiv\\\/\"]}]},{\"@type\":\"ImageObject\",\"inLanguage\":\"de\",\"@id\":\"https:\\\/\\\/www.springclassic.cz\\\/archiv\\\/#primaryimage\",\"url\":\"https:\\\/\\\/www.springclassic.cz\\\/wp-content\\\/uploads\\\/2025\\\/11\\\/sc2025-1024x404.png\",\"contentUrl\":\"https:\\\/\\\/www.springclassic.cz\\\/wp-content\\\/uploads\\\/2025\\\/11\\\/sc2025-1024x404.png\"},{\"@type\":\"BreadcrumbList\",\"@id\":\"https:\\\/\\\/www.springclassic.cz\\\/archiv\\\/#breadcrumb\",\"itemListElement\":[{\"@type\":\"ListItem\",\"position\":1,\"name\":\"Dom\u016f\",\"item\":\"https:\\\/\\\/www.springclassic.cz\\\/\"},{\"@type\":\"ListItem\",\"position\":2,\"name\":\"Minul\u00e9 ro\u010dn\u00edky\"}]},{\"@type\":\"WebSite\",\"@id\":\"https:\\\/\\\/www.springclassic.cz\\\/#website\",\"url\":\"https:\\\/\\\/www.springclassic.cz\\\/\",\"name\":\"Spring Classic\",\"description\":\"Spring Classic\",\"potentialAction\":[{\"@type\":\"SearchAction\",\"target\":{\"@type\":\"EntryPoint\",\"urlTemplate\":\"https:\\\/\\\/www.springclassic.cz\\\/?s={search_term_string}\"},\"query-input\":{\"@type\":\"PropertyValueSpecification\",\"valueRequired\":true,\"valueName\":\"search_term_string\"}}],\"inLanguage\":\"de\"}]}<\/script>\n<!-- \/ Yoast SEO plugin. -->","yoast_head_json":{"title":"Historie Spring Classic","description":"Archiv minul\u00fdch ro\u010dn\u00edk\u016f jarn\u00ed setinov\u00e9 rallye.","robots":{"index":"index","follow":"follow","max-snippet":"max-snippet:-1","max-image-preview":"max-image-preview:large","max-video-preview":"max-video-preview:-1"},"canonical":"https:\/\/www.springclassic.cz\/archiv\/","og_locale":"de_DE","og_type":"article","og_title":"Historie Spring Classic","og_description":"Archiv minul\u00fdch ro\u010dn\u00edk\u016f jarn\u00ed setinov\u00e9 rallye.","og_url":"https:\/\/www.springclassic.cz\/archiv\/","og_site_name":"Spring Classic","article_modified_time":"2025-11-25T11:16:10+00:00","og_image":[{"width":2560,"height":1009,"url":"https:\/\/www.springclassic.cz\/wp-content\/uploads\/2025\/11\/sc2025-scaled.png","type":"image\/png"}],"twitter_card":"summary_large_image","twitter_misc":{"Gesch\u00e4tzte Lesezeit":"5\u00a0Minuten"},"schema":{"@context":"https:\/\/schema.org","@graph":[{"@type":"WebPage","@id":"https:\/\/www.springclassic.cz\/archiv\/","url":"https:\/\/www.springclassic.cz\/archiv\/","name":"Historie Spring Classic","isPartOf":{"@id":"https:\/\/www.springclassic.cz\/#website"},"primaryImageOfPage":{"@id":"https:\/\/www.springclassic.cz\/archiv\/#primaryimage"},"image":{"@id":"https:\/\/www.springclassic.cz\/archiv\/#primaryimage"},"thumbnailUrl":"https:\/\/www.springclassic.cz\/wp-content\/uploads\/2025\/11\/sc2025-1024x404.png","datePublished":"2020-11-02T13:00:40+00:00","dateModified":"2025-11-25T11:16:10+00:00","description":"Archiv minul\u00fdch ro\u010dn\u00edk\u016f jarn\u00ed setinov\u00e9 rallye.","breadcrumb":{"@id":"https:\/\/www.springclassic.cz\/archiv\/#breadcrumb"},"inLanguage":"de","potentialAction":[{"@type":"ReadAction","target":["https:\/\/www.springclassic.cz\/archiv\/"]}]},{"@type":"ImageObject","inLanguage":"de","@id":"https:\/\/www.springclassic.cz\/archiv\/#primaryimage","url":"https:\/\/www.springclassic.cz\/wp-content\/uploads\/2025\/11\/sc2025-1024x404.png","contentUrl":"https:\/\/www.springclassic.cz\/wp-content\/uploads\/2025\/11\/sc2025-1024x404.png"},{"@type":"BreadcrumbList","@id":"https:\/\/www.springclassic.cz\/archiv\/#breadcrumb","itemListElement":[{"@type":"ListItem","position":1,"name":"Dom\u016f","item":"https:\/\/www.springclassic.cz\/"},{"@type":"ListItem","position":2,"name":"Minul\u00e9 ro\u010dn\u00edky"}]},{"@type":"WebSite","@id":"https:\/\/www.springclassic.cz\/#website","url":"https:\/\/www.springclassic.cz\/","name":"Spring Classic","description":"Spring Classic","potentialAction":[{"@type":"SearchAction","target":{"@type":"EntryPoint","urlTemplate":"https:\/\/www.springclassic.cz\/?s={search_term_string}"},"query-input":{"@type":"PropertyValueSpecification","valueRequired":true,"valueName":"search_term_string"}}],"inLanguage":"de"}]}},"_links":{"self":[{"href":"https:\/\/www.springclassic.cz\/de\/wp-json\/wp\/v2\/pages\/3107","targetHints":{"allow":["GET"]}}],"collection":[{"href":"https:\/\/www.springclassic.cz\/de\/wp-json\/wp\/v2\/pages"}],"about":[{"href":"https:\/\/www.springclassic.cz\/de\/wp-json\/wp\/v2\/types\/page"}],"author":[{"embeddable":true,"href":"https:\/\/www.springclassic.cz\/de\/wp-json\/wp\/v2\/users\/2"}],"replies":[{"embeddable":true,"href":"https:\/\/www.springclassic.cz\/de\/wp-json\/wp\/v2\/comments?post=3107"}],"version-history":[{"count":66,"href":"https:\/\/www.springclassic.cz\/de\/wp-json\/wp\/v2\/pages\/3107\/revisions"}],"predecessor-version":[{"id":12390,"href":"https:\/\/www.springclassic.cz\/de\/wp-json\/wp\/v2\/pages\/3107\/revisions\/12390"}],"wp:attachment":[{"href":"https:\/\/www.springclassic.cz\/de\/wp-json\/wp\/v2\/media?parent=3107"}],"curies":[{"name":"wp","href":"https:\/\/api.w.org\/{rel}","templated":true}]}}