{"id":12374,"date":"2025-04-21T21:43:32","date_gmt":"2025-04-21T20:43:32","guid":{"rendered":"https:\/\/www.springclassic.cz\/?page_id=12374"},"modified":"2025-04-21T21:43:34","modified_gmt":"2025-04-21T20:43:34","slug":"galerie-2025","status":"publish","type":"page","link":"https:\/\/www.springclassic.cz\/de\/galerie-2025\/","title":{"rendered":"VI. Spring Classic 2025"},"content":{"rendered":"<p>Autor: <a href=\"https:\/\/www.facebook.com\/fotoskrivanek\" target=\"_blank\" rel=\"noreferrer noopener\"><strong>Petr Sk\u0159iv\u00e1nek<\/strong><\/a><\/p>\n\n\n\nngg_shortcode_0_placeholder\n\n\n\n<p>Autor: <a href=\"https:\/\/www.facebook.com\/stepansturma\" target=\"_blank\" rel=\"noreferrer noopener\"><strong>\u0160t\u011bp\u00e1n \u0160turma<\/strong><\/a><\/p>\n\n\n\nngg_shortcode_1_placeholder\n\n\n\n<p>Start &amp; Ziel | Autoren: <strong>Jan &amp; Pavla Fu\u010d\u00edkovi<\/strong><\/p>\n\n\n\nngg_shortcode_2_placeholder","protected":false},"excerpt":{"rendered":"<p>Autor: Petr Sk\u0159iv\u00e1nek Autor: \u0160t\u011bp\u00e1n \u0160turma Start &amp; Ziel | Autoren: Jan &amp; Pavla Fu\u010d\u00edkovi<\/p>\n","protected":false},"author":2,"featured_media":0,"parent":0,"menu_order":0,"comment_status":"closed","ping_status":"closed","template":"","meta":{"_acf_changed":false,"ngg_post_thumbnail":0,"footnotes":""},"class_list":["post-12374","page","type-page","status-publish","hentry"],"acf":[],"yoast_head":"<!-- This site is optimized with the Yoast SEO plugin v27.5 - https:\/\/yoast.com\/product\/yoast-seo-wordpress\/ -->\n<title>VI. Spring Classic 2025 - Spring Classic<\/title>\n<meta name=\"robots\" content=\"index, follow, max-snippet:-1, max-image-preview:large, max-video-preview:-1\" \/>\n<link rel=\"canonical\" href=\"https:\/\/www.springclassic.cz\/galerie-2025\/\" \/>\n<meta property=\"og:locale\" content=\"de_DE\" \/>\n<meta property=\"og:type\" content=\"article\" \/>\n<meta property=\"og:title\" content=\"VI. Spring Classic 2025 - Spring Classic\" \/>\n<meta property=\"og:description\" content=\"Autor: Petr Sk\u0159iv\u00e1nek Autor: \u0160t\u011bp\u00e1n \u0160turma Start &amp; Ziel | Autoren: Jan &amp; Pavla Fu\u010d\u00edkovi\" \/>\n<meta property=\"og:url\" content=\"https:\/\/www.springclassic.cz\/galerie-2025\/\" \/>\n<meta property=\"og:site_name\" content=\"Spring Classic\" \/>\n<meta property=\"article:modified_time\" content=\"2025-04-21T20:43:34+00:00\" \/>\n<meta name=\"twitter:card\" content=\"summary_large_image\" \/>\n<meta name=\"twitter:label1\" content=\"Gesch\u00e4tzte Lesezeit\" \/>\n\t<meta name=\"twitter:data1\" content=\"1\u00a0Minute\" \/>\n<script type=\"application\/ld+json\" class=\"yoast-schema-graph\">{\"@context\":\"https:\\\/\\\/schema.org\",\"@graph\":[{\"@type\":\"WebPage\",\"@id\":\"https:\\\/\\\/www.springclassic.cz\\\/galerie-2025\\\/\",\"url\":\"https:\\\/\\\/www.springclassic.cz\\\/galerie-2025\\\/\",\"name\":\"VI. Spring Classic 2025 - Spring Classic\",\"isPartOf\":{\"@id\":\"https:\\\/\\\/www.springclassic.cz\\\/#website\"},\"datePublished\":\"2025-04-21T20:43:32+00:00\",\"dateModified\":\"2025-04-21T20:43:34+00:00\",\"breadcrumb\":{\"@id\":\"https:\\\/\\\/www.springclassic.cz\\\/galerie-2025\\\/#breadcrumb\"},\"inLanguage\":\"de\",\"potentialAction\":[{\"@type\":\"ReadAction\",\"target\":[\"https:\\\/\\\/www.springclassic.cz\\\/galerie-2025\\\/\"]}]},{\"@type\":\"BreadcrumbList\",\"@id\":\"https:\\\/\\\/www.springclassic.cz\\\/galerie-2025\\\/#breadcrumb\",\"itemListElement\":[{\"@type\":\"ListItem\",\"position\":1,\"name\":\"Dom\u016f\",\"item\":\"https:\\\/\\\/www.springclassic.cz\\\/\"},{\"@type\":\"ListItem\",\"position\":2,\"name\":\"VI. Spring Classic 2025\"}]},{\"@type\":\"WebSite\",\"@id\":\"https:\\\/\\\/www.springclassic.cz\\\/#website\",\"url\":\"https:\\\/\\\/www.springclassic.cz\\\/\",\"name\":\"Spring Classic\",\"description\":\"Spring Classic\",\"potentialAction\":[{\"@type\":\"SearchAction\",\"target\":{\"@type\":\"EntryPoint\",\"urlTemplate\":\"https:\\\/\\\/www.springclassic.cz\\\/?s={search_term_string}\"},\"query-input\":{\"@type\":\"PropertyValueSpecification\",\"valueRequired\":true,\"valueName\":\"search_term_string\"}}],\"inLanguage\":\"de\"}]}<\/script>\n<!-- \/ Yoast SEO plugin. -->","yoast_head_json":{"title":"VI. Spring Classic 2025 - Spring Classic","robots":{"index":"index","follow":"follow","max-snippet":"max-snippet:-1","max-image-preview":"max-image-preview:large","max-video-preview":"max-video-preview:-1"},"canonical":"https:\/\/www.springclassic.cz\/galerie-2025\/","og_locale":"de_DE","og_type":"article","og_title":"VI. Spring Classic 2025 - Spring Classic","og_description":"Autor: Petr Sk\u0159iv\u00e1nek Autor: \u0160t\u011bp\u00e1n \u0160turma Start &amp; Ziel | Autoren: Jan &amp; Pavla Fu\u010d\u00edkovi","og_url":"https:\/\/www.springclassic.cz\/galerie-2025\/","og_site_name":"Spring Classic","article_modified_time":"2025-04-21T20:43:34+00:00","twitter_card":"summary_large_image","twitter_misc":{"Gesch\u00e4tzte Lesezeit":"1\u00a0Minute"},"schema":{"@context":"https:\/\/schema.org","@graph":[{"@type":"WebPage","@id":"https:\/\/www.springclassic.cz\/galerie-2025\/","url":"https:\/\/www.springclassic.cz\/galerie-2025\/","name":"VI. Spring Classic 2025 - Spring Classic","isPartOf":{"@id":"https:\/\/www.springclassic.cz\/#website"},"datePublished":"2025-04-21T20:43:32+00:00","dateModified":"2025-04-21T20:43:34+00:00","breadcrumb":{"@id":"https:\/\/www.springclassic.cz\/galerie-2025\/#breadcrumb"},"inLanguage":"de","potentialAction":[{"@type":"ReadAction","target":["https:\/\/www.springclassic.cz\/galerie-2025\/"]}]},{"@type":"BreadcrumbList","@id":"https:\/\/www.springclassic.cz\/galerie-2025\/#breadcrumb","itemListElement":[{"@type":"ListItem","position":1,"name":"Dom\u016f","item":"https:\/\/www.springclassic.cz\/"},{"@type":"ListItem","position":2,"name":"VI. Spring Classic 2025"}]},{"@type":"WebSite","@id":"https:\/\/www.springclassic.cz\/#website","url":"https:\/\/www.springclassic.cz\/","name":"Spring Classic","description":"Spring Classic","potentialAction":[{"@type":"SearchAction","target":{"@type":"EntryPoint","urlTemplate":"https:\/\/www.springclassic.cz\/?s={search_term_string}"},"query-input":{"@type":"PropertyValueSpecification","valueRequired":true,"valueName":"search_term_string"}}],"inLanguage":"de"}]}},"_links":{"self":[{"href":"https:\/\/www.springclassic.cz\/de\/wp-json\/wp\/v2\/pages\/12374","targetHints":{"allow":["GET"]}}],"collection":[{"href":"https:\/\/www.springclassic.cz\/de\/wp-json\/wp\/v2\/pages"}],"about":[{"href":"https:\/\/www.springclassic.cz\/de\/wp-json\/wp\/v2\/types\/page"}],"author":[{"embeddable":true,"href":"https:\/\/www.springclassic.cz\/de\/wp-json\/wp\/v2\/users\/2"}],"replies":[{"embeddable":true,"href":"https:\/\/www.springclassic.cz\/de\/wp-json\/wp\/v2\/comments?post=12374"}],"version-history":[{"count":1,"href":"https:\/\/www.springclassic.cz\/de\/wp-json\/wp\/v2\/pages\/12374\/revisions"}],"predecessor-version":[{"id":12375,"href":"https:\/\/www.springclassic.cz\/de\/wp-json\/wp\/v2\/pages\/12374\/revisions\/12375"}],"wp:attachment":[{"href":"https:\/\/www.springclassic.cz\/de\/wp-json\/wp\/v2\/media?parent=12374"}],"curies":[{"name":"wp","href":"https:\/\/api.w.org\/{rel}","templated":true}]}}