{"id":11694,"date":"2024-11-30T23:29:26","date_gmt":"2024-11-30T22:29:26","guid":{"rendered":"https:\/\/www.springclassic.cz\/?page_id=11694"},"modified":"2025-11-30T00:17:14","modified_gmt":"2025-11-29T23:17:14","slug":"program-2025","status":"publish","type":"page","link":"https:\/\/www.springclassic.cz\/de\/program-2025\/","title":{"rendered":"Programm 2025"},"content":{"rendered":"<p><\/p>\n\n\n\n<h3 class=\"wp-block-heading\">Montag 31. M\u00e4rz 2025<\/h3>\n\n\n\n<p><strong>23:59<\/strong><br>Nennungsschluss<\/p>\n\n\n<hr>\n\n\n<h3 class=\"wp-block-heading\">Freitag 11. April 2025<\/h3>\n\n\n\n<p><strong>19:00 &#8211; 21:00<\/strong><br>Teilnehmerankunft<br>T\u00e1bor, <a href=\"https:\/\/www.lhdvoraktabor.cz\/de\" target=\"_blank\" rel=\"noreferrer noopener\">LH Hotel Dvo\u0159\u00e1k<\/a><\/p>\n\n\n<hr>\n\n\n<h3 class=\"wp-block-heading\">Samstag 12. April 2025<\/h3>\n\n\n\n<p><strong>7:00 &#8211; 9:00<\/strong><br>Teilnehmerankunft<br>T\u00e1bor, <a href=\"https:\/\/www.lhdvoraktabor.cz\/de\" target=\"_blank\" rel=\"noreferrer noopener\">LH Hotel Dvo\u0159\u00e1k<\/a><\/p>\n\n\n\n<p><strong>9:30<\/strong><br>Teilnehmerbriefing<br>T\u00e1bor, <a href=\"https:\/\/www.lhdvoraktabor.cz\/de\" target=\"_blank\" rel=\"noreferrer noopener\">LH Hotel Dvo\u0159\u00e1k<\/a><\/p>\n\n\n\n<p><strong>10:00<\/strong><br>Start der Rallye (231 km)<br>T\u00e1bor, Bechy\u0148sk\u00e1 br\u00e1na<\/p>\n\n\n\n<p><strong>11:05<\/strong><br>Coffee break<br>Vla\u0161im, U Blanick\u00fdch ryt\u00ed\u0159\u016f (Schloss)<\/p>\n\n\n\n<p><strong>12:50<\/strong><br>Mittagspauze &amp; Mittagessen<br>K\u00e1cov, Pivovar Hubertus (Brauerei)<\/p>\n\n\n\n<p><strong>15:05<\/strong><br>Coffee break<br>Hotel Mon\u00ednec<\/p>\n\n\n\n<p><strong>16:40<br><\/strong>Ziel<br>T\u00e1bor, Bechy\u0148sk\u00e1 br\u00e1na<\/p>\n\n\n\n<p><strong>19:00<\/strong><br>Siegerehrung &amp; Spring Classic Party<br>T\u00e1bor, <a href=\"https:\/\/www.lhdvoraktabor.cz\/de\" target=\"_blank\" rel=\"noreferrer noopener\">LH Hotel Dvo\u0159\u00e1k<\/a><\/p>\n\n\n<hr>\n\n\n<p><em>\u00c4nderung des Programms vorbehalten.<\/em><\/p>\n\n\n\n<p><\/p>","protected":false},"excerpt":{"rendered":"<p>Montag 31. M\u00e4rz 2025 23:59Nennungsschluss Freitag 11. April 2025 19:00 &#8211; 21:00TeilnehmerankunftT\u00e1bor, LH Hotel Dvo\u0159\u00e1k Samstag 12. April 2025 7:00 &#8211; 9:00TeilnehmerankunftT\u00e1bor, LH Hotel Dvo\u0159\u00e1k 9:30TeilnehmerbriefingT\u00e1bor, LH Hotel Dvo\u0159\u00e1k 10:00Start der Rallye (231 km)T\u00e1bor, Bechy\u0148sk\u00e1 br\u00e1na 11:05Coffee breakVla\u0161im, U Blanick\u00fdch ryt\u00ed\u0159\u016f (Schloss) 12:50Mittagspauze &amp; MittagessenK\u00e1cov, Pivovar Hubertus (Brauerei) 15:05Coffee breakHotel Mon\u00ednec 16:40ZielT\u00e1bor, Bechy\u0148sk\u00e1 br\u00e1na 19:00Siegerehrung [&hellip;]<\/p>\n","protected":false},"author":2,"featured_media":0,"parent":0,"menu_order":0,"comment_status":"closed","ping_status":"closed","template":"","meta":{"_acf_changed":false,"ngg_post_thumbnail":0,"footnotes":""},"class_list":["post-11694","page","type-page","status-publish","hentry"],"acf":[],"yoast_head":"<!-- This site is optimized with the Yoast SEO plugin v27.4 - https:\/\/yoast.com\/product\/yoast-seo-wordpress\/ -->\n<title>Programm 2025 - Spring Classic<\/title>\n<meta name=\"robots\" content=\"index, follow, max-snippet:-1, max-image-preview:large, max-video-preview:-1\" \/>\n<link rel=\"canonical\" href=\"https:\/\/www.springclassic.cz\/program-2025\/\" \/>\n<meta property=\"og:locale\" content=\"de_DE\" \/>\n<meta property=\"og:type\" content=\"article\" \/>\n<meta property=\"og:title\" content=\"[:cs]Program sout\u011b\u017ee 2025[:de]Programm 2025[:en]Programme 2025[:] - Spring Classic\" \/>\n<meta property=\"og:description\" content=\"Montag 31. M\u00e4rz 2025 23:59Nennungsschluss Freitag 11. April 2025 19:00 &#8211; 21:00TeilnehmerankunftT\u00e1bor, LH Hotel Dvo\u0159\u00e1k Samstag 12. April 2025 7:00 &#8211; 9:00TeilnehmerankunftT\u00e1bor, LH Hotel Dvo\u0159\u00e1k 9:30TeilnehmerbriefingT\u00e1bor, LH Hotel Dvo\u0159\u00e1k 10:00Start der Rallye (231 km)T\u00e1bor, Bechy\u0148sk\u00e1 br\u00e1na 11:05Coffee breakVla\u0161im, U Blanick\u00fdch ryt\u00ed\u0159\u016f (Schloss) 12:50Mittagspauze &amp; MittagessenK\u00e1cov, Pivovar Hubertus (Brauerei) 15:05Coffee breakHotel Mon\u00ednec 16:40ZielT\u00e1bor, Bechy\u0148sk\u00e1 br\u00e1na 19:00Siegerehrung [&hellip;]\" \/>\n<meta property=\"og:url\" content=\"https:\/\/www.springclassic.cz\/program-2025\/\" \/>\n<meta property=\"og:site_name\" content=\"Spring Classic\" \/>\n<meta property=\"article:modified_time\" content=\"2025-11-29T23:17:14+00:00\" \/>\n<meta name=\"twitter:card\" content=\"summary_large_image\" \/>\n<meta name=\"twitter:label1\" content=\"Gesch\u00e4tzte Lesezeit\" \/>\n\t<meta name=\"twitter:data1\" content=\"2\u00a0Minuten\" \/>\n<script type=\"application\/ld+json\" class=\"yoast-schema-graph\">{\"@context\":\"https:\\\/\\\/schema.org\",\"@graph\":[{\"@type\":\"WebPage\",\"@id\":\"https:\\\/\\\/www.springclassic.cz\\\/program-2025\\\/\",\"url\":\"https:\\\/\\\/www.springclassic.cz\\\/program-2025\\\/\",\"name\":\"[:cs]Program sout\u011b\u017ee 2025[:de]Programm 2025[:en]Programme 2025[:] - Spring Classic\",\"isPartOf\":{\"@id\":\"https:\\\/\\\/www.springclassic.cz\\\/#website\"},\"datePublished\":\"2024-11-30T22:29:26+00:00\",\"dateModified\":\"2025-11-29T23:17:14+00:00\",\"breadcrumb\":{\"@id\":\"https:\\\/\\\/www.springclassic.cz\\\/program-2025\\\/#breadcrumb\"},\"inLanguage\":\"de\",\"potentialAction\":[{\"@type\":\"ReadAction\",\"target\":[\"https:\\\/\\\/www.springclassic.cz\\\/program-2025\\\/\"]}]},{\"@type\":\"BreadcrumbList\",\"@id\":\"https:\\\/\\\/www.springclassic.cz\\\/program-2025\\\/#breadcrumb\",\"itemListElement\":[{\"@type\":\"ListItem\",\"position\":1,\"name\":\"Dom\u016f\",\"item\":\"https:\\\/\\\/www.springclassic.cz\\\/\"},{\"@type\":\"ListItem\",\"position\":2,\"name\":\"Program sout\u011b\u017ee 2025\"}]},{\"@type\":\"WebSite\",\"@id\":\"https:\\\/\\\/www.springclassic.cz\\\/#website\",\"url\":\"https:\\\/\\\/www.springclassic.cz\\\/\",\"name\":\"Spring Classic\",\"description\":\"Spring Classic\",\"potentialAction\":[{\"@type\":\"SearchAction\",\"target\":{\"@type\":\"EntryPoint\",\"urlTemplate\":\"https:\\\/\\\/www.springclassic.cz\\\/?s={search_term_string}\"},\"query-input\":{\"@type\":\"PropertyValueSpecification\",\"valueRequired\":true,\"valueName\":\"search_term_string\"}}],\"inLanguage\":\"de\"}]}<\/script>\n<!-- \/ Yoast SEO plugin. -->","yoast_head_json":{"title":"[:cs]Program sout\u011b\u017ee 2025[:de]Programm 2025[:en]Programme 2025[:] - Spring Classic","robots":{"index":"index","follow":"follow","max-snippet":"max-snippet:-1","max-image-preview":"max-image-preview:large","max-video-preview":"max-video-preview:-1"},"canonical":"https:\/\/www.springclassic.cz\/program-2025\/","og_locale":"de_DE","og_type":"article","og_title":"[:cs]Program sout\u011b\u017ee 2025[:de]Programm 2025[:en]Programme 2025[:] - Spring Classic","og_description":"Montag 31. M\u00e4rz 2025 23:59Nennungsschluss Freitag 11. April 2025 19:00 &#8211; 21:00TeilnehmerankunftT\u00e1bor, LH Hotel Dvo\u0159\u00e1k Samstag 12. April 2025 7:00 &#8211; 9:00TeilnehmerankunftT\u00e1bor, LH Hotel Dvo\u0159\u00e1k 9:30TeilnehmerbriefingT\u00e1bor, LH Hotel Dvo\u0159\u00e1k 10:00Start der Rallye (231 km)T\u00e1bor, Bechy\u0148sk\u00e1 br\u00e1na 11:05Coffee breakVla\u0161im, U Blanick\u00fdch ryt\u00ed\u0159\u016f (Schloss) 12:50Mittagspauze &amp; MittagessenK\u00e1cov, Pivovar Hubertus (Brauerei) 15:05Coffee breakHotel Mon\u00ednec 16:40ZielT\u00e1bor, Bechy\u0148sk\u00e1 br\u00e1na 19:00Siegerehrung [&hellip;]","og_url":"https:\/\/www.springclassic.cz\/program-2025\/","og_site_name":"Spring Classic","article_modified_time":"2025-11-29T23:17:14+00:00","twitter_card":"summary_large_image","twitter_misc":{"Gesch\u00e4tzte Lesezeit":"2\u00a0Minuten"},"schema":{"@context":"https:\/\/schema.org","@graph":[{"@type":"WebPage","@id":"https:\/\/www.springclassic.cz\/program-2025\/","url":"https:\/\/www.springclassic.cz\/program-2025\/","name":"[:cs]Program sout\u011b\u017ee 2025[:de]Programm 2025[:en]Programme 2025[:] - Spring Classic","isPartOf":{"@id":"https:\/\/www.springclassic.cz\/#website"},"datePublished":"2024-11-30T22:29:26+00:00","dateModified":"2025-11-29T23:17:14+00:00","breadcrumb":{"@id":"https:\/\/www.springclassic.cz\/program-2025\/#breadcrumb"},"inLanguage":"de","potentialAction":[{"@type":"ReadAction","target":["https:\/\/www.springclassic.cz\/program-2025\/"]}]},{"@type":"BreadcrumbList","@id":"https:\/\/www.springclassic.cz\/program-2025\/#breadcrumb","itemListElement":[{"@type":"ListItem","position":1,"name":"Dom\u016f","item":"https:\/\/www.springclassic.cz\/"},{"@type":"ListItem","position":2,"name":"Program sout\u011b\u017ee 2025"}]},{"@type":"WebSite","@id":"https:\/\/www.springclassic.cz\/#website","url":"https:\/\/www.springclassic.cz\/","name":"Spring Classic","description":"Spring Classic","potentialAction":[{"@type":"SearchAction","target":{"@type":"EntryPoint","urlTemplate":"https:\/\/www.springclassic.cz\/?s={search_term_string}"},"query-input":{"@type":"PropertyValueSpecification","valueRequired":true,"valueName":"search_term_string"}}],"inLanguage":"de"}]}},"_links":{"self":[{"href":"https:\/\/www.springclassic.cz\/de\/wp-json\/wp\/v2\/pages\/11694","targetHints":{"allow":["GET"]}}],"collection":[{"href":"https:\/\/www.springclassic.cz\/de\/wp-json\/wp\/v2\/pages"}],"about":[{"href":"https:\/\/www.springclassic.cz\/de\/wp-json\/wp\/v2\/types\/page"}],"author":[{"embeddable":true,"href":"https:\/\/www.springclassic.cz\/de\/wp-json\/wp\/v2\/users\/2"}],"replies":[{"embeddable":true,"href":"https:\/\/www.springclassic.cz\/de\/wp-json\/wp\/v2\/comments?post=11694"}],"version-history":[{"count":8,"href":"https:\/\/www.springclassic.cz\/de\/wp-json\/wp\/v2\/pages\/11694\/revisions"}],"predecessor-version":[{"id":12403,"href":"https:\/\/www.springclassic.cz\/de\/wp-json\/wp\/v2\/pages\/11694\/revisions\/12403"}],"wp:attachment":[{"href":"https:\/\/www.springclassic.cz\/de\/wp-json\/wp\/v2\/media?parent=11694"}],"curies":[{"name":"wp","href":"https:\/\/api.w.org\/{rel}","templated":true}]}}