{"id":11660,"date":"2024-04-17T11:09:56","date_gmt":"2024-04-17T10:09:56","guid":{"rendered":"https:\/\/www.springclassic.cz\/?page_id=11660"},"modified":"2024-04-17T11:24:54","modified_gmt":"2024-04-17T10:24:54","slug":"galerie-2024","status":"publish","type":"page","link":"https:\/\/www.springclassic.cz\/de\/galerie-2024\/","title":{"rendered":"V. Spring Classic 2024"},"content":{"rendered":"<p>Autor: <a href=\"https:\/\/www.facebook.com\/Joevysatasportphoto\" target=\"_blank\" rel=\"noreferrer noopener\"><strong>Josef Vy\u0161ata<\/strong><\/a><\/p>\n\n\n\nngg_shortcode_0_placeholder\n\n\n\n<p>Autor: <a href=\"https:\/\/www.facebook.com\/zklimafotograf\" target=\"_blank\" rel=\"noreferrer noopener\"><strong>Zden\u011bk Kl\u00edma<\/strong><\/a><\/p>\n\n\n\nngg_shortcode_1_placeholder\n\n\n\n<p>Ziel | Autor: <strong>Jaroslav Myslive\u010dek<\/strong><\/p>\n\n\n\nngg_shortcode_2_placeholder\n\n\n\n<p>Siegerehrung | Autor: <a href=\"https:\/\/www.facebook.com\/zklimafotograf\" target=\"_blank\" rel=\"noreferrer noopener\"><strong>Zden\u011bk Kl\u00edma<\/strong><\/a><\/p>\n\n\n\nngg_shortcode_3_placeholder","protected":false},"excerpt":{"rendered":"<p>Autor: Josef Vy\u0161ata Autor: Zden\u011bk Kl\u00edma Ziel | Autor: Jaroslav Myslive\u010dek Siegerehrung | Autor: Zden\u011bk Kl\u00edma<\/p>\n","protected":false},"author":2,"featured_media":0,"parent":0,"menu_order":0,"comment_status":"closed","ping_status":"closed","template":"","meta":{"_acf_changed":false,"ngg_post_thumbnail":0,"footnotes":""},"class_list":["post-11660","page","type-page","status-publish","hentry"],"acf":[],"yoast_head":"<!-- This site is optimized with the Yoast SEO plugin v27.4 - https:\/\/yoast.com\/product\/yoast-seo-wordpress\/ -->\n<title>FOTOREPORT: V. Spring Classic 2024<\/title>\n<meta name=\"description\" content=\"Fotogalerie z p\u00e1t\u00e9ho ro\u010dn\u00edku veter\u00e1nsk\u00e9 setinov\u00e9 rallye Spring Classic, kter\u00e1 se uskute\u010dnila v sobotu 13. dubna 2024.\" \/>\n<meta name=\"robots\" content=\"index, follow, max-snippet:-1, max-image-preview:large, max-video-preview:-1\" \/>\n<link rel=\"canonical\" href=\"https:\/\/www.springclassic.cz\/galerie-2024\/\" \/>\n<meta property=\"og:locale\" content=\"de_DE\" \/>\n<meta property=\"og:type\" content=\"article\" \/>\n<meta property=\"og:title\" content=\"FOTOREPORT: V. Spring Classic 2024\" \/>\n<meta property=\"og:description\" content=\"Fotogalerie z p\u00e1t\u00e9ho ro\u010dn\u00edku veter\u00e1nsk\u00e9 setinov\u00e9 rallye Spring Classic, kter\u00e1 se uskute\u010dnila v sobotu 13. dubna 2024.\" \/>\n<meta property=\"og:url\" content=\"https:\/\/www.springclassic.cz\/galerie-2024\/\" \/>\n<meta property=\"og:site_name\" content=\"Spring Classic\" \/>\n<meta property=\"article:modified_time\" content=\"2024-04-17T10:24:54+00:00\" \/>\n<meta property=\"og:image\" content=\"https:\/\/www.springclassic.cz\/wp-content\/uploads\/2024\/04\/sc2024_galerie-scaled.jpg\" \/>\n\t<meta property=\"og:image:width\" content=\"2560\" \/>\n\t<meta property=\"og:image:height\" content=\"1707\" \/>\n\t<meta property=\"og:image:type\" content=\"image\/jpeg\" \/>\n<meta name=\"twitter:card\" content=\"summary_large_image\" \/>\n<meta name=\"twitter:title\" content=\"FOTOREPORT: V. Spring Classic 2024\" \/>\n<meta name=\"twitter:description\" content=\"Fotogalerie z p\u00e1t\u00e9ho ro\u010dn\u00edku veter\u00e1nsk\u00e9 setinov\u00e9 rallye Spring Classic, kter\u00e1 se uskute\u010dnila v sobotu 13. dubna 2024.\" \/>\n<meta name=\"twitter:image\" content=\"https:\/\/www.springclassic.cz\/wp-content\/uploads\/2024\/04\/sc2024_galerie-scaled.jpg\" \/>\n<meta name=\"twitter:label1\" content=\"Gesch\u00e4tzte Lesezeit\" \/>\n\t<meta name=\"twitter:data1\" content=\"1\u00a0Minute\" \/>\n<script type=\"application\/ld+json\" class=\"yoast-schema-graph\">{\"@context\":\"https:\\\/\\\/schema.org\",\"@graph\":[{\"@type\":\"WebPage\",\"@id\":\"https:\\\/\\\/www.springclassic.cz\\\/galerie-2024\\\/\",\"url\":\"https:\\\/\\\/www.springclassic.cz\\\/galerie-2024\\\/\",\"name\":\"FOTOREPORT: V. Spring Classic 2024\",\"isPartOf\":{\"@id\":\"https:\\\/\\\/www.springclassic.cz\\\/#website\"},\"datePublished\":\"2024-04-17T10:09:56+00:00\",\"dateModified\":\"2024-04-17T10:24:54+00:00\",\"description\":\"Fotogalerie z p\u00e1t\u00e9ho ro\u010dn\u00edku veter\u00e1nsk\u00e9 setinov\u00e9 rallye Spring Classic, kter\u00e1 se uskute\u010dnila v sobotu 13. dubna 2024.\",\"breadcrumb\":{\"@id\":\"https:\\\/\\\/www.springclassic.cz\\\/galerie-2024\\\/#breadcrumb\"},\"inLanguage\":\"de\",\"potentialAction\":[{\"@type\":\"ReadAction\",\"target\":[\"https:\\\/\\\/www.springclassic.cz\\\/galerie-2024\\\/\"]}]},{\"@type\":\"BreadcrumbList\",\"@id\":\"https:\\\/\\\/www.springclassic.cz\\\/galerie-2024\\\/#breadcrumb\",\"itemListElement\":[{\"@type\":\"ListItem\",\"position\":1,\"name\":\"Dom\u016f\",\"item\":\"https:\\\/\\\/www.springclassic.cz\\\/\"},{\"@type\":\"ListItem\",\"position\":2,\"name\":\"V. Spring Classic 2024\"}]},{\"@type\":\"WebSite\",\"@id\":\"https:\\\/\\\/www.springclassic.cz\\\/#website\",\"url\":\"https:\\\/\\\/www.springclassic.cz\\\/\",\"name\":\"Spring Classic\",\"description\":\"Spring Classic\",\"potentialAction\":[{\"@type\":\"SearchAction\",\"target\":{\"@type\":\"EntryPoint\",\"urlTemplate\":\"https:\\\/\\\/www.springclassic.cz\\\/?s={search_term_string}\"},\"query-input\":{\"@type\":\"PropertyValueSpecification\",\"valueRequired\":true,\"valueName\":\"search_term_string\"}}],\"inLanguage\":\"de\"}]}<\/script>\n<!-- \/ Yoast SEO plugin. -->","yoast_head_json":{"title":"FOTOREPORT: V. Spring Classic 2024","description":"Fotogalerie z p\u00e1t\u00e9ho ro\u010dn\u00edku veter\u00e1nsk\u00e9 setinov\u00e9 rallye Spring Classic, kter\u00e1 se uskute\u010dnila v sobotu 13. dubna 2024.","robots":{"index":"index","follow":"follow","max-snippet":"max-snippet:-1","max-image-preview":"max-image-preview:large","max-video-preview":"max-video-preview:-1"},"canonical":"https:\/\/www.springclassic.cz\/galerie-2024\/","og_locale":"de_DE","og_type":"article","og_title":"FOTOREPORT: V. Spring Classic 2024","og_description":"Fotogalerie z p\u00e1t\u00e9ho ro\u010dn\u00edku veter\u00e1nsk\u00e9 setinov\u00e9 rallye Spring Classic, kter\u00e1 se uskute\u010dnila v sobotu 13. dubna 2024.","og_url":"https:\/\/www.springclassic.cz\/galerie-2024\/","og_site_name":"Spring Classic","article_modified_time":"2024-04-17T10:24:54+00:00","og_image":[{"width":2560,"height":1707,"url":"https:\/\/www.springclassic.cz\/wp-content\/uploads\/2024\/04\/sc2024_galerie-scaled.jpg","type":"image\/jpeg"}],"twitter_card":"summary_large_image","twitter_title":"FOTOREPORT: V. Spring Classic 2024","twitter_description":"Fotogalerie z p\u00e1t\u00e9ho ro\u010dn\u00edku veter\u00e1nsk\u00e9 setinov\u00e9 rallye Spring Classic, kter\u00e1 se uskute\u010dnila v sobotu 13. dubna 2024.","twitter_image":"https:\/\/www.springclassic.cz\/wp-content\/uploads\/2024\/04\/sc2024_galerie-scaled.jpg","twitter_misc":{"Gesch\u00e4tzte Lesezeit":"1\u00a0Minute"},"schema":{"@context":"https:\/\/schema.org","@graph":[{"@type":"WebPage","@id":"https:\/\/www.springclassic.cz\/galerie-2024\/","url":"https:\/\/www.springclassic.cz\/galerie-2024\/","name":"FOTOREPORT: V. Spring Classic 2024","isPartOf":{"@id":"https:\/\/www.springclassic.cz\/#website"},"datePublished":"2024-04-17T10:09:56+00:00","dateModified":"2024-04-17T10:24:54+00:00","description":"Fotogalerie z p\u00e1t\u00e9ho ro\u010dn\u00edku veter\u00e1nsk\u00e9 setinov\u00e9 rallye Spring Classic, kter\u00e1 se uskute\u010dnila v sobotu 13. dubna 2024.","breadcrumb":{"@id":"https:\/\/www.springclassic.cz\/galerie-2024\/#breadcrumb"},"inLanguage":"de","potentialAction":[{"@type":"ReadAction","target":["https:\/\/www.springclassic.cz\/galerie-2024\/"]}]},{"@type":"BreadcrumbList","@id":"https:\/\/www.springclassic.cz\/galerie-2024\/#breadcrumb","itemListElement":[{"@type":"ListItem","position":1,"name":"Dom\u016f","item":"https:\/\/www.springclassic.cz\/"},{"@type":"ListItem","position":2,"name":"V. Spring Classic 2024"}]},{"@type":"WebSite","@id":"https:\/\/www.springclassic.cz\/#website","url":"https:\/\/www.springclassic.cz\/","name":"Spring Classic","description":"Spring Classic","potentialAction":[{"@type":"SearchAction","target":{"@type":"EntryPoint","urlTemplate":"https:\/\/www.springclassic.cz\/?s={search_term_string}"},"query-input":{"@type":"PropertyValueSpecification","valueRequired":true,"valueName":"search_term_string"}}],"inLanguage":"de"}]}},"_links":{"self":[{"href":"https:\/\/www.springclassic.cz\/de\/wp-json\/wp\/v2\/pages\/11660","targetHints":{"allow":["GET"]}}],"collection":[{"href":"https:\/\/www.springclassic.cz\/de\/wp-json\/wp\/v2\/pages"}],"about":[{"href":"https:\/\/www.springclassic.cz\/de\/wp-json\/wp\/v2\/types\/page"}],"author":[{"embeddable":true,"href":"https:\/\/www.springclassic.cz\/de\/wp-json\/wp\/v2\/users\/2"}],"replies":[{"embeddable":true,"href":"https:\/\/www.springclassic.cz\/de\/wp-json\/wp\/v2\/comments?post=11660"}],"version-history":[{"count":3,"href":"https:\/\/www.springclassic.cz\/de\/wp-json\/wp\/v2\/pages\/11660\/revisions"}],"predecessor-version":[{"id":11664,"href":"https:\/\/www.springclassic.cz\/de\/wp-json\/wp\/v2\/pages\/11660\/revisions\/11664"}],"wp:attachment":[{"href":"https:\/\/www.springclassic.cz\/de\/wp-json\/wp\/v2\/media?parent=11660"}],"curies":[{"name":"wp","href":"https:\/\/api.w.org\/{rel}","templated":true}]}}