{"id":11018,"date":"2024-04-04T12:03:49","date_gmt":"2024-04-04T11:03:49","guid":{"rendered":"https:\/\/www.springclassic.cz\/?page_id=11018"},"modified":"2025-03-29T22:09:28","modified_gmt":"2025-03-29T21:09:28","slug":"trasa-2024","status":"publish","type":"page","link":"https:\/\/www.springclassic.cz\/de\/trasa-2024\/","title":{"rendered":"Rallye-Route 2024"},"content":{"rendered":"<p><\/p>\n\n\n\n<h3 class=\"wp-block-heading\">V. Spring Classic (227 km)<\/h3>\n\n\n\n<p><strong>Samstag 13. April 2024<\/strong><\/p>\n\n\n\n<p>10:00 Jind\u0159ich\u016fv Hradec, Hauptplatz &#8211; START<br>10:07 Jind\u0159ich\u016fv Hradec, AR SERVIS &#8211; TEST<br>10:11 Doln\u00ed Skr\u00fdchov<br>10:14 Doln\u00ed Radou\u0148<br>10:18 Kosteln\u00ed Radou\u0148<br>10:22 Okrouhl\u00e1 Radou\u0148 &#8211; Horn\u00ed Radou\u0148 &#8211; TEST<br>10:44 Sv\u011btce<br>10:49 Mnich<br>10:56 Vlkosovice<br>11:01 Dobe\u0161ov<br>11:04 \u010cernovice, Schloss &#8211; TEST<br>11:10 \u010cernovice, Caf\u00e9 Bud\u00edk &#8211; COFFEE BREAK &#8211; 20 Minuten<br>11:35 V\u011b\u017en\u00e1<br>11:40 E\u0161<br>11:46 Pacov, Hauptplatz &#8211; TEST<br>11:51 Hr\u00e1dek<br>11:54 Velk\u00e1 Chy\u0161ka<br>11:56 Lesn\u00e1<br>11:58 Babice<br>12:00 Bu\u0159enice<br>12:03 Kramol\u00edn<br>12:05 Bla\u017enov<br>12:06 K\u0159e\u0161\u00edn<br>12:15 Ko\u0161etice<br>12:19 On\u0161ov<br>12:22 T\u011b\u0161kovice<br>12:27 Syrov<br>12:30 Seno\u017eaty<br>12:35 Milet\u00edn<br>12:37 Lhotka<br>12:40 Ji\u0159ice<br>12:45 Humpolec, Rodinn\u00fd pivovar Bernard (Brauerei) &#8211; MITTAGESSEN &#8211; 50 Minuten<br>13:41 Hn\u011bvkovice<br>13:50 Sedlice<br>13:55 \u017deliv<br>14:03 \u010cerven\u00e1 \u0158e\u010dice<br>14:12 Pelh\u0159imov, Hauptplatz &#8211; TEST<br>14:23 Libkova Voda<br>14:27 Vl\u00e1senice-Drbohlavy<br>14:29 Dr\u00e1\u017e\u010fany<br>14:32 \u010castrov<br>14:36 Ctibo\u0159<br>14:42 Po\u010d\u00e1tky, Hauptplatz &#8211; TEST<br>14:48 \u017dirovnice<br>14:54 Met\u00e1nov<br>14:56 \u010castrov<br>15:00 Pelec<br>15:03 Antonka<br>15:05 Kamenice nad Lipou, Pivovar Kamenice (Brauerei) &#8211; COFFEE BREAK &#8211; 20 Minuten<br>15:28 Kamenice nad Lipou, Verkehrsspielplatz &#8211; TEST<br>15:34 Rodinov<br>15:38 Strann\u00e1<br>15:43 \u017dirovnice, Schloss &#8211; TEST<br>15:51 Popel\u00edn<br>15:56 \u010cesk\u00e1 Ole\u0161n\u00e1<br>16:01 Strmilov<br>16:06 Budkov<br>16:09 St\u0159\u00ed\u017eovice<br>16:11 Vl\u010dice<br>16:13 Mal\u00fd Ratm\u00edrov<br>16:17 Bla\u017eejov<br>16:23 Ot\u00edn<br>16:30 Jind\u0159ich\u016fv Hradec, Hauptplatz &#8211; ZIEL<\/p>\n\n\n\n<p><\/p>","protected":false},"excerpt":{"rendered":"<p>V. Spring Classic (227 km) Samstag 13. April 2024 10:00 Jind\u0159ich\u016fv Hradec, Hauptplatz &#8211; START10:07 Jind\u0159ich\u016fv Hradec, AR SERVIS &#8211; TEST10:11 Doln\u00ed Skr\u00fdchov10:14 Doln\u00ed Radou\u014810:18 Kosteln\u00ed Radou\u014810:22 Okrouhl\u00e1 Radou\u0148 &#8211; Horn\u00ed Radou\u0148 &#8211; TEST10:44 Sv\u011btce10:49 Mnich10:56 Vlkosovice11:01 Dobe\u0161ov11:04 \u010cernovice, Schloss &#8211; TEST11:10 \u010cernovice, Caf\u00e9 Bud\u00edk &#8211; COFFEE BREAK &#8211; 20 Minuten11:35 V\u011b\u017en\u00e111:40 E\u016111:46 Pacov, Hauptplatz [&hellip;]<\/p>\n","protected":false},"author":2,"featured_media":0,"parent":0,"menu_order":0,"comment_status":"closed","ping_status":"closed","template":"","meta":{"_acf_changed":false,"ngg_post_thumbnail":0,"footnotes":""},"class_list":["post-11018","page","type-page","status-publish","hentry"],"acf":[],"yoast_head":"<!-- This site is optimized with the Yoast SEO plugin v27.5 - https:\/\/yoast.com\/product\/yoast-seo-wordpress\/ -->\n<title>V. Spring Classic | 13. 4. 2024 | Trasa sout\u011b\u017ee<\/title>\n<meta name=\"description\" content=\"Trasa \u00favodn\u00edho podniku seri\u00e1lu Classic Challenge 2024 zavede pos\u00e1dky z Jind\u0159ichova Hradce p\u0159es Vyso\u010dinu do Pelh\u0159imova \u010di Humpolce.\" \/>\n<meta name=\"robots\" content=\"index, follow, max-snippet:-1, max-image-preview:large, max-video-preview:-1\" \/>\n<link rel=\"canonical\" href=\"https:\/\/www.springclassic.cz\/trasa-2024\/\" \/>\n<meta property=\"og:locale\" content=\"de_DE\" \/>\n<meta property=\"og:type\" content=\"article\" \/>\n<meta property=\"og:title\" content=\"V. Spring Classic | 13. 4. 2024 | Trasa sout\u011b\u017ee\" \/>\n<meta property=\"og:description\" content=\"Trasa \u00favodn\u00edho podniku seri\u00e1lu Classic Challenge 2024 zavede pos\u00e1dky z Jind\u0159ichova Hradce p\u0159es Vyso\u010dinu do Pelh\u0159imova \u010di Humpolce.\" \/>\n<meta property=\"og:url\" content=\"https:\/\/www.springclassic.cz\/trasa-2024\/\" \/>\n<meta property=\"og:site_name\" content=\"Spring Classic\" \/>\n<meta property=\"article:modified_time\" content=\"2025-03-29T21:09:28+00:00\" \/>\n<meta property=\"og:image\" content=\"https:\/\/www.springclassic.cz\/wp-content\/uploads\/2024\/04\/sc2024_trasa-scaled.jpg\" \/>\n\t<meta property=\"og:image:width\" content=\"2560\" \/>\n\t<meta property=\"og:image:height\" content=\"1706\" \/>\n\t<meta property=\"og:image:type\" content=\"image\/jpeg\" \/>\n<meta name=\"twitter:card\" content=\"summary_large_image\" \/>\n<meta name=\"twitter:title\" content=\"V. Spring Classic | 13. 4. 2024 | Trasa sout\u011b\u017ee\" \/>\n<meta name=\"twitter:description\" content=\"Trasa \u00favodn\u00edho podniku seri\u00e1lu Classic Challenge 2024 zavede pos\u00e1dky z Jind\u0159ichova Hradce p\u0159es Vyso\u010dinu do Pelh\u0159imova \u010di Humpolce.\" \/>\n<meta name=\"twitter:image\" content=\"https:\/\/www.springclassic.cz\/wp-content\/uploads\/2024\/04\/sc2024_trasa-scaled.jpg\" \/>\n<meta name=\"twitter:label1\" content=\"Gesch\u00e4tzte Lesezeit\" \/>\n\t<meta name=\"twitter:data1\" content=\"4\u00a0Minuten\" \/>\n<script type=\"application\/ld+json\" class=\"yoast-schema-graph\">{\"@context\":\"https:\\\/\\\/schema.org\",\"@graph\":[{\"@type\":\"WebPage\",\"@id\":\"https:\\\/\\\/www.springclassic.cz\\\/trasa-2024\\\/\",\"url\":\"https:\\\/\\\/www.springclassic.cz\\\/trasa-2024\\\/\",\"name\":\"V. Spring Classic | 13. 4. 2024 | Trasa sout\u011b\u017ee\",\"isPartOf\":{\"@id\":\"https:\\\/\\\/www.springclassic.cz\\\/#website\"},\"datePublished\":\"2024-04-04T11:03:49+00:00\",\"dateModified\":\"2025-03-29T21:09:28+00:00\",\"description\":\"Trasa \u00favodn\u00edho podniku seri\u00e1lu Classic Challenge 2024 zavede pos\u00e1dky z Jind\u0159ichova Hradce p\u0159es Vyso\u010dinu do Pelh\u0159imova \u010di Humpolce.\",\"breadcrumb\":{\"@id\":\"https:\\\/\\\/www.springclassic.cz\\\/trasa-2024\\\/#breadcrumb\"},\"inLanguage\":\"de\",\"potentialAction\":[{\"@type\":\"ReadAction\",\"target\":[\"https:\\\/\\\/www.springclassic.cz\\\/trasa-2024\\\/\"]}]},{\"@type\":\"BreadcrumbList\",\"@id\":\"https:\\\/\\\/www.springclassic.cz\\\/trasa-2024\\\/#breadcrumb\",\"itemListElement\":[{\"@type\":\"ListItem\",\"position\":1,\"name\":\"Dom\u016f\",\"item\":\"https:\\\/\\\/www.springclassic.cz\\\/\"},{\"@type\":\"ListItem\",\"position\":2,\"name\":\"Trasa sout\u011b\u017ee 2024\"}]},{\"@type\":\"WebSite\",\"@id\":\"https:\\\/\\\/www.springclassic.cz\\\/#website\",\"url\":\"https:\\\/\\\/www.springclassic.cz\\\/\",\"name\":\"Spring Classic\",\"description\":\"Spring Classic\",\"potentialAction\":[{\"@type\":\"SearchAction\",\"target\":{\"@type\":\"EntryPoint\",\"urlTemplate\":\"https:\\\/\\\/www.springclassic.cz\\\/?s={search_term_string}\"},\"query-input\":{\"@type\":\"PropertyValueSpecification\",\"valueRequired\":true,\"valueName\":\"search_term_string\"}}],\"inLanguage\":\"de\"}]}<\/script>\n<!-- \/ Yoast SEO plugin. -->","yoast_head_json":{"title":"V. Spring Classic | 13. 4. 2024 | Trasa sout\u011b\u017ee","description":"Trasa \u00favodn\u00edho podniku seri\u00e1lu Classic Challenge 2024 zavede pos\u00e1dky z Jind\u0159ichova Hradce p\u0159es Vyso\u010dinu do Pelh\u0159imova \u010di Humpolce.","robots":{"index":"index","follow":"follow","max-snippet":"max-snippet:-1","max-image-preview":"max-image-preview:large","max-video-preview":"max-video-preview:-1"},"canonical":"https:\/\/www.springclassic.cz\/trasa-2024\/","og_locale":"de_DE","og_type":"article","og_title":"V. Spring Classic | 13. 4. 2024 | Trasa sout\u011b\u017ee","og_description":"Trasa \u00favodn\u00edho podniku seri\u00e1lu Classic Challenge 2024 zavede pos\u00e1dky z Jind\u0159ichova Hradce p\u0159es Vyso\u010dinu do Pelh\u0159imova \u010di Humpolce.","og_url":"https:\/\/www.springclassic.cz\/trasa-2024\/","og_site_name":"Spring Classic","article_modified_time":"2025-03-29T21:09:28+00:00","og_image":[{"width":2560,"height":1706,"url":"https:\/\/www.springclassic.cz\/wp-content\/uploads\/2024\/04\/sc2024_trasa-scaled.jpg","type":"image\/jpeg"}],"twitter_card":"summary_large_image","twitter_title":"V. Spring Classic | 13. 4. 2024 | Trasa sout\u011b\u017ee","twitter_description":"Trasa \u00favodn\u00edho podniku seri\u00e1lu Classic Challenge 2024 zavede pos\u00e1dky z Jind\u0159ichova Hradce p\u0159es Vyso\u010dinu do Pelh\u0159imova \u010di Humpolce.","twitter_image":"https:\/\/www.springclassic.cz\/wp-content\/uploads\/2024\/04\/sc2024_trasa-scaled.jpg","twitter_misc":{"Gesch\u00e4tzte Lesezeit":"4\u00a0Minuten"},"schema":{"@context":"https:\/\/schema.org","@graph":[{"@type":"WebPage","@id":"https:\/\/www.springclassic.cz\/trasa-2024\/","url":"https:\/\/www.springclassic.cz\/trasa-2024\/","name":"V. Spring Classic | 13. 4. 2024 | Trasa sout\u011b\u017ee","isPartOf":{"@id":"https:\/\/www.springclassic.cz\/#website"},"datePublished":"2024-04-04T11:03:49+00:00","dateModified":"2025-03-29T21:09:28+00:00","description":"Trasa \u00favodn\u00edho podniku seri\u00e1lu Classic Challenge 2024 zavede pos\u00e1dky z Jind\u0159ichova Hradce p\u0159es Vyso\u010dinu do Pelh\u0159imova \u010di Humpolce.","breadcrumb":{"@id":"https:\/\/www.springclassic.cz\/trasa-2024\/#breadcrumb"},"inLanguage":"de","potentialAction":[{"@type":"ReadAction","target":["https:\/\/www.springclassic.cz\/trasa-2024\/"]}]},{"@type":"BreadcrumbList","@id":"https:\/\/www.springclassic.cz\/trasa-2024\/#breadcrumb","itemListElement":[{"@type":"ListItem","position":1,"name":"Dom\u016f","item":"https:\/\/www.springclassic.cz\/"},{"@type":"ListItem","position":2,"name":"Trasa sout\u011b\u017ee 2024"}]},{"@type":"WebSite","@id":"https:\/\/www.springclassic.cz\/#website","url":"https:\/\/www.springclassic.cz\/","name":"Spring Classic","description":"Spring Classic","potentialAction":[{"@type":"SearchAction","target":{"@type":"EntryPoint","urlTemplate":"https:\/\/www.springclassic.cz\/?s={search_term_string}"},"query-input":{"@type":"PropertyValueSpecification","valueRequired":true,"valueName":"search_term_string"}}],"inLanguage":"de"}]}},"_links":{"self":[{"href":"https:\/\/www.springclassic.cz\/de\/wp-json\/wp\/v2\/pages\/11018","targetHints":{"allow":["GET"]}}],"collection":[{"href":"https:\/\/www.springclassic.cz\/de\/wp-json\/wp\/v2\/pages"}],"about":[{"href":"https:\/\/www.springclassic.cz\/de\/wp-json\/wp\/v2\/types\/page"}],"author":[{"embeddable":true,"href":"https:\/\/www.springclassic.cz\/de\/wp-json\/wp\/v2\/users\/2"}],"replies":[{"embeddable":true,"href":"https:\/\/www.springclassic.cz\/de\/wp-json\/wp\/v2\/comments?post=11018"}],"version-history":[{"count":5,"href":"https:\/\/www.springclassic.cz\/de\/wp-json\/wp\/v2\/pages\/11018\/revisions"}],"predecessor-version":[{"id":11744,"href":"https:\/\/www.springclassic.cz\/de\/wp-json\/wp\/v2\/pages\/11018\/revisions\/11744"}],"wp:attachment":[{"href":"https:\/\/www.springclassic.cz\/de\/wp-json\/wp\/v2\/media?parent=11018"}],"curies":[{"name":"wp","href":"https:\/\/api.w.org\/{rel}","templated":true}]}}