{"id":10222,"date":"2022-04-26T16:18:24","date_gmt":"2022-04-26T15:18:24","guid":{"rendered":"https:\/\/www.springclassic.cz\/?page_id=10222"},"modified":"2022-11-15T10:42:15","modified_gmt":"2022-11-15T09:42:15","slug":"galerie-2022","status":"publish","type":"page","link":"https:\/\/www.springclassic.cz\/de\/galerie-2022\/","title":{"rendered":"III. Spring Classic 2022"},"content":{"rendered":"<p>Autor: <a href=\"https:\/\/www.facebook.com\/fotoskrivanek\" target=\"_blank\" rel=\"noreferrer noopener\"><strong>Petr Sk\u0159iv\u00e1nek<\/strong><\/a><\/p>\n\n\n\nngg_shortcode_0_placeholder\n\n\n\n<p>Autor: <a href=\"https:\/\/www.facebook.com\/zdenek.klima.1\" target=\"_blank\" rel=\"noreferrer noopener\"><strong>Zden\u011bk Kl\u00edma<\/strong><\/a><\/p>\n\n\n\nngg_shortcode_1_placeholder","protected":false},"excerpt":{"rendered":"<p>Autor: Petr Sk\u0159iv\u00e1nek Autor: Zden\u011bk Kl\u00edma<\/p>\n","protected":false},"author":2,"featured_media":0,"parent":0,"menu_order":0,"comment_status":"closed","ping_status":"closed","template":"","meta":{"_acf_changed":false,"ngg_post_thumbnail":0,"footnotes":""},"class_list":["post-10222","page","type-page","status-publish","hentry"],"acf":[],"yoast_head":"<!-- This site is optimized with the Yoast SEO plugin v27.5 - https:\/\/yoast.com\/product\/yoast-seo-wordpress\/ -->\n<title>III. Spring Classic 2022 - Spring Classic<\/title>\n<meta name=\"robots\" content=\"index, follow, max-snippet:-1, max-image-preview:large, max-video-preview:-1\" \/>\n<link rel=\"canonical\" href=\"https:\/\/www.springclassic.cz\/galerie-2022\/\" \/>\n<meta property=\"og:locale\" content=\"de_DE\" \/>\n<meta property=\"og:type\" content=\"article\" \/>\n<meta property=\"og:title\" content=\"III. Spring Classic 2022 - Spring Classic\" \/>\n<meta property=\"og:description\" content=\"Autor: Petr Sk\u0159iv\u00e1nek Autor: Zden\u011bk Kl\u00edma\" \/>\n<meta property=\"og:url\" content=\"https:\/\/www.springclassic.cz\/galerie-2022\/\" \/>\n<meta property=\"og:site_name\" content=\"Spring Classic\" \/>\n<meta property=\"article:modified_time\" content=\"2022-11-15T09:42:15+00:00\" \/>\n<meta name=\"twitter:card\" content=\"summary_large_image\" \/>\n<meta name=\"twitter:label1\" content=\"Gesch\u00e4tzte Lesezeit\" \/>\n\t<meta name=\"twitter:data1\" content=\"1\u00a0Minute\" \/>\n<script type=\"application\/ld+json\" class=\"yoast-schema-graph\">{\"@context\":\"https:\\\/\\\/schema.org\",\"@graph\":[{\"@type\":\"WebPage\",\"@id\":\"https:\\\/\\\/www.springclassic.cz\\\/galerie-2022\\\/\",\"url\":\"https:\\\/\\\/www.springclassic.cz\\\/galerie-2022\\\/\",\"name\":\"III. Spring Classic 2022 - Spring Classic\",\"isPartOf\":{\"@id\":\"https:\\\/\\\/www.springclassic.cz\\\/#website\"},\"datePublished\":\"2022-04-26T15:18:24+00:00\",\"dateModified\":\"2022-11-15T09:42:15+00:00\",\"breadcrumb\":{\"@id\":\"https:\\\/\\\/www.springclassic.cz\\\/galerie-2022\\\/#breadcrumb\"},\"inLanguage\":\"de\",\"potentialAction\":[{\"@type\":\"ReadAction\",\"target\":[\"https:\\\/\\\/www.springclassic.cz\\\/galerie-2022\\\/\"]}]},{\"@type\":\"BreadcrumbList\",\"@id\":\"https:\\\/\\\/www.springclassic.cz\\\/galerie-2022\\\/#breadcrumb\",\"itemListElement\":[{\"@type\":\"ListItem\",\"position\":1,\"name\":\"Dom\u016f\",\"item\":\"https:\\\/\\\/www.springclassic.cz\\\/\"},{\"@type\":\"ListItem\",\"position\":2,\"name\":\"III. Spring Classic 2022\"}]},{\"@type\":\"WebSite\",\"@id\":\"https:\\\/\\\/www.springclassic.cz\\\/#website\",\"url\":\"https:\\\/\\\/www.springclassic.cz\\\/\",\"name\":\"Spring Classic\",\"description\":\"Spring Classic\",\"potentialAction\":[{\"@type\":\"SearchAction\",\"target\":{\"@type\":\"EntryPoint\",\"urlTemplate\":\"https:\\\/\\\/www.springclassic.cz\\\/?s={search_term_string}\"},\"query-input\":{\"@type\":\"PropertyValueSpecification\",\"valueRequired\":true,\"valueName\":\"search_term_string\"}}],\"inLanguage\":\"de\"}]}<\/script>\n<!-- \/ Yoast SEO plugin. -->","yoast_head_json":{"title":"III. Spring Classic 2022 - Spring Classic","robots":{"index":"index","follow":"follow","max-snippet":"max-snippet:-1","max-image-preview":"max-image-preview:large","max-video-preview":"max-video-preview:-1"},"canonical":"https:\/\/www.springclassic.cz\/galerie-2022\/","og_locale":"de_DE","og_type":"article","og_title":"III. Spring Classic 2022 - Spring Classic","og_description":"Autor: Petr Sk\u0159iv\u00e1nek Autor: Zden\u011bk Kl\u00edma","og_url":"https:\/\/www.springclassic.cz\/galerie-2022\/","og_site_name":"Spring Classic","article_modified_time":"2022-11-15T09:42:15+00:00","twitter_card":"summary_large_image","twitter_misc":{"Gesch\u00e4tzte Lesezeit":"1\u00a0Minute"},"schema":{"@context":"https:\/\/schema.org","@graph":[{"@type":"WebPage","@id":"https:\/\/www.springclassic.cz\/galerie-2022\/","url":"https:\/\/www.springclassic.cz\/galerie-2022\/","name":"III. Spring Classic 2022 - Spring Classic","isPartOf":{"@id":"https:\/\/www.springclassic.cz\/#website"},"datePublished":"2022-04-26T15:18:24+00:00","dateModified":"2022-11-15T09:42:15+00:00","breadcrumb":{"@id":"https:\/\/www.springclassic.cz\/galerie-2022\/#breadcrumb"},"inLanguage":"de","potentialAction":[{"@type":"ReadAction","target":["https:\/\/www.springclassic.cz\/galerie-2022\/"]}]},{"@type":"BreadcrumbList","@id":"https:\/\/www.springclassic.cz\/galerie-2022\/#breadcrumb","itemListElement":[{"@type":"ListItem","position":1,"name":"Dom\u016f","item":"https:\/\/www.springclassic.cz\/"},{"@type":"ListItem","position":2,"name":"III. Spring Classic 2022"}]},{"@type":"WebSite","@id":"https:\/\/www.springclassic.cz\/#website","url":"https:\/\/www.springclassic.cz\/","name":"Spring Classic","description":"Spring Classic","potentialAction":[{"@type":"SearchAction","target":{"@type":"EntryPoint","urlTemplate":"https:\/\/www.springclassic.cz\/?s={search_term_string}"},"query-input":{"@type":"PropertyValueSpecification","valueRequired":true,"valueName":"search_term_string"}}],"inLanguage":"de"}]}},"_links":{"self":[{"href":"https:\/\/www.springclassic.cz\/de\/wp-json\/wp\/v2\/pages\/10222","targetHints":{"allow":["GET"]}}],"collection":[{"href":"https:\/\/www.springclassic.cz\/de\/wp-json\/wp\/v2\/pages"}],"about":[{"href":"https:\/\/www.springclassic.cz\/de\/wp-json\/wp\/v2\/types\/page"}],"author":[{"embeddable":true,"href":"https:\/\/www.springclassic.cz\/de\/wp-json\/wp\/v2\/users\/2"}],"replies":[{"embeddable":true,"href":"https:\/\/www.springclassic.cz\/de\/wp-json\/wp\/v2\/comments?post=10222"}],"version-history":[{"count":6,"href":"https:\/\/www.springclassic.cz\/de\/wp-json\/wp\/v2\/pages\/10222\/revisions"}],"predecessor-version":[{"id":10437,"href":"https:\/\/www.springclassic.cz\/de\/wp-json\/wp\/v2\/pages\/10222\/revisions\/10437"}],"wp:attachment":[{"href":"https:\/\/www.springclassic.cz\/de\/wp-json\/wp\/v2\/media?parent=10222"}],"curies":[{"name":"wp","href":"https:\/\/api.w.org\/{rel}","templated":true}]}}