{"id":10082,"date":"2022-04-17T08:55:53","date_gmt":"2022-04-17T07:55:53","guid":{"rendered":"https:\/\/www.springclassic.cz\/?page_id=10082"},"modified":"2022-04-24T20:38:05","modified_gmt":"2022-04-24T19:38:05","slug":"vysledky-2022","status":"publish","type":"page","link":"https:\/\/www.springclassic.cz\/de\/vysledky-2022\/","title":{"rendered":"Ergebnisse III. Spring Classic 2022"},"content":{"rendered":"<ul class=\"wp-block-list\"><li>RT 1 API CZ &#8211; <a href=\"https:\/\/www.springclassic.cz\/wp-content\/uploads\/2022\/04\/iii-spring-classic-2022_RT1_classic_20220423-192713.pdf\" target=\"_blank\" rel=\"noreferrer noopener\"><strong><span style=\"text-decoration: underline;\">Classic<\/span><\/strong><\/a>\u00a0| <a href=\"https:\/\/www.springclassic.cz\/wp-content\/uploads\/2022\/04\/iii-spring-classic-2022_RT1_exclusive_20220423-192815.pdf\" target=\"_blank\" rel=\"noreferrer noopener\"><strong><span style=\"text-decoration: underline;\">Exclusive<\/span><\/strong><\/a><\/li><li>RT 2 Klub P\u00e1n\u016f z Pono\u017ekovic &#8211; <a href=\"https:\/\/www.springclassic.cz\/wp-content\/uploads\/2022\/04\/iii-spring-classic-2022_RT2_classic_20220423-192720.pdf\" target=\"_blank\" rel=\"noreferrer noopener\"><strong><span style=\"text-decoration: underline;\">Classic<\/span><\/strong><\/a>\u00a0| <a href=\"https:\/\/www.springclassic.cz\/wp-content\/uploads\/2022\/04\/iii-spring-classic-2022_RT2_exclusive_20220423-192823.pdf\" target=\"_blank\" rel=\"noreferrer noopener\"><strong><span style=\"text-decoration: underline;\">Exclusive<\/span><\/strong><\/a><\/li><li>ST Auto Veteran Kaleidoskop &#8211; <a href=\"https:\/\/www.springclassic.cz\/wp-content\/uploads\/2022\/04\/iii-spring-classic-2022_ST_classic_20220423-192725.pdf\" target=\"_blank\" rel=\"noreferrer noopener\"><strong><span style=\"text-decoration: underline;\">Classic<\/span><\/strong><\/a>\u00a0| <strong><a href=\"https:\/\/www.springclassic.cz\/wp-content\/uploads\/2022\/04\/iii-spring-classic-2022_ST_exclusive_20220423-192830.pdf\" target=\"_blank\" rel=\"noreferrer noopener\"><span style=\"text-decoration: underline;\">Exclusive<\/span><\/a><\/strong><\/li><li>RT 3 DA\u0147HEL AGRO &#8211; <a href=\"https:\/\/www.springclassic.cz\/wp-content\/uploads\/2022\/04\/iii-spring-classic-2022_RT3_classic_20220423-192731.pdf\" target=\"_blank\" rel=\"noreferrer noopener\"><strong><span style=\"text-decoration: underline;\">Classic<\/span><\/strong><\/a>\u00a0| <strong><span style=\"text-decoration: underline;\"><a href=\"https:\/\/www.springclassic.cz\/wp-content\/uploads\/2022\/04\/iii-spring-classic-2022_RT3_exclusive_20220423-192837.pdf\" target=\"_blank\" rel=\"noreferrer noopener\">Exclusive<\/a><\/span><span style=\"text-decoration: underline;\"><\/span><\/strong><\/li><li>RT 4 SM produkt &#8211; <a href=\"https:\/\/www.springclassic.cz\/wp-content\/uploads\/2022\/04\/iii-spring-classic-2022_RT4_classic_20220423-192737.pdf\" target=\"_blank\" rel=\"noreferrer noopener\"><strong><span style=\"text-decoration: underline;\">Classic<\/span><\/strong><\/a>\u00a0| <a href=\"https:\/\/www.springclassic.cz\/wp-content\/uploads\/2022\/04\/iii-spring-classic-2022_RT4_exclusive_20220423-192842.pdf\" target=\"_blank\" rel=\"noreferrer noopener\"><strong><span style=\"text-decoration: underline;\">Exclusive<\/span><\/strong><\/a><\/li><li>RT 5 Baron Hildprandt &#8211; <a href=\"https:\/\/www.springclassic.cz\/wp-content\/uploads\/2022\/04\/iii-spring-classic-2022_RT5_classic_20220423-192744.pdf\" target=\"_blank\" rel=\"noreferrer noopener\"><strong><span style=\"text-decoration: underline;\">Classic<\/span><\/strong><\/a>\u00a0| <a href=\"https:\/\/www.springclassic.cz\/wp-content\/uploads\/2022\/04\/iii-spring-classic-2022_RT5_exclusive_20220423-192847.pdf\" target=\"_blank\" rel=\"noreferrer noopener\"><strong><span style=\"text-decoration: underline;\">Exclusive<\/span><\/strong><\/a><\/li><li>RT 6 Virarosi &#8211; <a href=\"https:\/\/www.springclassic.cz\/wp-content\/uploads\/2022\/04\/iii-spring-classic-2022_RT6_classic_20220423-192752.pdf\" target=\"_blank\" rel=\"noreferrer noopener\"><strong><span style=\"text-decoration: underline;\">Classic<\/span><\/strong><\/a>\u00a0| <a href=\"https:\/\/www.springclassic.cz\/wp-content\/uploads\/2022\/04\/iii-spring-classic-2022_RT6_exclusive_20220423-192856.pdf\" target=\"_blank\" rel=\"noreferrer noopener\"><strong><span style=\"text-decoration: underline;\">Exclusive<\/span><\/strong><\/a><\/li><li>RT 7 BO MOTOR-OIL &#8211; <a href=\"https:\/\/www.springclassic.cz\/wp-content\/uploads\/2022\/04\/iii-spring-classic-2022_RT7_classic_20220423-192758.pdf\" target=\"_blank\" rel=\"noreferrer noopener\"><strong><span style=\"text-decoration: underline;\">Classic<\/span><\/strong><\/a>\u00a0| <a href=\"https:\/\/www.springclassic.cz\/wp-content\/uploads\/2022\/04\/iii-spring-classic-2022_RT7_exclusive_20220423-192905.pdf\" target=\"_blank\" rel=\"noreferrer noopener\"><strong><span style=\"text-decoration: underline;\">Exclusive<\/span><\/strong><\/a><\/li><li>RT 8 Muzeum Janeck\u00fd Chotoviny &#8211; <a href=\"https:\/\/www.springclassic.cz\/wp-content\/uploads\/2022\/04\/iii-spring-classic-2022_RT8_classic_20220423-192805.pdf\" target=\"_blank\" rel=\"noreferrer noopener\"><strong><span style=\"text-decoration: underline;\">Classic<\/span><\/strong><\/a>\u00a0| <a href=\"https:\/\/www.springclassic.cz\/wp-content\/uploads\/2022\/04\/iii-spring-classic-2022_RT8_exclusive_20220423-192912.pdf\" target=\"_blank\" rel=\"noreferrer noopener\"><strong><span style=\"text-decoration: underline;\">Exclusive<\/span><\/strong><\/a><\/li><\/ul>\n\n\n\n<p><a href=\"https:\/\/www.springclassic.cz\/wp-content\/uploads\/2022\/04\/iii-spring-classic-2022_penalties_20220423-193020.pdf\" target=\"_blank\" rel=\"noreferrer noopener\"><strong><span style=\"text-decoration: underline;\">P\u00f6nalisierung<\/span><\/strong><\/a><\/p>\n\n\n\n<p>Ergebnisse \u2013 <strong><span style=\"text-decoration: underline;\"><a href=\"https:\/\/www.springclassic.cz\/wp-content\/uploads\/2022\/04\/iii-spring-classic-2022_final_classic_20220423-192925.pdf\" target=\"_blank\" rel=\"noreferrer noopener\">Classic<\/a><\/span><\/strong>&nbsp;| <strong><span style=\"text-decoration: underline;\"><a href=\"https:\/\/www.springclassic.cz\/wp-content\/uploads\/2022\/04\/iii-spring-classic-2022_final_exclusive_20220423-192939.pdf\" target=\"_blank\" rel=\"noreferrer noopener\">Exclusive<\/a><\/span><\/strong> | <strong><span style=\"text-decoration: underline;\"><a href=\"https:\/\/www.springclassic.cz\/wp-content\/uploads\/2022\/04\/iii-spring-classic-2022_final_mechanicke-stopky_20220423-192959.pdf\" target=\"_blank\" rel=\"noreferrer noopener\">Mechanische Stopuhr<\/a><\/span><\/strong>&nbsp;| <strong><span style=\"text-decoration: underline;\"><a href=\"https:\/\/www.springclassic.cz\/wp-content\/uploads\/2022\/04\/iii-spring-classic-2022_final_damsky-pohar_20220423-192932.pdf\" target=\"_blank\" rel=\"noreferrer noopener\">Damenpokal<\/a><\/span><\/strong> | <a href=\"https:\/\/www.springclassic.cz\/wp-content\/uploads\/2022\/04\/iii-spring-classic-2022_final_rodinny-pohar_20220423-193008.pdf\" target=\"_blank\" rel=\"noreferrer noopener\"><strong><span style=\"text-decoration: underline;\">Familienpokal<\/span><\/strong><\/a> | <a href=\"https:\/\/www.springclassic.cz\/wp-content\/uploads\/2022\/04\/iii-spring-classic-2022_team_cup_20220423-193012.pdf\" target=\"_blank\" rel=\"noreferrer noopener\"><strong><span style=\"text-decoration: underline;\">Teampokal<\/span><\/strong><\/a><\/p>\n\n\n\n<p><\/p>","protected":false},"excerpt":{"rendered":"<p>RT 1 API CZ &#8211; Classic\u00a0| Exclusive RT 2 Klub P\u00e1n\u016f z Pono\u017ekovic &#8211; Classic\u00a0| Exclusive ST Auto Veteran Kaleidoskop &#8211; Classic\u00a0| Exclusive RT 3 DA\u0147HEL AGRO &#8211; Classic\u00a0| Exclusive RT 4 SM produkt &#8211; Classic\u00a0| Exclusive RT 5 Baron Hildprandt &#8211; Classic\u00a0| Exclusive RT 6 Virarosi &#8211; Classic\u00a0| Exclusive RT 7 BO MOTOR-OIL &#8211; [&hellip;]<\/p>\n","protected":false},"author":2,"featured_media":0,"parent":0,"menu_order":0,"comment_status":"closed","ping_status":"closed","template":"","meta":{"_acf_changed":false,"ngg_post_thumbnail":0,"footnotes":""},"class_list":["post-10082","page","type-page","status-publish","hentry"],"acf":[],"yoast_head":"<!-- This site is optimized with the Yoast SEO plugin v27.5 - https:\/\/yoast.com\/product\/yoast-seo-wordpress\/ -->\n<title>V\u00fdsledky III. Spring Classic 2022<\/title>\n<meta name=\"description\" content=\"V\u00fdsledkov\u00fd servis z \u00favodn\u00edho podniku \u00daAMK Classic Challenge 2022.\" \/>\n<meta name=\"robots\" content=\"index, follow, max-snippet:-1, max-image-preview:large, max-video-preview:-1\" \/>\n<link rel=\"canonical\" href=\"https:\/\/www.springclassic.cz\/vysledky-2022\/\" \/>\n<meta property=\"og:locale\" content=\"de_DE\" \/>\n<meta property=\"og:type\" content=\"article\" \/>\n<meta property=\"og:title\" content=\"V\u00fdsledky III. Spring Classic 2022\" \/>\n<meta property=\"og:description\" content=\"V\u00fdsledkov\u00fd servis z \u00favodn\u00edho podniku \u00daAMK Classic Challenge 2022.\" \/>\n<meta property=\"og:url\" content=\"https:\/\/www.springclassic.cz\/vysledky-2022\/\" \/>\n<meta property=\"og:site_name\" content=\"Spring Classic\" \/>\n<meta property=\"article:modified_time\" content=\"2022-04-24T19:38:05+00:00\" \/>\n<meta property=\"og:image\" content=\"https:\/\/www.springclassic.cz\/wp-content\/uploads\/2022\/04\/SpringClassic_2021-VYHLASENI-3-scaled.jpg\" \/>\n\t<meta property=\"og:image:width\" content=\"2560\" \/>\n\t<meta property=\"og:image:height\" content=\"1709\" \/>\n\t<meta property=\"og:image:type\" content=\"image\/jpeg\" \/>\n<meta name=\"twitter:card\" content=\"summary_large_image\" \/>\n<meta name=\"twitter:title\" content=\"V\u00fdsledky III. Spring Classic 2022\" \/>\n<meta name=\"twitter:description\" content=\"V\u00fdsledkov\u00fd servis z \u00favodn\u00edho podniku \u00daAMK Classic Challenge 2022.\" \/>\n<meta name=\"twitter:label1\" content=\"Gesch\u00e4tzte Lesezeit\" \/>\n\t<meta name=\"twitter:data1\" content=\"1\u00a0Minute\" \/>\n<script type=\"application\/ld+json\" class=\"yoast-schema-graph\">{\"@context\":\"https:\\\/\\\/schema.org\",\"@graph\":[{\"@type\":\"WebPage\",\"@id\":\"https:\\\/\\\/www.springclassic.cz\\\/vysledky-2022\\\/\",\"url\":\"https:\\\/\\\/www.springclassic.cz\\\/vysledky-2022\\\/\",\"name\":\"V\u00fdsledky III. Spring Classic 2022\",\"isPartOf\":{\"@id\":\"https:\\\/\\\/www.springclassic.cz\\\/#website\"},\"datePublished\":\"2022-04-17T07:55:53+00:00\",\"dateModified\":\"2022-04-24T19:38:05+00:00\",\"description\":\"V\u00fdsledkov\u00fd servis z \u00favodn\u00edho podniku \u00daAMK Classic Challenge 2022.\",\"breadcrumb\":{\"@id\":\"https:\\\/\\\/www.springclassic.cz\\\/vysledky-2022\\\/#breadcrumb\"},\"inLanguage\":\"de\",\"potentialAction\":[{\"@type\":\"ReadAction\",\"target\":[\"https:\\\/\\\/www.springclassic.cz\\\/vysledky-2022\\\/\"]}]},{\"@type\":\"BreadcrumbList\",\"@id\":\"https:\\\/\\\/www.springclassic.cz\\\/vysledky-2022\\\/#breadcrumb\",\"itemListElement\":[{\"@type\":\"ListItem\",\"position\":1,\"name\":\"Dom\u016f\",\"item\":\"https:\\\/\\\/www.springclassic.cz\\\/\"},{\"@type\":\"ListItem\",\"position\":2,\"name\":\"V\u00fdsledky III. Spring Classic 2022\"}]},{\"@type\":\"WebSite\",\"@id\":\"https:\\\/\\\/www.springclassic.cz\\\/#website\",\"url\":\"https:\\\/\\\/www.springclassic.cz\\\/\",\"name\":\"Spring Classic\",\"description\":\"Spring Classic\",\"potentialAction\":[{\"@type\":\"SearchAction\",\"target\":{\"@type\":\"EntryPoint\",\"urlTemplate\":\"https:\\\/\\\/www.springclassic.cz\\\/?s={search_term_string}\"},\"query-input\":{\"@type\":\"PropertyValueSpecification\",\"valueRequired\":true,\"valueName\":\"search_term_string\"}}],\"inLanguage\":\"de\"}]}<\/script>\n<!-- \/ Yoast SEO plugin. -->","yoast_head_json":{"title":"V\u00fdsledky III. Spring Classic 2022","description":"V\u00fdsledkov\u00fd servis z \u00favodn\u00edho podniku \u00daAMK Classic Challenge 2022.","robots":{"index":"index","follow":"follow","max-snippet":"max-snippet:-1","max-image-preview":"max-image-preview:large","max-video-preview":"max-video-preview:-1"},"canonical":"https:\/\/www.springclassic.cz\/vysledky-2022\/","og_locale":"de_DE","og_type":"article","og_title":"V\u00fdsledky III. Spring Classic 2022","og_description":"V\u00fdsledkov\u00fd servis z \u00favodn\u00edho podniku \u00daAMK Classic Challenge 2022.","og_url":"https:\/\/www.springclassic.cz\/vysledky-2022\/","og_site_name":"Spring Classic","article_modified_time":"2022-04-24T19:38:05+00:00","og_image":[{"width":2560,"height":1709,"url":"https:\/\/www.springclassic.cz\/wp-content\/uploads\/2022\/04\/SpringClassic_2021-VYHLASENI-3-scaled.jpg","type":"image\/jpeg"}],"twitter_card":"summary_large_image","twitter_title":"V\u00fdsledky III. Spring Classic 2022","twitter_description":"V\u00fdsledkov\u00fd servis z \u00favodn\u00edho podniku \u00daAMK Classic Challenge 2022.","twitter_misc":{"Gesch\u00e4tzte Lesezeit":"1\u00a0Minute"},"schema":{"@context":"https:\/\/schema.org","@graph":[{"@type":"WebPage","@id":"https:\/\/www.springclassic.cz\/vysledky-2022\/","url":"https:\/\/www.springclassic.cz\/vysledky-2022\/","name":"V\u00fdsledky III. Spring Classic 2022","isPartOf":{"@id":"https:\/\/www.springclassic.cz\/#website"},"datePublished":"2022-04-17T07:55:53+00:00","dateModified":"2022-04-24T19:38:05+00:00","description":"V\u00fdsledkov\u00fd servis z \u00favodn\u00edho podniku \u00daAMK Classic Challenge 2022.","breadcrumb":{"@id":"https:\/\/www.springclassic.cz\/vysledky-2022\/#breadcrumb"},"inLanguage":"de","potentialAction":[{"@type":"ReadAction","target":["https:\/\/www.springclassic.cz\/vysledky-2022\/"]}]},{"@type":"BreadcrumbList","@id":"https:\/\/www.springclassic.cz\/vysledky-2022\/#breadcrumb","itemListElement":[{"@type":"ListItem","position":1,"name":"Dom\u016f","item":"https:\/\/www.springclassic.cz\/"},{"@type":"ListItem","position":2,"name":"V\u00fdsledky III. Spring Classic 2022"}]},{"@type":"WebSite","@id":"https:\/\/www.springclassic.cz\/#website","url":"https:\/\/www.springclassic.cz\/","name":"Spring Classic","description":"Spring Classic","potentialAction":[{"@type":"SearchAction","target":{"@type":"EntryPoint","urlTemplate":"https:\/\/www.springclassic.cz\/?s={search_term_string}"},"query-input":{"@type":"PropertyValueSpecification","valueRequired":true,"valueName":"search_term_string"}}],"inLanguage":"de"}]}},"_links":{"self":[{"href":"https:\/\/www.springclassic.cz\/de\/wp-json\/wp\/v2\/pages\/10082","targetHints":{"allow":["GET"]}}],"collection":[{"href":"https:\/\/www.springclassic.cz\/de\/wp-json\/wp\/v2\/pages"}],"about":[{"href":"https:\/\/www.springclassic.cz\/de\/wp-json\/wp\/v2\/types\/page"}],"author":[{"embeddable":true,"href":"https:\/\/www.springclassic.cz\/de\/wp-json\/wp\/v2\/users\/2"}],"replies":[{"embeddable":true,"href":"https:\/\/www.springclassic.cz\/de\/wp-json\/wp\/v2\/comments?post=10082"}],"version-history":[{"count":30,"href":"https:\/\/www.springclassic.cz\/de\/wp-json\/wp\/v2\/pages\/10082\/revisions"}],"predecessor-version":[{"id":10214,"href":"https:\/\/www.springclassic.cz\/de\/wp-json\/wp\/v2\/pages\/10082\/revisions\/10214"}],"wp:attachment":[{"href":"https:\/\/www.springclassic.cz\/de\/wp-json\/wp\/v2\/media?parent=10082"}],"curies":[{"name":"wp","href":"https:\/\/api.w.org\/{rel}","templated":true}]}}