{"id":10030,"date":"2022-04-03T19:07:52","date_gmt":"2022-04-03T18:07:52","guid":{"rendered":"https:\/\/www.springclassic.cz\/?page_id=10030"},"modified":"2023-04-10T09:02:11","modified_gmt":"2023-04-10T08:02:11","slug":"trasa-2022","status":"publish","type":"page","link":"https:\/\/www.springclassic.cz\/de\/trasa-2022\/","title":{"rendered":"Rallye-Route 2022"},"content":{"rendered":"<p><\/p>\n\n\n\n<h3 class=\"wp-block-heading\">III. Spring Classic (236 km)<\/h3>\n\n\n\n<p><strong>Samstag 23. April 2022<\/strong><\/p>\n\n\n\n<p>10:00  T\u00e1bor, Hauptplatz &#8211; START<br>10:08  Slapy, API CZ &#8211; TEST<br>10:14  Mal\u0161ice<br>10:20  Dob\u0159ejice<br>10:27  St\u00e1dlec<br>10:30  K\u0159\u00edda<br>10:32  Star\u00e9 Sedlo<br>10:37  Seno\u017eaty<br>10:48  Bechyn\u011b, Rathaus &#8211; TEST<br>10:54  Hvo\u017e\u010fany<br>10:59  Dra\u017e\u00ed\u010d<br>11:00  Chr\u00e1\u0161\u0165any<br>11:02  Kolom\u011b\u0159ice<br>11:06  Kolod\u011bje nad Lu\u017enic\u00ed<br>10:08  Cihelny<br>11:13  T\u00fdn nad Vltavou, Anlegeplatz &#8211; TEST<br>11:22  Nezna\u0161ov<br>11:29  Albrechtice nad Vltavou<br>11:34  Paseky<br>11:37  T\u00e1l\u00edn<br>11:45  Semice<br>11:57  P\u00edsek, Karlova Stra\u00dfe &#8211; TEST<br>12:12  Z\u00e1tav\u00ed<br>12:14  Kest\u0159any<br>12:19  Dobev<br>12:25  Kbelnice, Gasthaus &#8211; 45 Minuten<br>13:14  Osek<br>13:18  Radomy\u0161l<br>13:21  Leskovice<br>13:23  Chr\u00e1\u0161\u0165ovice<br>13:27  T\u0159ebohostice<br>13:31  Doubravice<br>13:34  La\u017eany<br>13:36  \u010cekanice<br>13:40  Ma\u010dkov<br>13:45  Blatn\u00e1, Schloss &#8211; TEST<br>13:50  Pa\u0161tiky<br>13:54  Chobot<br>13:56  St\u0159\u00ed\u017eovice<br>13:58  Vahlovice<br>14:00  My\u0161tice<br>14:03  Svobodka<br>14:06  Poho\u0159\u00ed<br>14:10  Rakovice<br>14:12  \u010cimelice<br>14:17  Lazi\u0161t\u011b<br>14:19  Probulov<br>14:21  Orl\u00edk<br>14:31  Radv\u00e1nov<br>14:32  Zlu\u010d\u00edn<br>14:36  P\u0159edbo\u0159ice<br>14:39  Zahr\u00e1dka<br>14:42  Krchov<br>14:45  Petrovice, Hauptplatz &#8211; 20 Minuten<br>15:06  Petrovice &#8211; TEST<br>15:10  Kojet\u00edn<br>15:15  Hn\u011bvanice<br>15:16  Brani\u0161ovice<br>15:18  Ratibo\u0159<br>15:22  Chy\u0161ky<br>15:24  Noset\u00edn<br>15:32  Su\u0161etice<br>15:35  Sedlec-Pr\u010dice<br>15:39  Jet\u0159ichovice \/ Cunkov &#8211; TEST<br>15:45  Alenina Lhota<br>15:47  Chlum<br>15:50  Jistebnice<br>16:03  \u0158evnov<br>16:09  Chotoviny, Museum Janeck\u00fd &#8211; TEST<br>16:13  Vr\u00e1\u017en\u00e1<br>16:30  T\u00e1bor, Hauptplatz &#8211; ZIEL<\/p>\n\n\n\n<p><\/p>","protected":false},"excerpt":{"rendered":"<p>III. Spring Classic (236 km) Samstag 23. April 2022 10:00 T\u00e1bor, Hauptplatz &#8211; START10:08 Slapy, API CZ &#8211; TEST10:14 Mal\u0161ice10:20 Dob\u0159ejice10:27 St\u00e1dlec10:30 K\u0159\u00edda10:32 Star\u00e9 Sedlo10:37 Seno\u017eaty10:48 Bechyn\u011b, Rathaus &#8211; TEST10:54 Hvo\u017e\u010fany10:59 Dra\u017e\u00ed\u010d11:00 Chr\u00e1\u0161\u0165any11:02 Kolom\u011b\u0159ice11:06 Kolod\u011bje nad Lu\u017enic\u00ed10:08 Cihelny11:13 T\u00fdn nad Vltavou, Anlegeplatz &#8211; TEST11:22 Nezna\u0161ov11:29 Albrechtice nad Vltavou11:34 Paseky11:37 T\u00e1l\u00edn11:45 Semice11:57 P\u00edsek, Karlova Stra\u00dfe &#8211; [&hellip;]<\/p>\n","protected":false},"author":2,"featured_media":0,"parent":0,"menu_order":0,"comment_status":"closed","ping_status":"closed","template":"","meta":{"_acf_changed":false,"ngg_post_thumbnail":0,"footnotes":""},"class_list":["post-10030","page","type-page","status-publish","hentry"],"acf":[],"yoast_head":"<!-- This site is optimized with the Yoast SEO plugin v27.4 - https:\/\/yoast.com\/product\/yoast-seo-wordpress\/ -->\n<title>Trasa III. Spring Classic 2022<\/title>\n<meta name=\"description\" content=\"P\u0159ehled m\u011bst a obc\u00ed na trase sout\u011b\u017ee v\u010detn\u011b p\u0159edpokl\u00e1dan\u00e9ho \u010dasu pr\u016fjezdu 1. vozidla.\" \/>\n<meta name=\"robots\" content=\"index, follow, max-snippet:-1, max-image-preview:large, max-video-preview:-1\" \/>\n<link rel=\"canonical\" href=\"https:\/\/www.springclassic.cz\/trasa-2022\/\" \/>\n<meta property=\"og:locale\" content=\"de_DE\" \/>\n<meta property=\"og:type\" content=\"article\" \/>\n<meta property=\"og:title\" content=\"Trasa III. Spring Classic 2022\" \/>\n<meta property=\"og:description\" content=\"Kudy se 23. dubna pojede?\" \/>\n<meta property=\"og:url\" content=\"https:\/\/www.springclassic.cz\/trasa-2022\/\" \/>\n<meta property=\"og:site_name\" content=\"Spring Classic\" \/>\n<meta property=\"article:modified_time\" content=\"2023-04-10T08:02:11+00:00\" \/>\n<meta property=\"og:image\" content=\"https:\/\/www.springclassic.cz\/wp-content\/uploads\/2022\/04\/sc2022_pismo.png\" \/>\n\t<meta property=\"og:image:width\" content=\"2339\" \/>\n\t<meta property=\"og:image:height\" content=\"1654\" \/>\n\t<meta property=\"og:image:type\" content=\"image\/png\" \/>\n<meta name=\"twitter:card\" content=\"summary_large_image\" \/>\n<meta name=\"twitter:label1\" content=\"Gesch\u00e4tzte Lesezeit\" \/>\n\t<meta name=\"twitter:data1\" content=\"4\u00a0Minuten\" \/>\n<script type=\"application\/ld+json\" class=\"yoast-schema-graph\">{\"@context\":\"https:\\\/\\\/schema.org\",\"@graph\":[{\"@type\":\"WebPage\",\"@id\":\"https:\\\/\\\/www.springclassic.cz\\\/trasa-2022\\\/\",\"url\":\"https:\\\/\\\/www.springclassic.cz\\\/trasa-2022\\\/\",\"name\":\"Trasa III. Spring Classic 2022\",\"isPartOf\":{\"@id\":\"https:\\\/\\\/www.springclassic.cz\\\/#website\"},\"datePublished\":\"2022-04-03T18:07:52+00:00\",\"dateModified\":\"2023-04-10T08:02:11+00:00\",\"description\":\"P\u0159ehled m\u011bst a obc\u00ed na trase sout\u011b\u017ee v\u010detn\u011b p\u0159edpokl\u00e1dan\u00e9ho \u010dasu pr\u016fjezdu 1. vozidla.\",\"breadcrumb\":{\"@id\":\"https:\\\/\\\/www.springclassic.cz\\\/trasa-2022\\\/#breadcrumb\"},\"inLanguage\":\"de\",\"potentialAction\":[{\"@type\":\"ReadAction\",\"target\":[\"https:\\\/\\\/www.springclassic.cz\\\/trasa-2022\\\/\"]}]},{\"@type\":\"BreadcrumbList\",\"@id\":\"https:\\\/\\\/www.springclassic.cz\\\/trasa-2022\\\/#breadcrumb\",\"itemListElement\":[{\"@type\":\"ListItem\",\"position\":1,\"name\":\"Dom\u016f\",\"item\":\"https:\\\/\\\/www.springclassic.cz\\\/\"},{\"@type\":\"ListItem\",\"position\":2,\"name\":\"Trasa sout\u011b\u017ee 2022\"}]},{\"@type\":\"WebSite\",\"@id\":\"https:\\\/\\\/www.springclassic.cz\\\/#website\",\"url\":\"https:\\\/\\\/www.springclassic.cz\\\/\",\"name\":\"Spring Classic\",\"description\":\"Spring Classic\",\"potentialAction\":[{\"@type\":\"SearchAction\",\"target\":{\"@type\":\"EntryPoint\",\"urlTemplate\":\"https:\\\/\\\/www.springclassic.cz\\\/?s={search_term_string}\"},\"query-input\":{\"@type\":\"PropertyValueSpecification\",\"valueRequired\":true,\"valueName\":\"search_term_string\"}}],\"inLanguage\":\"de\"}]}<\/script>\n<!-- \/ Yoast SEO plugin. -->","yoast_head_json":{"title":"Trasa III. Spring Classic 2022","description":"P\u0159ehled m\u011bst a obc\u00ed na trase sout\u011b\u017ee v\u010detn\u011b p\u0159edpokl\u00e1dan\u00e9ho \u010dasu pr\u016fjezdu 1. vozidla.","robots":{"index":"index","follow":"follow","max-snippet":"max-snippet:-1","max-image-preview":"max-image-preview:large","max-video-preview":"max-video-preview:-1"},"canonical":"https:\/\/www.springclassic.cz\/trasa-2022\/","og_locale":"de_DE","og_type":"article","og_title":"Trasa III. Spring Classic 2022","og_description":"Kudy se 23. dubna pojede?","og_url":"https:\/\/www.springclassic.cz\/trasa-2022\/","og_site_name":"Spring Classic","article_modified_time":"2023-04-10T08:02:11+00:00","og_image":[{"width":2339,"height":1654,"url":"https:\/\/www.springclassic.cz\/wp-content\/uploads\/2022\/04\/sc2022_pismo.png","type":"image\/png"}],"twitter_card":"summary_large_image","twitter_misc":{"Gesch\u00e4tzte Lesezeit":"4\u00a0Minuten"},"schema":{"@context":"https:\/\/schema.org","@graph":[{"@type":"WebPage","@id":"https:\/\/www.springclassic.cz\/trasa-2022\/","url":"https:\/\/www.springclassic.cz\/trasa-2022\/","name":"Trasa III. Spring Classic 2022","isPartOf":{"@id":"https:\/\/www.springclassic.cz\/#website"},"datePublished":"2022-04-03T18:07:52+00:00","dateModified":"2023-04-10T08:02:11+00:00","description":"P\u0159ehled m\u011bst a obc\u00ed na trase sout\u011b\u017ee v\u010detn\u011b p\u0159edpokl\u00e1dan\u00e9ho \u010dasu pr\u016fjezdu 1. vozidla.","breadcrumb":{"@id":"https:\/\/www.springclassic.cz\/trasa-2022\/#breadcrumb"},"inLanguage":"de","potentialAction":[{"@type":"ReadAction","target":["https:\/\/www.springclassic.cz\/trasa-2022\/"]}]},{"@type":"BreadcrumbList","@id":"https:\/\/www.springclassic.cz\/trasa-2022\/#breadcrumb","itemListElement":[{"@type":"ListItem","position":1,"name":"Dom\u016f","item":"https:\/\/www.springclassic.cz\/"},{"@type":"ListItem","position":2,"name":"Trasa sout\u011b\u017ee 2022"}]},{"@type":"WebSite","@id":"https:\/\/www.springclassic.cz\/#website","url":"https:\/\/www.springclassic.cz\/","name":"Spring Classic","description":"Spring Classic","potentialAction":[{"@type":"SearchAction","target":{"@type":"EntryPoint","urlTemplate":"https:\/\/www.springclassic.cz\/?s={search_term_string}"},"query-input":{"@type":"PropertyValueSpecification","valueRequired":true,"valueName":"search_term_string"}}],"inLanguage":"de"}]}},"_links":{"self":[{"href":"https:\/\/www.springclassic.cz\/de\/wp-json\/wp\/v2\/pages\/10030","targetHints":{"allow":["GET"]}}],"collection":[{"href":"https:\/\/www.springclassic.cz\/de\/wp-json\/wp\/v2\/pages"}],"about":[{"href":"https:\/\/www.springclassic.cz\/de\/wp-json\/wp\/v2\/types\/page"}],"author":[{"embeddable":true,"href":"https:\/\/www.springclassic.cz\/de\/wp-json\/wp\/v2\/users\/2"}],"replies":[{"embeddable":true,"href":"https:\/\/www.springclassic.cz\/de\/wp-json\/wp\/v2\/comments?post=10030"}],"version-history":[{"count":7,"href":"https:\/\/www.springclassic.cz\/de\/wp-json\/wp\/v2\/pages\/10030\/revisions"}],"predecessor-version":[{"id":10519,"href":"https:\/\/www.springclassic.cz\/de\/wp-json\/wp\/v2\/pages\/10030\/revisions\/10519"}],"wp:attachment":[{"href":"https:\/\/www.springclassic.cz\/de\/wp-json\/wp\/v2\/media?parent=10030"}],"curies":[{"name":"wp","href":"https:\/\/api.w.org\/{rel}","templated":true}]}}